{"id":31096,"date":"2000-04-13T00:00:00","date_gmt":"2000-04-12T23:00:00","guid":{"rendered":"http:\/\/www.grappa.no\/no\/albums\/ukategorisert\/haydn-piano-trios-w-flute\/"},"modified":"2019-02-22T15:52:47","modified_gmt":"2019-02-22T14:52:47","slug":"haydn-piano-trios-w-flute","status":"publish","type":"product","link":"https:\/\/grappa.no\/no\/albums\/simax-classics\/haydn-piano-trios-w-flute\/","title":{"rendered":"Haydn: Piano Trios w\/ Flute"},"content":{"rendered":"<p><\/p>\n<p>Husmusikk<\/p>\n<p>Den engelske musikkforleggeren John Bland publiserte Haydns tre trioer for piano, fl\u00f8yte og cello i 1790 som deler av hans serie Le tour Ensemble. De fremviser den alltid oppfinnsomme komponisten arbeidende i kontrastene dannet mellom den vittige og n\u00e6rmest kvikke f\u00f8rste presentasjonen av hans temaer og deres senere transformasjon til det mer elegiske inspirert av den tilsl\u00f8rede klangen til tverrfl\u00f8yten.<\/p>\n<p>Musica Domestica er et internasjonalt ensemble som spesialiserer seg i 1700-talls og tidlig 1800-talls musikk fremf\u00f8rt p\u00e5 periodeinstrumenter. Navnet p\u00e5 gruppen betyr \u201dhusmusikk\u201d, og reflekterer praksisen med \u00e5 fremf\u00f8re kammermusikk n\u00e6rmest utelukkende i private hjem i denne perioden. Denne innspillingen ble gjort ved det vakre Finchcocks Museum, p\u00e5 et piano laget av John Broadwood and Son (1801).<\/p>\n<p><!--more--><\/p>\n<h4><\/h4>\n<\/p>\n<h4><\/h4>\n<p><h4><\/h4>\n<\/p>\n<p><\/p>","protected":false},"excerpt":{"rendered":"<p>Musica Domestica er et internasjonalt ensemble som spesialiserer seg i 1700-talls og tidlig 1800-talls musikk fremf\u00f8rt p\u00e5 periodeinstrumenter.<\/p>\n","protected":false},"featured_media":31173,"comment_status":"closed","ping_status":"open","template":"","meta":[],"product_brand":[],"product_cat":[180],"product_tag":[],"class_list":{"0":"post-31096","1":"product","2":"type-product","3":"status-publish","4":"has-post-thumbnail","6":"product_cat-simax-classics","7":"product_shipping_class-cddvd-shipping","8":"uni_artist_tag-arne-peter-rognan","9":"uni_artist_tag-brenda-blewett","10":"uni_artist_tag-joseph-haydn","11":"uni_artist_tag-musica-domestica","12":"uni_main_artist_tag-musica-domestica","13":"uni_artist_genre-chamber-music","14":"uni_artist_genre-early-music","16":"first","17":"instock","18":"taxable","19":"shipping-taxable","20":"purchasable","21":"product-type-simple"},"_links":{"self":[{"href":"https:\/\/grappa.no\/no\/wp-json\/wp\/v2\/product\/31096","targetHints":{"allow":["GET"]}}],"collection":[{"href":"https:\/\/grappa.no\/no\/wp-json\/wp\/v2\/product"}],"about":[{"href":"https:\/\/grappa.no\/no\/wp-json\/wp\/v2\/types\/product"}],"replies":[{"embeddable":true,"href":"https:\/\/grappa.no\/no\/wp-json\/wp\/v2\/comments?post=31096"}],"wp:featuredmedia":[{"embeddable":true,"href":"https:\/\/grappa.no\/no\/wp-json\/wp\/v2\/media\/31173"}],"wp:attachment":[{"href":"https:\/\/grappa.no\/no\/wp-json\/wp\/v2\/media?parent=31096"}],"wp:term":[{"taxonomy":"product_brand","embeddable":true,"href":"https:\/\/grappa.no\/no\/wp-json\/wp\/v2\/product_brand?post=31096"},{"taxonomy":"product_cat","embeddable":true,"href":"https:\/\/grappa.no\/no\/wp-json\/wp\/v2\/product_cat?post=31096"},{"taxonomy":"product_tag","embeddable":true,"href":"https:\/\/grappa.no\/no\/wp-json\/wp\/v2\/product_tag?post=31096"}],"curies":[{"name":"wp","href":"https:\/\/api.w.org\/{rel}","templated":true}]}}