{"id":31092,"date":"1997-05-29T00:00:00","date_gmt":"1997-05-28T23:00:00","guid":{"rendered":"http:\/\/www.grappa.no\/no\/albums\/ukategorisert\/harald-saeverud-orchestral-music-vol-1\/"},"modified":"2024-04-09T15:03:00","modified_gmt":"2024-04-09T14:03:00","slug":"harald-saeverud-orchestral-music-vol-1","status":"publish","type":"product","link":"https:\/\/grappa.no\/no\/albums\/simax-classics\/harald-saeverud-orchestral-music-vol-1\/","title":{"rendered":"Harald S\u00e6verud Orchestral Music vol 1"},"content":{"rendered":"<p><\/p>\n<p>Norges mest s\u00e6rpregede komponist<\/p>\n<p>Harald S\u00e6verud regnes av mange som den mest s\u00e6rpregede komponist i Norge i dette \u00e5rhundret, som Sir John Barbirolli har uttalt: \u201dEnten du liker eller misliker S\u00e6veruds musikk, s\u00e5 er det ingen tvil om hvem som har skrevet den, og det er ikke ofte tilfelle med mange av dagens tonekunstnere.\u201d P\u00e5 dette 2-CD-albumet, som er det f\u00f8rste i en serie av to, f\u00e5r vi presentert en rekke av S\u00e6veruds orkesterverker, fremf\u00f8rt av Bergen Filharmoniske Orkester under ledelse av dirigent Dmitri Kitajenko. Her f\u00e5r vi alt i fra det symfoniske mesterverket som er S\u00e6veruds femte symfoni og den voldsomt ekspressive sjette symfonien, til det lyriske, n\u00e6rmest pastorale verket \u201dCanto Ostinato\u201d og den neste mystiske \u201dRondo amoroso\u201d.<\/p>\n<p><!--more--><\/p>\n<h4><\/h4>\n<\/p>\n<h4><\/h4>\n<p><h4><\/h4>\n<\/p>\n<p><\/p>","protected":false},"excerpt":{"rendered":"<p>\u2013 Enten du liker eller misliker S\u00e6veruds musikk, s\u00e5 er det ingen tvil om hvem som har skrevet den, og det er ikke ofte tilfelle med mange av dagens tonekunstnere. [Sir John Barbirolli]<\/p>\n","protected":false},"featured_media":31172,"comment_status":"closed","ping_status":"closed","template":"","meta":[],"product_brand":[],"product_cat":[180],"product_tag":[],"class_list":{"0":"post-31092","1":"product","2":"type-product","3":"status-publish","4":"has-post-thumbnail","6":"product_cat-simax-classics","7":"product_shipping_class-cddvd-shipping","8":"uni_artist_tag-bergen-philharmonic-orchestra","9":"uni_artist_tag-dmitri-kitajenko","10":"uni_artist_tag-harald-saeverud","11":"uni_artist_tag-james-mallinson","12":"uni_main_artist_tag-bergen-philharmonic-orchestra","13":"uni_artist_genre-orchestral","15":"first","16":"outofstock","17":"taxable","18":"shipping-taxable","19":"purchasable","20":"product-type-simple"},"_links":{"self":[{"href":"https:\/\/grappa.no\/no\/wp-json\/wp\/v2\/product\/31092","targetHints":{"allow":["GET"]}}],"collection":[{"href":"https:\/\/grappa.no\/no\/wp-json\/wp\/v2\/product"}],"about":[{"href":"https:\/\/grappa.no\/no\/wp-json\/wp\/v2\/types\/product"}],"replies":[{"embeddable":true,"href":"https:\/\/grappa.no\/no\/wp-json\/wp\/v2\/comments?post=31092"}],"wp:featuredmedia":[{"embeddable":true,"href":"https:\/\/grappa.no\/no\/wp-json\/wp\/v2\/media\/31172"}],"wp:attachment":[{"href":"https:\/\/grappa.no\/no\/wp-json\/wp\/v2\/media?parent=31092"}],"wp:term":[{"taxonomy":"product_brand","embeddable":true,"href":"https:\/\/grappa.no\/no\/wp-json\/wp\/v2\/product_brand?post=31092"},{"taxonomy":"product_cat","embeddable":true,"href":"https:\/\/grappa.no\/no\/wp-json\/wp\/v2\/product_cat?post=31092"},{"taxonomy":"product_tag","embeddable":true,"href":"https:\/\/grappa.no\/no\/wp-json\/wp\/v2\/product_tag?post=31092"}],"curies":[{"name":"wp","href":"https:\/\/api.w.org\/{rel}","templated":true}]}}