{"id":31091,"date":"1997-06-26T00:00:00","date_gmt":"1997-06-25T23:00:00","guid":{"rendered":"http:\/\/www.grappa.no\/no\/albums\/ukategorisert\/spelet-om-heilag-olav\/"},"modified":"2019-02-22T15:52:36","modified_gmt":"2019-02-22T14:52:36","slug":"spelet-om-heilag-olav","status":"publish","type":"product","link":"https:\/\/grappa.no\/no\/albums\/simax-classics\/spelet-om-heilag-olav\/","title":{"rendered":"Spelet om Heilag Olav"},"content":{"rendered":"<p><\/p>\n<p>Spelet om Heilag Olav<\/p>\n<p>I mer enn f\u00f8rti \u00e5r har \u201dSpelet om Heilag Olav\u201d fenglset publikum p\u00e5 Stiklestad. Teaterstykket skildrer brytningstiden rundt slaget p\u00e5 Stiklestad i 1030 \u2013 en hendelse som regnes som den viktigste i forbindelse med innf\u00f8ringen av kristendommen i Norge. Det var her Olav Digre ble gjort til helgen. N\u00e5r tusenvis av publikummere benker seg ned i amfiet foran Norges st\u00f8rste friluftsscene, er det spenning i lufta. Og n\u00e5r Paul Okkenhaugs musikk toner ut etter en fremf\u00f8ring av \u201dSpelet om Heilag Olav\u201d er det f\u00e5 som er uber\u00f8rte av den spesielle stemningen. <\/p>\n<p>P\u00e5 dette albumet fremf\u00f8rer Trondheim Symfoniorkester, kor og solister, under ledelse av dirigent Ole Kristian Ruud, Paul Okkenhaugs musikk og Olav Gullv\u00e5gs tekst til \u201dSpelet om Heilag Olav\u201d. \u201dJeg \u00f8nsker at Okkehaugs musikk skal komme ut til et st\u00f8rre publikum,\u201d forteller Ole Kristian Ruud. I arbeidet med denne innspillingen har han tatt i bruk fullt symoniorkester for \u00e5 yte full rettferdighet til komponistens arbeid.<\/p>\n<p><!--more--><\/p>\n<h4><\/h4>\n<\/p>\n<h4><\/h4>\n<p><h4><\/h4>\n<\/p>\n<p><\/p>","protected":false},"excerpt":{"rendered":"<p>I mer enn f\u00f8rti \u00e5r har teaterstykket \u201dSpelet om Heilag Olav\u201d fenglset publikum p\u00e5 Stiklestad. P\u00e5 dette albumet fremf\u00f8rer Trondheim Symfoniorkester, kor og solister, under ledelse av dirigent Ole Kristian Ruud, musikken til \u201dSpelet om Heilag Olav\u201d.<\/p>\n","protected":false},"featured_media":31095,"comment_status":"closed","ping_status":"open","template":"","meta":[],"product_brand":[],"product_cat":[180],"product_tag":[],"class_list":{"0":"post-31091","1":"product","2":"type-product","3":"status-publish","4":"has-post-thumbnail","6":"product_cat-simax-classics","7":"product_shipping_class-cddvd-shipping","8":"uni_artist_tag-jorn-pedersen","9":"uni_artist_tag-linda-ovrebo","10":"uni_artist_tag-ole-kristian-ruud","11":"uni_artist_tag-paul-okkenhaug","12":"uni_artist_tag-trondheim-symphony-orchestra","13":"uni_main_artist_tag-trondheim-symphony-orchestra","14":"uni_artist_genre-norwegian","15":"uni_artist_genre-orchestral","17":"first","18":"instock","19":"taxable","20":"shipping-taxable","21":"purchasable","22":"product-type-simple"},"_links":{"self":[{"href":"https:\/\/grappa.no\/no\/wp-json\/wp\/v2\/product\/31091","targetHints":{"allow":["GET"]}}],"collection":[{"href":"https:\/\/grappa.no\/no\/wp-json\/wp\/v2\/product"}],"about":[{"href":"https:\/\/grappa.no\/no\/wp-json\/wp\/v2\/types\/product"}],"replies":[{"embeddable":true,"href":"https:\/\/grappa.no\/no\/wp-json\/wp\/v2\/comments?post=31091"}],"wp:featuredmedia":[{"embeddable":true,"href":"https:\/\/grappa.no\/no\/wp-json\/wp\/v2\/media\/31095"}],"wp:attachment":[{"href":"https:\/\/grappa.no\/no\/wp-json\/wp\/v2\/media?parent=31091"}],"wp:term":[{"taxonomy":"product_brand","embeddable":true,"href":"https:\/\/grappa.no\/no\/wp-json\/wp\/v2\/product_brand?post=31091"},{"taxonomy":"product_cat","embeddable":true,"href":"https:\/\/grappa.no\/no\/wp-json\/wp\/v2\/product_cat?post=31091"},{"taxonomy":"product_tag","embeddable":true,"href":"https:\/\/grappa.no\/no\/wp-json\/wp\/v2\/product_tag?post=31091"}],"curies":[{"name":"wp","href":"https:\/\/api.w.org\/{rel}","templated":true}]}}