{"id":31090,"date":"1993-09-24T00:00:00","date_gmt":"1993-09-23T23:00:00","guid":{"rendered":"http:\/\/www.grappa.no\/no\/albums\/ukategorisert\/anne-pedersdotter\/"},"modified":"2021-11-02T11:59:16","modified_gmt":"2021-11-02T10:59:16","slug":"anne-pedersdotter","status":"publish","type":"product","link":"https:\/\/grappa.no\/no\/albums\/simax-classics\/anne-pedersdotter\/","title":{"rendered":"Anne Pedersdotter"},"content":{"rendered":"<p><\/p>\n<p>Operatisk hekseprosess<\/p>\n<p>Anne Pedersdotter er gift med den f\u00f8rti \u00e5r eldre presten Absalon Beyer. Hans s\u00f8nn, Martin fra f\u00f8rste ekteskap ventes hjem som ferdig utdannet prest. Merete Beyer, Absalons 80 \u00e5r gamle mor, vil ikke godta at s\u00f8nnen har ektet en s\u00e5 ung kvinne. Slik er handlingen i Edvard Fliflet Br\u00e6ins opera \u201dAnne Pedersdotter\u201d, et verk som bygger p\u00e5 et skuespill av samme tittel av Hans Wiers-Jenssen fra 1908. Dette skuespillet tar utgangspunkt i Norges mest kjente hekseprosess, nemlig brenningen av Anne Pedersdotter i Bergen i 1590.<\/p>\n<p>I den norske musikklitteraturen finnes det relativt f\u00e5 operaer sett i forhold til de andre musikalske genrene, men blant de f\u00e5 som finnes er to av de viktigste signert Edvard Fliflet Br\u00e6in. \u201dAnne Pedersdotter\u201d er en av disse og p\u00e5 dette 2-CD-albumet f\u00e5r vi h\u00f8re den komplette operaen fremf\u00f8rt av Det Norske Operaorkester og kor, med sopran Kjersti Ekeberg i hovedrollen, under ledelse av dirigent Per \u00c5ke Andersson.<\/p>\n<p><!--more--><\/p>\n<h4><\/h4>\n<h4><\/h4>\n<h4><\/h4>\n<p><\/p>","protected":false},"excerpt":{"rendered":"<p>I den norske musikklitteraturen finnes det relativt f\u00e5 operaer sett i forhold til de andre musikalske genrene, men blant de f\u00e5 som finnes er to av de viktigste signert Edvard Fliflet Br\u00e6in. &#8220;Anne Pedersdotter&#8221; er en av disse.<\/p>\n","protected":false},"featured_media":31094,"comment_status":"closed","ping_status":"closed","template":"","meta":[],"product_brand":[],"product_cat":[180],"product_tag":[],"class_list":{"0":"post-31090","1":"product","2":"type-product","3":"status-publish","4":"has-post-thumbnail","6":"product_cat-simax-classics","7":"product_shipping_class-cddvd-shipping","8":"uni_artist_tag-edvard-fliflet-braein","9":"uni_artist_tag-norwegian-opera-orchestra","10":"uni_artist_tag-per-ake-anderson","11":"uni_main_artist_tag-norwegian-opera-orchestra","12":"uni_artist_genre-norwegian","13":"uni_artist_genre-opera","14":"uni_artist_genre-world-premiere-recording","16":"first","17":"outofstock","18":"taxable","19":"shipping-taxable","20":"purchasable","21":"product-type-simple"},"_links":{"self":[{"href":"https:\/\/grappa.no\/no\/wp-json\/wp\/v2\/product\/31090","targetHints":{"allow":["GET"]}}],"collection":[{"href":"https:\/\/grappa.no\/no\/wp-json\/wp\/v2\/product"}],"about":[{"href":"https:\/\/grappa.no\/no\/wp-json\/wp\/v2\/types\/product"}],"replies":[{"embeddable":true,"href":"https:\/\/grappa.no\/no\/wp-json\/wp\/v2\/comments?post=31090"}],"wp:featuredmedia":[{"embeddable":true,"href":"https:\/\/grappa.no\/no\/wp-json\/wp\/v2\/media\/31094"}],"wp:attachment":[{"href":"https:\/\/grappa.no\/no\/wp-json\/wp\/v2\/media?parent=31090"}],"wp:term":[{"taxonomy":"product_brand","embeddable":true,"href":"https:\/\/grappa.no\/no\/wp-json\/wp\/v2\/product_brand?post=31090"},{"taxonomy":"product_cat","embeddable":true,"href":"https:\/\/grappa.no\/no\/wp-json\/wp\/v2\/product_cat?post=31090"},{"taxonomy":"product_tag","embeddable":true,"href":"https:\/\/grappa.no\/no\/wp-json\/wp\/v2\/product_tag?post=31090"}],"curies":[{"name":"wp","href":"https:\/\/api.w.org\/{rel}","templated":true}]}}