{"id":31089,"date":"1992-09-17T00:00:00","date_gmt":"1992-09-16T23:00:00","guid":{"rendered":"http:\/\/www.grappa.no\/no\/albums\/ukategorisert\/olav-kielland-sinfonia-villarkorn\/"},"modified":"2019-02-22T15:52:30","modified_gmt":"2019-02-22T14:52:30","slug":"olav-kielland-sinfonia-villarkorn","status":"publish","type":"product","link":"https:\/\/grappa.no\/no\/albums\/simax-classics\/olav-kielland-sinfonia-villarkorn\/","title":{"rendered":"Olav Kielland: Sinfonia, Villarkorn"},"content":{"rendered":"<p><\/p>\n<p>Norsk folkemusikk og neoklassiske idealer<\/p>\n<p>Som komponist har Olav Kielland en liten med gedigen produksjon. Hans kj\u00e6rlighet til norsk folkemusikk skinner gjennom i det meste han har skrevet. I form og tekstur knytter han ofte an til neoklassiske idealer. P\u00e5 dette albumet f\u00e5r vi h\u00f8re hans \u201dSinfonia 1\u201d, fremf\u00f8rt av Royal Philharmonic Orchestra med komponisten selv om dirigent. Kielland uttalte selv om dette verket: \u201dEn fl\u00f8itesolo hvelver sig lys og forl\u00f8sende over det hele, og gjennem strykernes rolige sang munner symfonien ut i harmoni. Det menneskelige, som var s\u00e5 oprevet av kamper og indre tvil, beroliges og avl\u00f8ses av en glad og forventningsfull optimisme.\u201d I tillegg f\u00e5r vi h\u00f8re pianisten Eva Knardahls fremf\u00f8ring av hele \u201dVillarkorn\u201d, \u201dde kornene som gyger og haugefolk blander i drikken de byr den bergtatte, og som gj\u00f8r at en f\u00e5r troll\u00f8ye og troll\u00f8re, m.a.o. s\u00e6rlige sanser som utvider bevisstheten til \u00e5 omfatte ufattelige ting,\u201d som komponisten selv har sagt om verket.<\/p>\n<p><!--more--><\/p>\n<h4><\/h4>\n<\/p>\n<h4><\/h4>\n<p><h4><\/h4>\n<\/p>\n<p><\/p>","protected":false},"excerpt":{"rendered":"<p>Som komponist har Olav Kielland en liten med gedigen produksjon, og hans kj\u00e6rlighet til norsk folkemusikk skinner gjennom i det meste han har skrevet.<\/p>\n","protected":false},"featured_media":31093,"comment_status":"closed","ping_status":"open","template":"","meta":[],"product_brand":[],"product_cat":[180],"product_tag":[],"class_list":{"0":"post-31089","1":"product","2":"type-product","3":"status-publish","4":"has-post-thumbnail","6":"product_cat-simax-classics","7":"product_shipping_class-cddvd-shipping","8":"uni_artist_tag-eva-knardahl","9":"uni_artist_tag-james-burnett","10":"uni_artist_tag-olav-kielland","11":"uni_artist_tag-royal-philharmonic-orchestra","12":"uni_main_artist_tag-royal-philharmonic-orchestra","13":"uni_artist_genre-concerto","14":"uni_artist_genre-orchestral","16":"first","17":"instock","18":"taxable","19":"shipping-taxable","20":"purchasable","21":"product-type-simple"},"_links":{"self":[{"href":"https:\/\/grappa.no\/no\/wp-json\/wp\/v2\/product\/31089","targetHints":{"allow":["GET"]}}],"collection":[{"href":"https:\/\/grappa.no\/no\/wp-json\/wp\/v2\/product"}],"about":[{"href":"https:\/\/grappa.no\/no\/wp-json\/wp\/v2\/types\/product"}],"replies":[{"embeddable":true,"href":"https:\/\/grappa.no\/no\/wp-json\/wp\/v2\/comments?post=31089"}],"wp:featuredmedia":[{"embeddable":true,"href":"https:\/\/grappa.no\/no\/wp-json\/wp\/v2\/media\/31093"}],"wp:attachment":[{"href":"https:\/\/grappa.no\/no\/wp-json\/wp\/v2\/media?parent=31089"}],"wp:term":[{"taxonomy":"product_brand","embeddable":true,"href":"https:\/\/grappa.no\/no\/wp-json\/wp\/v2\/product_brand?post=31089"},{"taxonomy":"product_cat","embeddable":true,"href":"https:\/\/grappa.no\/no\/wp-json\/wp\/v2\/product_cat?post=31089"},{"taxonomy":"product_tag","embeddable":true,"href":"https:\/\/grappa.no\/no\/wp-json\/wp\/v2\/product_tag?post=31089"}],"curies":[{"name":"wp","href":"https:\/\/api.w.org\/{rel}","templated":true}]}}