{"id":31086,"date":"1995-01-01T00:00:00","date_gmt":"1994-12-31T23:00:00","guid":{"rendered":"http:\/\/www.grappa.no\/no\/albums\/ukategorisert\/david-monrad-johansen\/"},"modified":"2019-02-22T15:52:26","modified_gmt":"2019-02-22T14:52:26","slug":"david-monrad-johansen","status":"publish","type":"product","link":"https:\/\/grappa.no\/no\/albums\/simax-classics\/david-monrad-johansen\/","title":{"rendered":"David Monrad Johansen"},"content":{"rendered":"<p><\/p>\n<p>En mangslungen stilistisk utvikling<\/p>\n<p>I l\u00f8pet av sin karriere hadde David Monrad Johansen v\u00e6rt igjennom en mangslungen stilistisk utvikling. Dette albumet er som en musikalsk reise gjennom komponistens liv, fra de tidlige Debussy-inspirerte pianostykkene \u201dNordlandsbilleder\u201d og \u201dTo portretter fra Middelalderen\u201d, til de to klaversuitene \u201dFra Gudbransdalen\u201d og \u201dPrillar-Guri\u201d, tungt p\u00e5virket av den norske folkemusikken i en avansert klaverstil \u2013 alle fremf\u00f8rt av en av Norges ledende pianister Jens Harald Bratlie. I tillegg f\u00e5r vi h\u00f8re de senere orkesterverkene \u201dPan\u201d og \u201dSymfoniske Variasjoner og fuge\u201d, verker som ligger langt unna de tidlige Debussyinspirerte klaververkene \u2013 mesterlig fremf\u00f8rt av Bergen Filharmoniske Orkester og dirigent Karsten Andersen.<\/p>\n<p><!--more--><\/p>\n<h4><\/h4>\n<\/p>\n<h4><\/h4>\n<p><h4><\/h4>\n<\/p>\n<p><\/p>","protected":false},"excerpt":{"rendered":"<p>Dette albumet er som en musikalsk reise gjennom David Monrad Johansens musikalske liv, fra de tidlige pianoverkene til de sene orkesterverkene.<\/p>\n","protected":false},"featured_media":31088,"comment_status":"closed","ping_status":"open","template":"","meta":[],"product_brand":[],"product_cat":[180],"product_tag":[],"class_list":{"0":"post-31086","1":"product","2":"type-product","3":"status-publish","4":"has-post-thumbnail","6":"product_cat-simax-classics","7":"product_shipping_class-cddvd-shipping","8":"uni_artist_tag-arne-akselberg","9":"uni_artist_tag-bergen-philharmonic-orchestra","10":"uni_artist_tag-david-monrad-johansen","11":"uni_artist_tag-jens-harald-bratlie","12":"uni_artist_tag-karsten-andersen","13":"uni_main_artist_tag-bergen-philharmonic-orchestra","14":"uni_artist_genre-orchestral","16":"first","17":"instock","18":"taxable","19":"shipping-taxable","20":"purchasable","21":"product-type-simple"},"_links":{"self":[{"href":"https:\/\/grappa.no\/no\/wp-json\/wp\/v2\/product\/31086","targetHints":{"allow":["GET"]}}],"collection":[{"href":"https:\/\/grappa.no\/no\/wp-json\/wp\/v2\/product"}],"about":[{"href":"https:\/\/grappa.no\/no\/wp-json\/wp\/v2\/types\/product"}],"replies":[{"embeddable":true,"href":"https:\/\/grappa.no\/no\/wp-json\/wp\/v2\/comments?post=31086"}],"wp:featuredmedia":[{"embeddable":true,"href":"https:\/\/grappa.no\/no\/wp-json\/wp\/v2\/media\/31088"}],"wp:attachment":[{"href":"https:\/\/grappa.no\/no\/wp-json\/wp\/v2\/media?parent=31086"}],"wp:term":[{"taxonomy":"product_brand","embeddable":true,"href":"https:\/\/grappa.no\/no\/wp-json\/wp\/v2\/product_brand?post=31086"},{"taxonomy":"product_cat","embeddable":true,"href":"https:\/\/grappa.no\/no\/wp-json\/wp\/v2\/product_cat?post=31086"},{"taxonomy":"product_tag","embeddable":true,"href":"https:\/\/grappa.no\/no\/wp-json\/wp\/v2\/product_tag?post=31086"}],"curies":[{"name":"wp","href":"https:\/\/api.w.org\/{rel}","templated":true}]}}