{"id":31080,"date":"2016-09-16T00:00:00","date_gmt":"2016-09-15T23:00:00","guid":{"rendered":"http:\/\/www.grappa.no\/no\/albums\/ukategorisert\/the-key\/"},"modified":"2016-11-21T11:32:39","modified_gmt":"2016-11-21T10:32:39","slug":"the-key","status":"publish","type":"product","link":"https:\/\/grappa.no\/no\/albums\/grappa\/the-key\/","title":{"rendered":"THE KEY"},"content":{"rendered":"<p><\/p>\n<p>Philip &amp; The Border Breakers <\/p>\n<p>Rockelegenden Philip (Philippos Pliatsikas) vokalist i bandet Pyx Lax og en av de mest betydningsfulle artistene i Hellas de siste 25 \u00e5rene gir n\u00e5 ut sitt f\u00f8rste album p\u00e5 engelsk. Elleve sanger i ekte genuin vintage-rock stil , med nyanser av alle slags sorter av \u00abMediterranean music\u00bb. Med seg har han ogs\u00e5 f\u00e5tt v\u00e5r egen \u00c5se Kleveland p\u00e5 l\u00e5ten \u00abWhere Should We Go Now\u00bb.<br \/>\nI tillegg til Kleveland har han med seg flere skinnende internasjonale artister fra ulike sjangere, og alle disse st\u00e5r sterkt for det musikalske spekteret p\u00e5 \u00abTHE KEY\u00bb. Blant andre er \u00abGudmoren av Punk\u00bb Nina Hagen med p\u00e5 to uforutsigbare duetter. Den legendariske l\u00e5tskriveren og gitaristen fra Scorpions, Rudolf Schenker, deler sin \u00abLove is the Answer\u00bb. Sangeren Liset Alea er med p\u00e5 l\u00e5ten \u00abBlue\u00bb.<br \/>\nProduksjonen, arrangementene og besetningen p\u00e5 de fleste sangene h\u00e5ndteres av Warner Poland og Michael O&#8217; Ryan , medlemmer av Nina Hagen Band , i deres studio i Berlin. De resterende l\u00e5tene er spilt inn med Philippos greske kompanjonger og samarbeidspartnere. Sistnevnte utgj\u00f8r det multinasjonale kollektivet \u00abThe Border Breakers\u00bb &#8211; Philippos n\u00e5v\u00e6rende band som skapte den generelle lyden til \u00abTHE KEY\u00bb, og det er disse som vil f\u00f8lge Philip p\u00e5 hans kommende liveopptredner over hele Europa i tiden fremover.<\/p>\n<p><!--more--><\/p>\n<p>Rockelegenden Philip (Philippos Pliatsikas) vokalist i bandet Pyx Lax og en av de mest betydningsfulle artistene i Hellas de siste 25 \u00e5rene gir ut sitt f\u00f8rste album p\u00e5 engelsk.<\/p>\n<h4>&quot;Gudmoren av Punk&quot;<\/h4>\n<p>Med dype r\u00f8tter i de tradisjonelle formene i sitt eget hjemland p\u00e5 kanten av Europa trekker Philip inn inspirasjon fra alt fra Pink Floyd til Bob Dylan. Philip blander sin personlige historie sammen med de musikalske str\u00f8mningene \u2013 og dette er essensen av en stor lokal rockestjerne som n\u00e5 satser globalt. <\/p>\n<p>I tillegg til Kleveland har han med seg flere skinnende internasjonale artister fra ulike sjangere, og alle disse st\u00e5r sterkt for det musikalske spekteret p\u00e5 \u00abTHE KEY\u00bb. Blant andre er \u00abGudmoren av Punk\u00bb Nina Hagen med p\u00e5 to uforutsigbare duetter. Den legendariske l\u00e5tskriveren og gitaristen fra Scorpions, Rudolf Schenker, deler sin \u00abLove is the Answer\u00bb. Sangeren Liset Alea er med p\u00e5 l\u00e5ten \u00abBlue\u00bb.<\/p>\n<h4>The Key<\/h4>\n<p>Produksjonen, arrangementene og besetningen p\u00e5 de fleste sangene h\u00e5ndteres av Warner Poland og Michael O&#8217; Ryan , medlemmer av Nina Hagen Band , i deres studio i Berlin. De resterende l\u00e5tene er spilt inn med Philippos greske kompanjonger og samarbeidspartnere John Skoutaris, Nick Saltas, George Livadas, Haris Michailidis og Alekos Arapis. Sistnevne utgj\u00f8r den mulitnasjonale og flerfargede kollektivet \u00abThe Border Breakers\u00bb &#8211; Philippos n\u00e5v\u00e6rende band som skapte den genrelle lyden til \u00abTHE KEY\u00bb, og det er disse som vil f\u00f8lge Philip p\u00e5 hans kommende liveopptredner over hele Europa i tiden fremover. <\/p>\n<p>Kj\u00e6rlighet er n\u00f8kkelen \u2013 kj\u00e6rligheten til musikken er THE KEY.<\/p>\n<h4><\/h4>\n<\/p>\n<p><\/p>","protected":false},"excerpt":{"rendered":"<p>Et emosjonelt samarbeid p\u00e5 tvers av alle grenser.<\/p>\n","protected":false},"featured_media":31196,"comment_status":"closed","ping_status":"open","template":"","meta":[],"product_brand":[],"product_cat":[6],"product_tag":[],"class_list":{"0":"post-31080","1":"product","2":"type-product","3":"status-publish","4":"has-post-thumbnail","6":"product_cat-grappa","7":"product_shipping_class-cddvd-shipping","8":"uni_artist_tag-philip-and-the-border-breakers","9":"uni_artist_tag-philippos-pilatskias","10":"uni_artist_tag-warner-poland","11":"uni_main_artist_tag-philip-and-the-border-breakers","12":"uni_artist_genre-pop","13":"uni_artist_genre-rock","15":"first","16":"instock","17":"taxable","18":"shipping-taxable","19":"purchasable","20":"product-type-simple"},"_links":{"self":[{"href":"https:\/\/grappa.no\/no\/wp-json\/wp\/v2\/product\/31080","targetHints":{"allow":["GET"]}}],"collection":[{"href":"https:\/\/grappa.no\/no\/wp-json\/wp\/v2\/product"}],"about":[{"href":"https:\/\/grappa.no\/no\/wp-json\/wp\/v2\/types\/product"}],"replies":[{"embeddable":true,"href":"https:\/\/grappa.no\/no\/wp-json\/wp\/v2\/comments?post=31080"}],"wp:featuredmedia":[{"embeddable":true,"href":"https:\/\/grappa.no\/no\/wp-json\/wp\/v2\/media\/31196"}],"wp:attachment":[{"href":"https:\/\/grappa.no\/no\/wp-json\/wp\/v2\/media?parent=31080"}],"wp:term":[{"taxonomy":"product_brand","embeddable":true,"href":"https:\/\/grappa.no\/no\/wp-json\/wp\/v2\/product_brand?post=31080"},{"taxonomy":"product_cat","embeddable":true,"href":"https:\/\/grappa.no\/no\/wp-json\/wp\/v2\/product_cat?post=31080"},{"taxonomy":"product_tag","embeddable":true,"href":"https:\/\/grappa.no\/no\/wp-json\/wp\/v2\/product_tag?post=31080"}],"curies":[{"name":"wp","href":"https:\/\/api.w.org\/{rel}","templated":true}]}}