{"id":31076,"date":"2015-09-25T00:00:00","date_gmt":"2015-09-24T23:00:00","guid":{"rendered":"http:\/\/www.grappa.no\/no\/albums\/ukategorisert\/allegretto-spiritoso-best-of-liv-glaser-2cd\/"},"modified":"2019-02-22T16:04:59","modified_gmt":"2019-02-22T15:04:59","slug":"allegretto-spiritoso-best-of-liv-glaser-2cd","status":"publish","type":"product","link":"https:\/\/grappa.no\/no\/albums\/simax-classics\/allegretto-spiritoso-best-of-liv-glaser-2cd\/","title":{"rendered":"Allegretto spiritoso \u2013 best of Liv Glaser 2CD"},"content":{"rendered":"<p><\/p>\n<p>Liv Glaser feirer 80 med en gledesfylt &#8216;best of&#8217;!<\/p>\n<p>Pianisten Liv Glaser fyller 80 \u00e5r den 23. september 2015. Det er all grunn til \u00e5 feire, og Simax Classics samlet det beste fra hennes mange utgivelser p\u00e5 hammerklaver \u2013 pluss et knippe helt nye lekre innspillinger med valser av Schubert, Schumann og Ravel! <\/p>\n<p>\u00abMozart har f\u00e5tt en klar, berettiget plass; det var tross alt han som \u0081esparket\u0081f meg i gang og som har fulgt meg fra jeg var en neve stor! I tillegg; smakebiter fra andre lidenskapelige samv\u00e6r \u2013 med Clementi, Schubert, Schumann, Mendelssohn, Brahms, Ravel og Grieg \u2013 for ikke \u00e5 glemme mine musiske venner Helene, Per og lillebror Ernst Simon. Da id\u00e9en kom opp med \u00e5 sette sammen en \u2018hammerklaver-kavalkade\u2019, fant vi ut at det kunne passe med krydder fra litt nyere materiale. Ravel-valsene vil for meg personlig alltid v\u00e6re forbundet med Paris og min kj\u00e6re l\u00e6rer Vlado Perlemuter som studerte alle Ravel\u2019s verk med komponisten selv. Schubert \u2013 som komponerte utallige valser \u2013 var Ravel\u2019s inspirasjonskilde. Brahms elsket ogs\u00e5 Schubert og utga flere av hans senere verk, som derved gir CD II i denne samlingen en wienersk r\u00f8d tr\u00e5d.\u00bb<\/p>\n<p><!--more--><\/p>\n<p>Pianisten Liv Glaser fyller 80 \u00e5r den 23. september 2015. Det er all grunn til \u00e5 feire, og Simax Classics samlet det beste fra hennes mange utgivelser p\u00e5 hammerklaver \u2013 pluss et knippe helt nye lekre innspillinger med valser av Schubert, Schumann og Ravel!<\/p>\n<h4>Mozart fra hun var en neve stor<\/h4>\n<p>\u00abMen \u2013 det er ikke til \u00e5 komme forbi, jeg har levet atskillige musikk-liv allerede, og ett av de viktigste, mest fordypende og mest givende er fortsatt livet med hammerklaver i varierte \u00e5rganger. Utvalget var kanskje det vanskeligste, men Mozart har f\u00e5tt en klar, berettiget plass; det var tross alt han som \u0081esparket\u0081f meg i gang og som har fulgt meg fra jeg var en neve stor!\u00bb<\/p>\n<h4>Medspillere og tidlige inspirasjonskilder<\/h4>\n<p>\u00abI tillegg; smakebiter fra andre lidenskapelige samv\u00e6r \u2013 med Clementi, Schubert, Schumann, Mendelssohn, Brahms, Ravel og Grieg \u2013 for ikke \u00e5 glemme mine musiske venner Helene, Per og lillebror Ernst Simon. Vi har med-spilt og med-erfart i rik sameksistens! Ravel-valsene vil for meg personlig alltid v\u00e6re forbundet med Paris og min kj\u00e6re l\u00e6rer Vlado Perlemuter som studerte alle Ravel\u2019s verk med komponisten selv. Schubert \u2013 som komponerte utallige valser \u2013 var Ravel\u2019s inspirasjonskilde. Brahms elsket ogs\u00e5 Schubert og utga flere av hans senere verk, som derved gir CD II i denne samlingen en wienersk r\u00f8d tr\u00e5d.\u00bb<\/p>\n<h4>Liv Glaser er et begrep for norske musikkelskere<\/h4>\n<p>Helt fra debuten i 1960 er hun blitt regnet blant den norske klaverelite, med utallige konserter og opptredener i radio og TV. Hun studerte med Robert Riefling i Oslo, p\u00e5 Conservatoire Sup\u00e9rieur de Musique i Paris med legendariske Vlado Perlemuter, senere hos Lev Oborin ved Moskvakonservatoriet og med Ilona Kabos og Wilhelm Kempff. I 1990 satte hun seg atter p\u00e5 \u2018skolebenken\u2019, tok timer Paul Badura-Skoda i Wien, studerte Mozart-manuskripter ved NMA, Mozarteum, og fordypet seg i hammerklaver hos Malcom Bilson ved Cornell Universitet i USA. Glaser har undervist ved Norges musikkh\u00f8gskole fra grunnleggelsen i 1973 og ble professor i 1994. Hun har i sitt virke og med sin undervisning bidratt sterkt til en \u00f8kt interesse for hammerklaver og for hvordan vi i dag kan fremf\u00f8re og lytte til musikken som er skrevet for eldre instrumenter. Liv Glaser ble tildelt Kongens Fortjenstemedalje 1965, Lindeman-prisen 2004 og Grieg-prisen 2014.<\/p>\n<p><\/p>","protected":false},"excerpt":{"rendered":"<p>\u00abHva? En samleplate? \u2013 og fra samlivet med hammerklaver de siste 25-30\u00e5r? En ganske surrealistisk tanke n\u00e5r man egentlig f\u00f8ler seg som en 25-\u00e5ring inni seg!\u00bb [Liv Glaser]<\/p>\n","protected":false},"featured_media":31077,"comment_status":"closed","ping_status":"open","template":"","meta":[],"product_brand":[],"product_cat":[180],"product_tag":[],"class_list":{"0":"post-31076","1":"product","2":"type-product","3":"status-publish","4":"has-post-thumbnail","6":"product_cat-simax-classics","7":"product_shipping_class-cddvd-shipping","8":"uni_artist_tag-erik-gard-amundsen","9":"uni_artist_tag-ernst-simon-glaser","10":"uni_artist_tag-felix-mendelssohn","11":"uni_artist_tag-franz-schubert","12":"uni_artist_tag-helene-wold","13":"uni_artist_tag-johannes-brahms","14":"uni_artist_tag-liv-glaser","15":"uni_artist_tag-maurice-ravel","16":"uni_artist_tag-muzio-clementi","17":"uni_artist_tag-per-vollestad","18":"uni_artist_tag-robert-schumann","19":"uni_artist_tag-vegard-landaas","20":"uni_artist_tag-wolfgang-amadeus-mozart","21":"uni_main_artist_tag-liv-glaser","22":"uni_artist_genre-collection","23":"uni_artist_genre-early-music","24":"uni_artist_genre-piano","26":"first","27":"instock","28":"taxable","29":"shipping-taxable","30":"purchasable","31":"product-type-simple"},"_links":{"self":[{"href":"https:\/\/grappa.no\/no\/wp-json\/wp\/v2\/product\/31076","targetHints":{"allow":["GET"]}}],"collection":[{"href":"https:\/\/grappa.no\/no\/wp-json\/wp\/v2\/product"}],"about":[{"href":"https:\/\/grappa.no\/no\/wp-json\/wp\/v2\/types\/product"}],"replies":[{"embeddable":true,"href":"https:\/\/grappa.no\/no\/wp-json\/wp\/v2\/comments?post=31076"}],"wp:featuredmedia":[{"embeddable":true,"href":"https:\/\/grappa.no\/no\/wp-json\/wp\/v2\/media\/31077"}],"wp:attachment":[{"href":"https:\/\/grappa.no\/no\/wp-json\/wp\/v2\/media?parent=31076"}],"wp:term":[{"taxonomy":"product_brand","embeddable":true,"href":"https:\/\/grappa.no\/no\/wp-json\/wp\/v2\/product_brand?post=31076"},{"taxonomy":"product_cat","embeddable":true,"href":"https:\/\/grappa.no\/no\/wp-json\/wp\/v2\/product_cat?post=31076"},{"taxonomy":"product_tag","embeddable":true,"href":"https:\/\/grappa.no\/no\/wp-json\/wp\/v2\/product_tag?post=31076"}],"curies":[{"name":"wp","href":"https:\/\/api.w.org\/{rel}","templated":true}]}}