{"id":31070,"date":"2003-03-03T00:00:00","date_gmt":"2003-03-02T23:00:00","guid":{"rendered":"http:\/\/www.grappa.no\/no\/albums\/ukategorisert\/l-m-lindeman-organ-works\/"},"modified":"2019-02-22T15:56:53","modified_gmt":"2019-02-22T14:56:53","slug":"l-m-lindeman-organ-works","status":"publish","type":"product","link":"https:\/\/grappa.no\/no\/albums\/simax-classics\/l-m-lindeman-organ-works\/","title":{"rendered":"L.M. Lindeman: Organ Works"},"content":{"rendered":"<p><\/p>\n<p>L.M. Lindemans store orgelverker tolket av K\u00e5re Nordstoga<\/p>\n<p>Navnet kjenner alle. L.M. Lindemans samlinger av norske folketoner, fra reiser i Valdres og Telemark , og koralboken til Landstads salmebok er helt sentralt plassert i den norske musikktradisjon; de er allemannseie. Lindeman regnes som 1800-tallets fremste norske kirkemusiker og gjorde seg gjeldende p\u00e5 en rekke omr\u00e5der. Lindemans virke som komponist har vi begrenset kjennskap til. Mange av manuskriptene gikk nemlig tapt i en brann i hans hjem i 1859. Hovedvekten av det som er bevart for ettertiden ligger p\u00e5 verker for orgel, korsanger og salme- og visemelodier. <\/p>\n<p>Det er dagens domorganist K\u00e5re Nordstoga som tar for seg sin forgjengers orgelverker p\u00e5 denne utgivelsen, og denne hittil lite p\u00e5aktede musikken avsl\u00f8rer en fremragende kontrapunktiker, og vitner om en orgelspiller med h\u00f8yt utviklede ferdigheter. Tre fuger over tonene B-A-C-H, i \u00e6rb\u00f8dighet ovenfor den st\u00f8rste mester, samt de store variasjonsverkene Hvo ikkun lader Herren r\u00e5de og Hvo veed, hvor n\u00e6r mig er min ende er hovedverkene p\u00e5 utgivelsen. En kuriositet er Kroningsmarsch, skrevet til kroningen av Kong Oscar II og dronning Sophie i Nidarosdomen 18. juli 1873.<\/p>\n<p><!--more--><\/p>\n<h4><\/h4>\n<\/p>\n<h4><\/h4>\n<p><h4><\/h4>\n<\/p>\n<p><\/p>","protected":false},"excerpt":{"rendered":"<p>\u2013 K\u00e5re Nordstoga, domorganist i Oslo, har ry som en av de fremste n\u00e5levende i sin profesjon. Organisten bl\u00e5ser p\u00e5 en ny CD liv i fire verk av Lindeman p\u00e5 Ryde &amp; Berg-instrumentet i hovedstadens domkirke. [Arnstein Olaisen \/ Haugesunds Avis]<\/p>\n","protected":false},"featured_media":31176,"comment_status":"closed","ping_status":"open","template":"","meta":[],"product_brand":[],"product_cat":[180],"product_tag":[],"class_list":{"0":"post-31070","1":"product","2":"type-product","3":"status-publish","4":"has-post-thumbnail","6":"product_cat-simax-classics","7":"product_shipping_class-cddvd-shipping","8":"uni_artist_tag-erik-gard-amundsen","9":"uni_artist_tag-kare-nordstoga","10":"uni_artist_tag-l-m-lindeman","11":"uni_main_artist_tag-kare-nordstoga","12":"uni_artist_genre-organ","14":"first","15":"instock","16":"taxable","17":"shipping-taxable","18":"purchasable","19":"product-type-simple"},"_links":{"self":[{"href":"https:\/\/grappa.no\/no\/wp-json\/wp\/v2\/product\/31070","targetHints":{"allow":["GET"]}}],"collection":[{"href":"https:\/\/grappa.no\/no\/wp-json\/wp\/v2\/product"}],"about":[{"href":"https:\/\/grappa.no\/no\/wp-json\/wp\/v2\/types\/product"}],"replies":[{"embeddable":true,"href":"https:\/\/grappa.no\/no\/wp-json\/wp\/v2\/comments?post=31070"}],"wp:featuredmedia":[{"embeddable":true,"href":"https:\/\/grappa.no\/no\/wp-json\/wp\/v2\/media\/31176"}],"wp:attachment":[{"href":"https:\/\/grappa.no\/no\/wp-json\/wp\/v2\/media?parent=31070"}],"wp:term":[{"taxonomy":"product_brand","embeddable":true,"href":"https:\/\/grappa.no\/no\/wp-json\/wp\/v2\/product_brand?post=31070"},{"taxonomy":"product_cat","embeddable":true,"href":"https:\/\/grappa.no\/no\/wp-json\/wp\/v2\/product_cat?post=31070"},{"taxonomy":"product_tag","embeddable":true,"href":"https:\/\/grappa.no\/no\/wp-json\/wp\/v2\/product_tag?post=31070"}],"curies":[{"name":"wp","href":"https:\/\/api.w.org\/{rel}","templated":true}]}}