{"id":31066,"date":"1992-12-08T00:00:00","date_gmt":"1992-12-07T23:00:00","guid":{"rendered":"http:\/\/www.grappa.no\/no\/albums\/ukategorisert\/edvard-fliflet-braein\/"},"modified":"2019-02-22T15:52:23","modified_gmt":"2019-02-22T14:52:23","slug":"edvard-fliflet-braein","status":"publish","type":"product","link":"https:\/\/grappa.no\/no\/albums\/simax-classics\/edvard-fliflet-braein\/","title":{"rendered":"Edvard Fliflet Br\u00e6in"},"content":{"rendered":"<p><\/p>\n<p>En umiddelbarhetens komponist<\/p>\n<p>Edvard Fliflet Br\u00e6in var en umiddelbarhetens komponist: hans musikk skaper et inntrykk av \u00e5 v\u00e6re skrevet rett ned p\u00e5 papiret uten noen form for motstand. Den har ofte et musikantisk uttrykk med en elegant flyt som mer gir den preg av fysisk glede ved selve musikkutfoldelsen enn av \u00e5 ha et \u201ddypere\u201d budskap. Selv har han sagt: \u201dMusikken taler for seg selv, og den ganske enkelt avspeiler mine gleder og sorger og stemninger, som er naturlige for meg \u00e5 uttrykke i musikk.\u201d <\/p>\n<p>De verkene som er innspilt p\u00e5 denne platen gir alle innblikk i den mer diverterende og musikantiske siden Fliflet Br\u00e6ins komposisjonskunst, fremf\u00f8rt av Bergen Filharmoniske Orkester, Oslo Filharmoniske Orkester og Krinkastingsorkesteret, med anerkjente solister som Eva Knardahl og \u00d8rnulf Gulbransen.<\/p>\n<p><!--more--><\/p>\n<h4><\/h4>\n<\/p>\n<h4><\/h4>\n<p><h4><\/h4>\n<\/p>\n<p><\/p>","protected":false},"excerpt":{"rendered":"<p>Edvard Fliflet Br\u00e6in var en umiddelbarhetens komponist: hans musikk skaper et inntrykk av \u00e5 v\u00e6re skrevet rett ned p\u00e5 papiret uten noen form for motstand.<\/p>\n","protected":false},"featured_media":31069,"comment_status":"closed","ping_status":"open","template":"","meta":[],"product_brand":[],"product_cat":[180],"product_tag":[],"class_list":{"0":"post-31066","1":"product","2":"type-product","3":"status-publish","4":"has-post-thumbnail","6":"product_cat-simax-classics","7":"product_shipping_class-cddvd-shipping","8":"uni_artist_tag-bergen-philharmonic-orchestra","9":"uni_artist_tag-edvard-fliflet-braein","10":"uni_artist_tag-eva-knardahl","11":"uni_artist_tag-johs-hindar","12":"uni_artist_tag-karsten-andersen","13":"uni_artist_tag-leif-jorgensen","14":"uni_artist_tag-levi-hindar","15":"uni_artist_tag-norwegian-radio-orchestra","16":"uni_artist_tag-oslo-philharmonic-orchestra","17":"uni_artist_tag-oivin-fjeldstad","18":"uni_artist_tag-oivind-bergh","19":"uni_artist_tag-ornulf-gulbransen","20":"uni_artist_tag-richard-kjeldstrup","21":"uni_artist_tag-sverre-bruland","22":"uni_main_artist_tag-bergen-philharmonic-orchestra","23":"uni_artist_genre-contemporary-music","25":"first","26":"outofstock","27":"taxable","28":"shipping-taxable","29":"product-type-simple"},"_links":{"self":[{"href":"https:\/\/grappa.no\/no\/wp-json\/wp\/v2\/product\/31066","targetHints":{"allow":["GET"]}}],"collection":[{"href":"https:\/\/grappa.no\/no\/wp-json\/wp\/v2\/product"}],"about":[{"href":"https:\/\/grappa.no\/no\/wp-json\/wp\/v2\/types\/product"}],"replies":[{"embeddable":true,"href":"https:\/\/grappa.no\/no\/wp-json\/wp\/v2\/comments?post=31066"}],"wp:featuredmedia":[{"embeddable":true,"href":"https:\/\/grappa.no\/no\/wp-json\/wp\/v2\/media\/31069"}],"wp:attachment":[{"href":"https:\/\/grappa.no\/no\/wp-json\/wp\/v2\/media?parent=31066"}],"wp:term":[{"taxonomy":"product_brand","embeddable":true,"href":"https:\/\/grappa.no\/no\/wp-json\/wp\/v2\/product_brand?post=31066"},{"taxonomy":"product_cat","embeddable":true,"href":"https:\/\/grappa.no\/no\/wp-json\/wp\/v2\/product_cat?post=31066"},{"taxonomy":"product_tag","embeddable":true,"href":"https:\/\/grappa.no\/no\/wp-json\/wp\/v2\/product_tag?post=31066"}],"curies":[{"name":"wp","href":"https:\/\/api.w.org\/{rel}","templated":true}]}}