{"id":31065,"date":"1993-10-21T00:00:00","date_gmt":"1993-10-20T23:00:00","guid":{"rendered":"http:\/\/www.grappa.no\/no\/albums\/ukategorisert\/eivind-groven\/"},"modified":"2022-08-19T15:15:41","modified_gmt":"2022-08-19T14:15:41","slug":"eivind-groven","status":"publish","type":"product","link":"https:\/\/grappa.no\/no\/albums\/simax-classics\/eivind-groven\/","title":{"rendered":"Eivind Groven"},"content":{"rendered":"<p><\/p>\n<p>&#8220;Nasjonal storbedrift av uoverskuelig verdi&#8221;<\/p>\n<p>Eivind Grovens 2. symfoni ble uroppf\u00f8rt av Trondheim symfoniorkester i 1946, og komponisten fikk en overveldende mottagelse. Selv ble han hyllet med fakkeltog og trukket i vogn av studentene til Studentersamfundet. Pressen vartet opp med raust rosende ord som \u201dkjempesuksess\u201d og \u201dnasjonal storbedrift av uoverskuelig verdi\u201d. Pianist Wolfgang Plagge og Trondheims symfoniorkester, under ledelse av dirigent Ole Kristian Ruud, fremf\u00f8rer dette fantastiske verket p\u00e5 dette albumet. Sammen fremf\u00f8rer de ogs\u00e5 den lange, kompliserte og avanserte klaverkonserten, et verk som st\u00e5r i en s\u00e6rstilling med sin fortettede tematikk og sitt rike uttrykksregister \u2013 fra det viltre suggestive til det avsindig melankolske.<\/p>\n<p><!--more--><\/p>\n<h4><\/h4>\n<h4><\/h4>\n<h4><\/h4>\n<p><\/p>","protected":false},"excerpt":{"rendered":"<p>Wolfgang Plagge og Trondheim Symfoniorkester fremf\u00f8rer Eivind Grovens suksessfulle 2. symfoni og pianokonsert.<\/p>\n","protected":false},"featured_media":31068,"comment_status":"closed","ping_status":"closed","template":"","meta":[],"product_brand":[],"product_cat":[180],"product_tag":[],"class_list":{"0":"post-31065","1":"product","2":"type-product","3":"status-publish","4":"has-post-thumbnail","6":"product_cat-simax-classics","7":"product_shipping_class-cddvd-shipping","8":"uni_artist_tag-eivind-groven","9":"uni_artist_tag-john-west","10":"uni_artist_tag-ole-kristian-ruud","11":"uni_artist_tag-trondheim-symphony-orchestra","12":"uni_artist_tag-wolfgang-plagge","13":"uni_main_artist_tag-wolfgang-plagge","14":"uni_artist_genre-concerto","15":"uni_artist_genre-orchestral","17":"first","18":"outofstock","19":"taxable","20":"shipping-taxable","21":"purchasable","22":"product-type-simple"},"_links":{"self":[{"href":"https:\/\/grappa.no\/no\/wp-json\/wp\/v2\/product\/31065","targetHints":{"allow":["GET"]}}],"collection":[{"href":"https:\/\/grappa.no\/no\/wp-json\/wp\/v2\/product"}],"about":[{"href":"https:\/\/grappa.no\/no\/wp-json\/wp\/v2\/types\/product"}],"replies":[{"embeddable":true,"href":"https:\/\/grappa.no\/no\/wp-json\/wp\/v2\/comments?post=31065"}],"wp:featuredmedia":[{"embeddable":true,"href":"https:\/\/grappa.no\/no\/wp-json\/wp\/v2\/media\/31068"}],"wp:attachment":[{"href":"https:\/\/grappa.no\/no\/wp-json\/wp\/v2\/media?parent=31065"}],"wp:term":[{"taxonomy":"product_brand","embeddable":true,"href":"https:\/\/grappa.no\/no\/wp-json\/wp\/v2\/product_brand?post=31065"},{"taxonomy":"product_cat","embeddable":true,"href":"https:\/\/grappa.no\/no\/wp-json\/wp\/v2\/product_cat?post=31065"},{"taxonomy":"product_tag","embeddable":true,"href":"https:\/\/grappa.no\/no\/wp-json\/wp\/v2\/product_tag?post=31065"}],"curies":[{"name":"wp","href":"https:\/\/api.w.org\/{rel}","templated":true}]}}