{"id":31058,"date":"1993-06-16T00:00:00","date_gmt":"1993-06-15T23:00:00","guid":{"rendered":"http:\/\/www.grappa.no\/no\/albums\/ukategorisert\/edvard-grieg-the-vocal-music-in-historic-interpretations-acoustic-recordings-1888-1924\/"},"modified":"2023-11-17T10:38:08","modified_gmt":"2023-11-17T09:38:08","slug":"edvard-grieg-the-vocal-music-in-historic-interpretations-acoustic-recordings-1888-1924","status":"publish","type":"product","link":"https:\/\/grappa.no\/no\/albums\/simax-classics\/edvard-grieg-the-vocal-music-in-historic-interpretations-acoustic-recordings-1888-1924\/","title":{"rendered":"Edvard Grieg: The Vocal Music in Historic Interpretations. Acoustic Recordings (1888-1924)"},"content":{"rendered":"<p><\/p>\n<p>Historiske opptak av Edvard Griegs vokalmusikk<\/p>\n<p>Edvard Grieg st\u00e5r som Nordens fremste komponist i siste del av det 19. \u00c5rhundre og i kraft av sitt s\u00e6rpregede, nasjonalfargede tonespr\u00e5k som selve symbolet p\u00e5 Norge i musikken. P\u00e5 denne 3-CD-utgivelsen fremf\u00f8rer noen av verdens fremste og mest feirede sangere Edvard Griegs fantastiske vokalmusikk i historiske innspillinger fra 1888-1924.<\/p>\n<p><!--more--><\/p>\n<h4><\/h4>\n<\/p>\n<h4><\/h4>\n<p><h4><\/h4>\n<\/p>\n<p><\/p>","protected":false},"excerpt":{"rendered":"<p>Edvard Griegs vokalmusikk i historiske innspillinger av noen av verdens mest feirede sangere.<\/p>\n","protected":false},"featured_media":31063,"comment_status":"closed","ping_status":"closed","template":"","meta":[],"product_brand":[],"product_cat":[180],"product_tag":[],"class_list":{"0":"post-31058","1":"product","2":"type-product","3":"status-publish","4":"has-post-thumbnail","6":"product_cat-simax-classics","7":"product_shipping_class-cddvd-shipping","8":"uni_artist_tag-edvard-grieg","9":"uni_artist_tag-kirsten-flagstad","10":"uni_artist_genre-historic-recording","12":"first","13":"outofstock","14":"taxable","15":"shipping-taxable","16":"purchasable","17":"product-type-simple"},"_links":{"self":[{"href":"https:\/\/grappa.no\/no\/wp-json\/wp\/v2\/product\/31058","targetHints":{"allow":["GET"]}}],"collection":[{"href":"https:\/\/grappa.no\/no\/wp-json\/wp\/v2\/product"}],"about":[{"href":"https:\/\/grappa.no\/no\/wp-json\/wp\/v2\/types\/product"}],"replies":[{"embeddable":true,"href":"https:\/\/grappa.no\/no\/wp-json\/wp\/v2\/comments?post=31058"}],"wp:featuredmedia":[{"embeddable":true,"href":"https:\/\/grappa.no\/no\/wp-json\/wp\/v2\/media\/31063"}],"wp:attachment":[{"href":"https:\/\/grappa.no\/no\/wp-json\/wp\/v2\/media?parent=31058"}],"wp:term":[{"taxonomy":"product_brand","embeddable":true,"href":"https:\/\/grappa.no\/no\/wp-json\/wp\/v2\/product_brand?post=31058"},{"taxonomy":"product_cat","embeddable":true,"href":"https:\/\/grappa.no\/no\/wp-json\/wp\/v2\/product_cat?post=31058"},{"taxonomy":"product_tag","embeddable":true,"href":"https:\/\/grappa.no\/no\/wp-json\/wp\/v2\/product_tag?post=31058"}],"curies":[{"name":"wp","href":"https:\/\/api.w.org\/{rel}","templated":true}]}}