{"id":31057,"date":"1992-01-25T00:00:00","date_gmt":"1992-01-24T23:00:00","guid":{"rendered":"http:\/\/www.grappa.no\/no\/albums\/ukategorisert\/ornulf-gulbransen\/"},"modified":"2019-02-22T15:49:12","modified_gmt":"2019-02-22T14:49:12","slug":"ornulf-gulbransen","status":"publish","type":"product","link":"https:\/\/grappa.no\/no\/albums\/simax-classics\/ornulf-gulbransen\/","title":{"rendered":"\u00d8rnulf Gulbransen"},"content":{"rendered":"<p><\/p>\n<p>\u00d8rnulf Gulbransens radioinnspillinger<\/p>\n<p>\u00d8rnulf Gulbransen var kjent som en fremragende fl\u00f8ytist b\u00e5de her hjemme og i utlandet. Gjennom en lang karriere hadde han en ledende posisjon i norsk musikkliv, b\u00e5de som orkestermusiker, kammermusiker og solist. P\u00e5 dette albumet f\u00e5r vi h\u00f8re noen av hans innspillinger for radio i perioden 1960-1976, av komponister som Carl Gustav Sparre Olsen, Johan Kvandal, Andr\u00e9 Jolivet, Theobald B\u00f6hm, Charles-Marie Widor og Moritz Moszkowski \u2013 naturligvis fremf\u00f8rt p\u00e5 h\u00f8yeste niv\u00e5 tenkelig.<\/p>\n<p><!--more--><\/p>\n<h4><\/h4>\n<\/p>\n<h4><\/h4>\n<p><h4><\/h4>\n<\/p>\n<p><\/p>","protected":false},"excerpt":{"rendered":"<p>\u00d8rnulf Gulbransens beste radioinnspillinger fra 1960-1976.<\/p>\n","protected":false},"featured_media":31062,"comment_status":"closed","ping_status":"open","template":"","meta":[],"product_brand":[],"product_cat":[180],"product_tag":[],"class_list":{"0":"post-31057","1":"product","2":"type-product","3":"status-publish","4":"has-post-thumbnail","6":"product_cat-simax-classics","7":"product_shipping_class-cddvd-shipping","8":"uni_artist_tag-andre-jolivet","9":"uni_artist_tag-carl-gustav-sparre-olsen","10":"uni_artist_tag-charles-marie-widor","11":"uni_artist_tag-johan-kvandal","12":"uni_artist_tag-moritz-moszkovsky","13":"uni_artist_tag-oslo-philharmonic-orchestra","14":"uni_artist_tag-ornulf-gulbransen","15":"uni_artist_tag-theobald-bohm","16":"uni_main_artist_tag-ornulf-gulbransen","17":"uni_artist_genre-concerto","18":"uni_artist_genre-winds","20":"first","21":"instock","22":"taxable","23":"shipping-taxable","24":"purchasable","25":"product-type-simple"},"_links":{"self":[{"href":"https:\/\/grappa.no\/no\/wp-json\/wp\/v2\/product\/31057","targetHints":{"allow":["GET"]}}],"collection":[{"href":"https:\/\/grappa.no\/no\/wp-json\/wp\/v2\/product"}],"about":[{"href":"https:\/\/grappa.no\/no\/wp-json\/wp\/v2\/types\/product"}],"replies":[{"embeddable":true,"href":"https:\/\/grappa.no\/no\/wp-json\/wp\/v2\/comments?post=31057"}],"wp:featuredmedia":[{"embeddable":true,"href":"https:\/\/grappa.no\/no\/wp-json\/wp\/v2\/media\/31062"}],"wp:attachment":[{"href":"https:\/\/grappa.no\/no\/wp-json\/wp\/v2\/media?parent=31057"}],"wp:term":[{"taxonomy":"product_brand","embeddable":true,"href":"https:\/\/grappa.no\/no\/wp-json\/wp\/v2\/product_brand?post=31057"},{"taxonomy":"product_cat","embeddable":true,"href":"https:\/\/grappa.no\/no\/wp-json\/wp\/v2\/product_cat?post=31057"},{"taxonomy":"product_tag","embeddable":true,"href":"https:\/\/grappa.no\/no\/wp-json\/wp\/v2\/product_tag?post=31057"}],"curies":[{"name":"wp","href":"https:\/\/api.w.org\/{rel}","templated":true}]}}