{"id":31056,"date":"2000-03-30T00:00:00","date_gmt":"2000-03-29T23:00:00","guid":{"rendered":"http:\/\/www.grappa.no\/no\/albums\/ukategorisert\/holstgraingerschmitt\/"},"modified":"2024-04-15T15:46:56","modified_gmt":"2024-04-15T14:46:56","slug":"holst-grainger-schmitt","status":"publish","type":"product","link":"https:\/\/grappa.no\/no\/albums\/simax-classics\/holst-grainger-schmitt\/","title":{"rendered":"Holst\/Grainger\/Schmitt"},"content":{"rendered":"<p><\/p>\n<p>Musikk for milit\u00e6rorkester<\/p>\n<p>Forsvarets Stabsmusikkorps er Forsvarets representasjonskorps som deltar ved offisielle statsbes\u00f8k, vaktparader og konserter i forbindelse med vaktskifte ved Det Kgl. Slott, og ellers andre h\u00f8ytidelige arrangementer i Regjeringens, Stortingets og Forsvarets regi. De senere \u00e5rene har korpset ogs\u00e5 f\u00e5tt en st\u00f8rre betydning i forholdet til det sivile musikk- og kulturliv i byen, med offentlige konserter, institusjonskonserter, konserter i parker og i kirker og for\u00f8vrig deltagelse ved kulturarrangementer av forskjellige slag. P\u00e5 dette albumet fremf\u00f8rer de, under ledelse av dirigent Eivind Aadland, h\u00f8ydepunkter fra den europeiske milit\u00e6rmusikken. <\/p>\n<p>Dagens milit\u00e6rorkestre bygger p\u00e5 den latinske tradisjonen og kan beskrives som en symfonisk bl\u00e5se- og slagverksbesetning. Det eksisterer ingen stor tradisjon blant de s\u00e5kalte \u201dseri\u00f8se\u201d komponister for \u00e5 skrive musikk for milit\u00e6rorkesterets besetning, men p\u00e5 dette albumet finner vi fantastiske verker for nettopp denne besetningen av komponister som Percy Grainger, Florent Schmitt og Gustav Holst.<\/p>\n<p><!--more--><\/p>\n<h4><\/h4>\n<\/p>\n<h4><\/h4>\n<p><h4><\/h4>\n<\/p>\n<p><\/p>","protected":false},"excerpt":{"rendered":"<p>P\u00e5 dette albumet finner vi fantastiske verker for milit\u00e6rorkester av komponister som Percy Grainger, Florence Schmitt og Gustav Holst.<\/p>\n","protected":false},"featured_media":31061,"comment_status":"closed","ping_status":"closed","template":"","meta":[],"product_brand":[],"product_cat":[180],"product_tag":[],"class_list":{"0":"post-31056","1":"product","2":"type-product","3":"status-publish","4":"has-post-thumbnail","6":"product_cat-simax-classics","7":"product_shipping_class-cddvd-shipping","8":"uni_artist_tag-eivind-aadland","9":"uni_artist_tag-florent-schmitt","10":"uni_artist_tag-gustav-holst","11":"uni_artist_tag-jorn-pedersen","12":"uni_artist_tag-percy-grainger","13":"uni_artist_tag-the-staff-band-of-the-norwegian-armed-forces","14":"uni_main_artist_tag-the-staff-band-of-the-norwegian-armed-forces","15":"uni_artist_genre-brass","17":"first","18":"outofstock","19":"taxable","20":"shipping-taxable","21":"purchasable","22":"product-type-simple"},"_links":{"self":[{"href":"https:\/\/grappa.no\/no\/wp-json\/wp\/v2\/product\/31056","targetHints":{"allow":["GET"]}}],"collection":[{"href":"https:\/\/grappa.no\/no\/wp-json\/wp\/v2\/product"}],"about":[{"href":"https:\/\/grappa.no\/no\/wp-json\/wp\/v2\/types\/product"}],"replies":[{"embeddable":true,"href":"https:\/\/grappa.no\/no\/wp-json\/wp\/v2\/comments?post=31056"}],"wp:featuredmedia":[{"embeddable":true,"href":"https:\/\/grappa.no\/no\/wp-json\/wp\/v2\/media\/31061"}],"wp:attachment":[{"href":"https:\/\/grappa.no\/no\/wp-json\/wp\/v2\/media?parent=31056"}],"wp:term":[{"taxonomy":"product_brand","embeddable":true,"href":"https:\/\/grappa.no\/no\/wp-json\/wp\/v2\/product_brand?post=31056"},{"taxonomy":"product_cat","embeddable":true,"href":"https:\/\/grappa.no\/no\/wp-json\/wp\/v2\/product_cat?post=31056"},{"taxonomy":"product_tag","embeddable":true,"href":"https:\/\/grappa.no\/no\/wp-json\/wp\/v2\/product_tag?post=31056"}],"curies":[{"name":"wp","href":"https:\/\/api.w.org\/{rel}","templated":true}]}}