{"id":31055,"date":"2000-02-10T00:00:00","date_gmt":"2000-02-09T23:00:00","guid":{"rendered":"http:\/\/www.grappa.no\/no\/albums\/ukategorisert\/byrd-song\/"},"modified":"2019-02-22T15:47:35","modified_gmt":"2019-02-22T14:47:35","slug":"byrd-song","status":"publish","type":"product","link":"https:\/\/grappa.no\/no\/albums\/simax-classics\/byrd-song\/","title":{"rendered":"Byrd Song"},"content":{"rendered":"<p><\/p>\n<p>William Byrds sanger<\/p>\n<p>Fra 1850-tallet og fremover kultiverte William Byrd den engelske tradisjonen av sanger for lys stemme akkompagnert av bratsjer med et svimlende uttrykksregister. Fremfor \u00e5 produsere sanger for solostemme med en bratsjer i bakgrunnen, sikret Byrd uavhengigheten til hver av de fem linjene p\u00e5 hver eneste noteside. Som et resultat strever instrumentalpartiene, gjennom deres egne idiomatiske uttrykksformer, \u00e5 artikulere ord eller viser p\u00e5 en m\u00e5te som b\u00e5de forsterker og overg\u00e5r talespr\u00e5ket. <\/p>\n<p>Det prisvinnende ensemblet Phantasm, dedikert til musikk for bratsjer, har tidligere spilt inn Byrds \u201dFantasies\u201d og \u201dIn nomines\u201d p\u00e5 albumet \u201dStill Music of the Spheres \u2013 Consorts by William Byrd and Richard Mico\u201d p\u00e5 Simax Classics (PSC1134), og denne gangen tar de for seg andre juveler fra Byrds instrumentale verkliste \u2013 inkludert hans \u201dFantasia a4\u201d \u2013 og flere av hans sanger, med hjelp av sopran Geraldine McGreevy og tenor Ian Partridge, p\u00e5 det som har blitt et bemerkelsesverdig album.<\/p>\n<p><!--more--><\/p>\n<h4><\/h4>\n<\/p>\n<h4><\/h4>\n<p><h4><\/h4>\n<\/p>\n<p><\/p>","protected":false},"excerpt":{"rendered":"<p>Phantasm fremf\u00f8rer juveler fra Byrds instrumentale verkliste \u2013 inkludert hans \u201dFantasia a4\u201d \u2013 og flere av hans sanger, med hjelp av sopran Geraldine McGreevy og tenor Ian Partridge, p\u00e5 det som har blitt et bemerkelsesverdig album.<\/p>\n","protected":false},"featured_media":31060,"comment_status":"closed","ping_status":"open","template":"","meta":[],"product_brand":[],"product_cat":[180],"product_tag":[],"class_list":{"0":"post-31055","1":"product","2":"type-product","3":"status-publish","4":"has-post-thumbnail","6":"product_cat-simax-classics","7":"product_shipping_class-cddvd-shipping","8":"uni_artist_tag-geraldine-mcgreevy","9":"uni_artist_tag-ian-partridge","10":"uni_artist_tag-jonathan-freeman-attwod","11":"uni_artist_tag-phantasm","12":"uni_artist_tag-william-byrd","13":"uni_main_artist_tag-phantasm","14":"uni_artist_genre-early-music","16":"first","17":"instock","18":"taxable","19":"shipping-taxable","20":"purchasable","21":"product-type-simple"},"_links":{"self":[{"href":"https:\/\/grappa.no\/no\/wp-json\/wp\/v2\/product\/31055","targetHints":{"allow":["GET"]}}],"collection":[{"href":"https:\/\/grappa.no\/no\/wp-json\/wp\/v2\/product"}],"about":[{"href":"https:\/\/grappa.no\/no\/wp-json\/wp\/v2\/types\/product"}],"replies":[{"embeddable":true,"href":"https:\/\/grappa.no\/no\/wp-json\/wp\/v2\/comments?post=31055"}],"wp:featuredmedia":[{"embeddable":true,"href":"https:\/\/grappa.no\/no\/wp-json\/wp\/v2\/media\/31060"}],"wp:attachment":[{"href":"https:\/\/grappa.no\/no\/wp-json\/wp\/v2\/media?parent=31055"}],"wp:term":[{"taxonomy":"product_brand","embeddable":true,"href":"https:\/\/grappa.no\/no\/wp-json\/wp\/v2\/product_brand?post=31055"},{"taxonomy":"product_cat","embeddable":true,"href":"https:\/\/grappa.no\/no\/wp-json\/wp\/v2\/product_cat?post=31055"},{"taxonomy":"product_tag","embeddable":true,"href":"https:\/\/grappa.no\/no\/wp-json\/wp\/v2\/product_tag?post=31055"}],"curies":[{"name":"wp","href":"https:\/\/api.w.org\/{rel}","templated":true}]}}