{"id":31054,"date":"2000-01-06T00:00:00","date_gmt":"2000-01-05T23:00:00","guid":{"rendered":"http:\/\/www.grappa.no\/no\/albums\/ukategorisert\/knut-nystedt-kristnikvede\/"},"modified":"2019-02-22T15:47:32","modified_gmt":"2019-02-22T14:47:32","slug":"knut-nystedt-kristnikvede","status":"publish","type":"product","link":"https:\/\/grappa.no\/no\/albums\/simax-classics\/knut-nystedt-kristnikvede\/","title":{"rendered":"Knut Nystedt: Kristnikvede"},"content":{"rendered":"<p><\/p>\n<p>Nystendt med storverk til 1000-\u00e5rs jubileet for kristningen av Norge<\/p>\n<p>\u201dOlav seilte \u00f8st over havet, og kom seilende av hav ytterst p\u00e5 Moster, der gikk han i land i Norge, og der lot han synge messer i teltene p\u00e5 land. Og siden ble det bygd en kirke p\u00e5 samme sted\u201d (Olav Tryggvasons Saga, kap. 47). I 1995 er det 1000 \u00e5r siden Olav Tryggvason kom fra England til Norge for \u00e5 ta landet i arv. Med seg hadde han biskop og prester, og som Snorres kongesagaer forteller, gikk han f\u00f8rst i land p\u00e5 \u00f8ya i Moster i Sunnhordland. Moster gamle kirke st\u00e5r i dag p\u00e5 det stedet Olav Tryggvason skal ha latt den f\u00f8rste kirken bli bygget.<\/p>\n<p>Knut Nystedts \u201dKristnikvede\u201d er et bestillingsverk til 1000-\u00e5rs jubileet for kristningen av Norge. Uroppf\u00f8relsen fant sted 1. Pinsedag 1995 i Bremnes kirke p\u00e5 B\u00f8mlo ved Bergen Domkantori under ledelse av Magnar Magersnes. P\u00e5 dette albumet kan du nyte korets innspilling av den unike og s\u00e6rlig viktige komponisten Nystedts verk \u201dKristnikvede\u201d, sammen med hans verk \u201dA song as in the night\u201d.<\/p>\n<p><!--more--><\/p>\n<h4><\/h4>\n<\/p>\n<h4><\/h4>\n<p><h4><\/h4>\n<\/p>\n<p><\/p>","protected":false},"excerpt":{"rendered":"<p>Knut Nystedts \u201dKristnikvede\u201d er et bestillingsverk til 1000-\u00e5rs jubileet for kristningen av Norge.<\/p>\n","protected":false},"featured_media":31059,"comment_status":"closed","ping_status":"open","template":"","meta":[],"product_brand":[],"product_cat":[180],"product_tag":[],"class_list":{"0":"post-31054","1":"product","2":"type-product","3":"status-publish","4":"has-post-thumbnail","6":"product_cat-simax-classics","7":"product_shipping_class-cddvd-shipping","8":"uni_artist_tag-arild-erikstad","9":"uni_artist_tag-bergen-cathedral-choir","10":"uni_artist_tag-bergen-cathedral-orchestra","11":"uni_artist_tag-knut-nystedt","12":"uni_artist_tag-magnar-mangersnes","13":"uni_main_artist_tag-bergen-cathedral-choir","14":"uni_artist_genre-choir","15":"uni_artist_genre-christmas-music","16":"uni_artist_genre-norwegian","17":"uni_artist_genre-orchestral","19":"first","20":"instock","21":"taxable","22":"shipping-taxable","23":"purchasable","24":"product-type-simple"},"_links":{"self":[{"href":"https:\/\/grappa.no\/no\/wp-json\/wp\/v2\/product\/31054","targetHints":{"allow":["GET"]}}],"collection":[{"href":"https:\/\/grappa.no\/no\/wp-json\/wp\/v2\/product"}],"about":[{"href":"https:\/\/grappa.no\/no\/wp-json\/wp\/v2\/types\/product"}],"replies":[{"embeddable":true,"href":"https:\/\/grappa.no\/no\/wp-json\/wp\/v2\/comments?post=31054"}],"wp:featuredmedia":[{"embeddable":true,"href":"https:\/\/grappa.no\/no\/wp-json\/wp\/v2\/media\/31059"}],"wp:attachment":[{"href":"https:\/\/grappa.no\/no\/wp-json\/wp\/v2\/media?parent=31054"}],"wp:term":[{"taxonomy":"product_brand","embeddable":true,"href":"https:\/\/grappa.no\/no\/wp-json\/wp\/v2\/product_brand?post=31054"},{"taxonomy":"product_cat","embeddable":true,"href":"https:\/\/grappa.no\/no\/wp-json\/wp\/v2\/product_cat?post=31054"},{"taxonomy":"product_tag","embeddable":true,"href":"https:\/\/grappa.no\/no\/wp-json\/wp\/v2\/product_tag?post=31054"}],"curies":[{"name":"wp","href":"https:\/\/api.w.org\/{rel}","templated":true}]}}