{"id":31042,"date":"2006-03-06T00:00:00","date_gmt":"2006-03-05T23:00:00","guid":{"rendered":"http:\/\/www.grappa.no\/no\/albums\/ukategorisert\/einar-steen-nokleberg-plays-beethoven\/"},"modified":"2019-02-22T16:08:27","modified_gmt":"2019-02-22T15:08:27","slug":"einar-steen-nokleberg-plays-beethoven","status":"publish","type":"product","link":"https:\/\/grappa.no\/no\/albums\/simax-classics\/einar-steen-nokleberg-plays-beethoven\/","title":{"rendered":"Einar Steen-N\u00f8kleberg plays Beethoven"},"content":{"rendered":"<p><\/p>\n<p>Et liv med Beethoven<\/p>\n<p>Norges klaver-nestor er i sving som aldri f\u00f8r. Tidligere bidro Einar Steen-N\u00f8kleberg igjen med et nytt kapittel i norsk musikkhistorie med utgivelsen av Thomas Tellefsens klaverkonserter, som ogs\u00e5 ble nominert til Spellemannprisen. N\u00e5 er det intet mindre enn en dobbelt-CD med Beethovens klaversonater som ligger klar.<\/p>\n<p>Naturligvis startet det med Til Elise i barne\u00e5rene. 14 \u00e5r gammel fremf\u00f8rte Einar Steen-N\u00f8kleberg (1944) Beethovens 3. Klaverkonsert med Kringkastingsorkesteret og Harmonien i Bergen. 19 \u00e5r gammel hadde han alle de 32 sonatene p\u00e5 repertoaret, og Beethoven var ogs\u00e5 med p\u00e5 debutkonsertene b\u00e5de i Oslo, Paris, London, Hamburg, Berlin og M\u00fcnchen. Op. 109 \u2013 110 \u2013 111 har N\u00f8kleberg ved flere anledninger fremf\u00f8rt i Oslo (Klaverets Mestre), Tyskland og Sveits.<\/p>\n<p><!--more--><\/p>\n<h4><\/h4>\n<\/p>\n<h4><\/h4>\n<p><h4><\/h4>\n<\/p>\n<p><\/p>","protected":false},"excerpt":{"rendered":"<p>\u2018Klaverets Nye Testamentet\u2019 kaller man gjerne Beethovens samling av 32 klaversonater, her fremf\u00f8rt av Einar Steen-N\u00f8kleberg.<\/p>\n","protected":false},"featured_media":31197,"comment_status":"closed","ping_status":"open","template":"","meta":[],"product_brand":[],"product_cat":[180],"product_tag":[],"class_list":{"0":"post-31042","1":"product","2":"type-product","3":"status-publish","4":"has-post-thumbnail","6":"product_cat-simax-classics","7":"product_shipping_class-cddvd-shipping","8":"uni_artist_tag-arne-peter-rognan","9":"uni_artist_tag-einar-steen-nokleberg","10":"uni_artist_tag-erik-gard-amundsen","11":"uni_artist_tag-ludwig-van-beethoven","12":"uni_main_artist_tag-einar-steen-nokleberg","13":"uni_artist_genre-piano","15":"first","16":"instock","17":"taxable","18":"shipping-taxable","19":"purchasable","20":"product-type-simple"},"_links":{"self":[{"href":"https:\/\/grappa.no\/no\/wp-json\/wp\/v2\/product\/31042","targetHints":{"allow":["GET"]}}],"collection":[{"href":"https:\/\/grappa.no\/no\/wp-json\/wp\/v2\/product"}],"about":[{"href":"https:\/\/grappa.no\/no\/wp-json\/wp\/v2\/types\/product"}],"replies":[{"embeddable":true,"href":"https:\/\/grappa.no\/no\/wp-json\/wp\/v2\/comments?post=31042"}],"wp:featuredmedia":[{"embeddable":true,"href":"https:\/\/grappa.no\/no\/wp-json\/wp\/v2\/media\/31197"}],"wp:attachment":[{"href":"https:\/\/grappa.no\/no\/wp-json\/wp\/v2\/media?parent=31042"}],"wp:term":[{"taxonomy":"product_brand","embeddable":true,"href":"https:\/\/grappa.no\/no\/wp-json\/wp\/v2\/product_brand?post=31042"},{"taxonomy":"product_cat","embeddable":true,"href":"https:\/\/grappa.no\/no\/wp-json\/wp\/v2\/product_cat?post=31042"},{"taxonomy":"product_tag","embeddable":true,"href":"https:\/\/grappa.no\/no\/wp-json\/wp\/v2\/product_tag?post=31042"}],"curies":[{"name":"wp","href":"https:\/\/api.w.org\/{rel}","templated":true}]}}