{"id":31034,"date":"2016-09-30T00:00:00","date_gmt":"2016-09-29T23:00:00","guid":{"rendered":"http:\/\/www.grappa.no\/no\/albums\/ukategorisert\/paying-the-birds-to-sing\/"},"modified":"2016-11-21T11:32:36","modified_gmt":"2016-11-21T10:32:36","slug":"paying-the-birds-to-sing","status":"publish","type":"product","link":"https:\/\/grappa.no\/no\/albums\/grappa\/paying-the-birds-to-sing\/","title":{"rendered":"Paying the birds to sing"},"content":{"rendered":"<p><\/p>\n<p>Tove K slipper albumet \u00abPaying the birds to sing\u00bb. <\/p>\n<p>Albumet er produsert i tett samarbeid med Peder Kjellsby, ogs\u00e5 kjent fra bandet FRIKO med Sjur Miljeteig. Hun kaller seg melodiker \u2013 og vever sine finurlige tekster og insisterende vokal inn i l\u00e5tene sine. Det gj\u00f8r hun i et stort men neddempet lydbilde, sv\u00e6rt annerledes enn det vi tidligere har h\u00f8rt fra henne. Tove K (Tove K. Heyerdahl) er opprinnelig fra Mosj\u00f8en, men bosatt i Oslo. De siste \u00e5rene har hun ogs\u00e5 jobbet aktivt med skuespiller-karrieren, blant annet med sin rolle i \u00abMeglerne\u00bb p\u00e5 TV2 med Truls Svendsen.<br \/>\nAlbumet \u00abPaying the birds to sing\u00bb er Tove K sitt tredje album, og det f\u00f8rste albumet hun gir ut p\u00e5 engelsk.<\/p>\n<p><!--more--><\/p>\n<p>Tove K, alias Tove K Heyerdahl, er komponist, tekstforfatter og skuespiller, men kaller seg melodiker \u2013 n\u00e5r hun med sitt kommende album \u201dPaying the birds to sing\u201d vever sine finurlige og insisterende tekster inn\u00a0 i\u00a0 komposisjonene sine, i et stort stort, men neddempet lydbilde.<\/p>\n<h4>F\u00f8rste album p\u00e5 engelsk<\/h4>\n<p>Peder Kjellsby (Friko) har\u00a0 produsert og arrangert det kommende albumet med\u00a0 et knippe av Norges fineste pop- og jazzmusikere p\u00e5 laget.\u00a0<br \/>\n\u00a0<br \/>\nTove K er kanskje mest kjent for sine TV-opptredener som skuespiller i forskjellige norske TV-serier, og n\u00e5 sist i Meglerne p\u00e5 TV2 .<br \/>\nDette er Tove K sitt f\u00f8rste album p\u00e5 engelsk, og med kun gitarist presenterte hun l\u00e5tene til dette kommende albumet p\u00e5 Tr\u00e6nafestivalen i sommer.\u00a0<br \/>\n\u201dHennes svevende og dr\u00f8mmende melodier er like vakre i nedstrippet format. (\u2026) med Tove Ks stemme som prikken over I&#8217;en. Vellyden bredde seg ut i det lille kirkerommet og sm\u00f8g seg varsomt og helbredende inn i kropp og sjel.\u201d Rana Blad.<\/p>\n<p>All musikk og tekst: Tove K<br \/>\nMusikere: Tove K \u00b7 Peder Capjon Kjellsby \u00b7 Andreas Ulvo \u00b7 Even Helte Hermansen \u00b7 Per Oddvar Johansen \u00b7 Sondre Meisfjord \u00b7 Kjetil Grande \u00b7 Sjur Miljeteig \u00b7 Olav Torgeir Kopsland<\/p>\n<p>Releasekonsert fredag 14. oktober p\u00e5 Sentralen: https:\/\/www.sentralen.no\/arrangement\/tove-k<\/p>\n<h4><\/h4>\n<p><h4><\/h4>\n<\/p>\n<p><\/p>","protected":false},"excerpt":{"rendered":"<p>Tove K vever sine finurlige og insisterende tekster inn i komposisjonene sine, i et stort stort, men neddempet lydbilde.<\/p>\n","protected":false},"featured_media":31036,"comment_status":"closed","ping_status":"open","template":"","meta":[],"product_brand":[],"product_cat":[6],"product_tag":[],"class_list":{"0":"post-31034","1":"product","2":"type-product","3":"status-publish","4":"has-post-thumbnail","6":"product_cat-grappa","7":"product_shipping_class-cddvd-shipping","8":"uni_artist_tag-andreas-ulvo","9":"uni_artist_tag-even-helte-hermansen","10":"uni_artist_tag-kjetil-grande","11":"uni_artist_tag-olav-torgeir-kopsland","12":"uni_artist_tag-peder-capjon-kjellsby","13":"uni_artist_tag-per-oddvar-johansen","14":"uni_artist_tag-sjur-miljeteig","15":"uni_artist_tag-sondre-meisfjord","16":"uni_artist_tag-tove-kampestuen-heyerdahl","17":"uni_main_artist_tag-tove-kampestuen-heyerdahl","18":"uni_artist_genre-jazz","19":"uni_artist_genre-pop","21":"first","22":"instock","23":"taxable","24":"shipping-taxable","25":"purchasable","26":"product-type-simple"},"_links":{"self":[{"href":"https:\/\/grappa.no\/no\/wp-json\/wp\/v2\/product\/31034","targetHints":{"allow":["GET"]}}],"collection":[{"href":"https:\/\/grappa.no\/no\/wp-json\/wp\/v2\/product"}],"about":[{"href":"https:\/\/grappa.no\/no\/wp-json\/wp\/v2\/types\/product"}],"replies":[{"embeddable":true,"href":"https:\/\/grappa.no\/no\/wp-json\/wp\/v2\/comments?post=31034"}],"wp:featuredmedia":[{"embeddable":true,"href":"https:\/\/grappa.no\/no\/wp-json\/wp\/v2\/media\/31036"}],"wp:attachment":[{"href":"https:\/\/grappa.no\/no\/wp-json\/wp\/v2\/media?parent=31034"}],"wp:term":[{"taxonomy":"product_brand","embeddable":true,"href":"https:\/\/grappa.no\/no\/wp-json\/wp\/v2\/product_brand?post=31034"},{"taxonomy":"product_cat","embeddable":true,"href":"https:\/\/grappa.no\/no\/wp-json\/wp\/v2\/product_cat?post=31034"},{"taxonomy":"product_tag","embeddable":true,"href":"https:\/\/grappa.no\/no\/wp-json\/wp\/v2\/product_tag?post=31034"}],"curies":[{"name":"wp","href":"https:\/\/api.w.org\/{rel}","templated":true}]}}