{"id":31033,"date":"2008-09-01T00:00:00","date_gmt":"2008-08-31T23:00:00","guid":{"rendered":"http:\/\/www.grappa.no\/no\/albums\/ukategorisert\/songs-by-geirr-tveitt\/"},"modified":"2019-02-22T15:56:13","modified_gmt":"2019-02-22T14:56:13","slug":"songs-by-geirr-tveitt","status":"publish","type":"product","link":"https:\/\/grappa.no\/no\/albums\/simax-classics\/songs-by-geirr-tveitt\/","title":{"rendered":"Songs by Geirr Tveitt"},"content":{"rendered":"<p><\/p>\n<p>Tre dikterportretter av Geirr Tveitt<\/p>\n<p>I 1964 ble Geir Tveitt (1908-81) engasjert av NRK til \u00e5 medvirke som komponist i en serie portretter av vestlandsdiktere. P\u00e5 denne utgivelsen har Per Vollestad og Sigmund Hjelset samlet tonesettinger Tveitt skrev for radio i denne perioden, til dikt av Aslaug L\u00e5stad Lygre, Olav H. Hauge og telemarksdikteren Aslaug Vaa. <\/p>\n<p>Hauge og Tveitt<br \/>\nOlav H. Hauge og Geirr Tveitt var f\u00f8dt samme \u00e5r og hadde begge en tilknytning til Hardanger.  De to kunstnerne hadde stor respekt for hverandres arbeid: Begge var forankret i det nasjonale og samtidig som de var sv\u00e6rt internasjonalt orientert. Da Tveitt skulle skrive musikk til Hauges tekster, ga han sangene en helt spesiell karakter \u2013 med avansert harmonikk og original melodif\u00f8ring. Tveitt uttalte i forbindelse med Hauges 60-\u00e5rsdag at han hadde \u00ablaga haugevis av Hauge-tonar,\u00bb men i dag finnes bare de som er med her \u2013 resten gikk trolig tapt i brannen p\u00e5 Tveit g\u00e5rd i 1970. <\/p>\n<p>Per Vollestad og Sigmund Hjelset har hatt et langt samarbeid; i \u00e5r er det 20 \u00e5r siden de lanserte sin f\u00f8rste plate p\u00e5 Simax. I denne tiden har de spilt inn en rekke plater som har begeistret kritikere b\u00e5de i Norge og utlandet, og i 2006 mottok de Grieg-prisen for sitt mange\u00e5rige arbeid med tolkninger av Griegs romanser.<\/p>\n<p><!--more--><\/p>\n<p>Tre dikterportretter av Geirr Tveitt<\/p>\n<h4>Lange tradisjoner<\/h4>\n<p>Tveit var en g\u00e5rd med lange tradisjoner og med rik tilgang p\u00e5 musikk, b\u00f8ker og billedkunst. Familien var der i alle ferier, og i 1941 under andre verdenskrig, trakk Geirr Tveitt seg tilbake fra hovedstaden og bosatte seg p\u00e5 slektsg\u00e5rden. I l\u00f8pet av noen \u00e5r samlet han inn over 1000 lokale folketoner, de fleste fra g\u00e5rder som l\u00e5 bare noen kilometer fra Tveit. Orkestersuitene i opus 151, Hundrade hardingtonar, bygger p\u00e5 dette materialet. Geirr Tveitt hadde derfor et godt grunnlag og utgangspunkt da han ble engasjert til \u00e5 skrive musikk til dikt av nettopp vestlandsdiktere.<\/p>\n<h4>Hauge og Tveitt<\/h4>\n<p>Olav H. Hauge og Geirr Tveitt var f\u00f8dt samme \u00e5r og hadde begge en tilknytning til Hardanger. Likevel m\u00f8ttes de ikke f\u00f8r de var over femti \u00e5r, og det var nettopp i forbindelse med NRKs portrettserie. De var to sv\u00e6rt forskjellige menn, men de fant sammen \u2013 b\u00e5de i kunsten og p\u00e5 det personlige plan. De to kunstnerne hadde stor respekt for hverandres arbeid: Begge var forankret i det nasjonale og samtidig som de var sv\u00e6rt internasjonalt orientert. Da Tveitt skulle skrive musikk til Hauges tekster, ga han sangene en helt spesiell karakter \u2013 med avansert harmonikk og original melodif\u00f8ring. Tveitt uttalte i forbindelse med Hauges 60-\u00e5rsdag at han hadde \u00ablaga haugevis av Hauge-tonar,\u00bb men i dag finnes bare de 10 som er med her \u2013 resten gikk trolig tapt i brannen p\u00e5 Tveit g\u00e5rd i 1970.<\/p>\n<h4>En kritikerrost duo gjennom 20 \u00e5r p\u00e5 Simax<\/h4>\n<p>Per Vollestad og Sigmund Hjelset har hatt et langt samarbeid; i \u00e5r er det 20 \u00e5r siden de lanserte sin f\u00f8rste plate. I denne tiden har de spilt inn en rekke plater som har begeistret kritikere b\u00e5de i Norge og utlandet, og i 2006 mottok de Grieg-prisen for sitt mange\u00e5rige arbeid med tolkninger av Griegs romanser. <\/p>\n<p>Per Vollestad debuterte i 1986 og har siden v\u00e6rt en av Norges ledende barytoner. Han har gjestet Den Norske Opera og sunget med samtlige norske symfoniorkestre. Han har opptr\u00e5dt med store orkestre over hele verden, og er ogs\u00e5 en etterspurt Lieder-sanger. Sigmund Hjelset debuterte som solopianist i 1975, og har siden holdt konserter i hele Europa, samt i Japan, USA og Israel. Han har ogs\u00e5 spesialisert seg i \u00e5 akkompagnere sangere, og er professor i klaver og akkompagnement ved Norges musikkh\u00f8gskole.<\/p>\n<p><\/p>","protected":false},"excerpt":{"rendered":"<p>&#8211; This is one of the finest song discs in a long time. I wouldn&#8217;t be surprised if it finds its way into my Discs of the Year. [G\u00f6ran Forsling \/ MusicWeb]<\/p>\n","protected":false},"featured_media":31035,"comment_status":"closed","ping_status":"open","template":"","meta":[],"product_brand":[],"product_cat":[180],"product_tag":[],"class_list":{"0":"post-31033","1":"product","2":"type-product","3":"status-publish","4":"has-post-thumbnail","6":"product_cat-simax-classics","7":"product_shipping_class-cddvd-shipping","8":"uni_artist_tag-geirr-tveitt","9":"uni_artist_tag-jorn-pedersen","10":"uni_artist_tag-per-vollestad","11":"uni_artist_tag-sigmund-hjelset","12":"uni_main_artist_tag-per-vollestad","13":"uni_artist_genre-lieder","14":"uni_artist_genre-norwegian","15":"uni_artist_genre-world-premiere-recording","17":"first","18":"instock","19":"taxable","20":"shipping-taxable","21":"purchasable","22":"product-type-simple"},"_links":{"self":[{"href":"https:\/\/grappa.no\/no\/wp-json\/wp\/v2\/product\/31033","targetHints":{"allow":["GET"]}}],"collection":[{"href":"https:\/\/grappa.no\/no\/wp-json\/wp\/v2\/product"}],"about":[{"href":"https:\/\/grappa.no\/no\/wp-json\/wp\/v2\/types\/product"}],"replies":[{"embeddable":true,"href":"https:\/\/grappa.no\/no\/wp-json\/wp\/v2\/comments?post=31033"}],"wp:featuredmedia":[{"embeddable":true,"href":"https:\/\/grappa.no\/no\/wp-json\/wp\/v2\/media\/31035"}],"wp:attachment":[{"href":"https:\/\/grappa.no\/no\/wp-json\/wp\/v2\/media?parent=31033"}],"wp:term":[{"taxonomy":"product_brand","embeddable":true,"href":"https:\/\/grappa.no\/no\/wp-json\/wp\/v2\/product_brand?post=31033"},{"taxonomy":"product_cat","embeddable":true,"href":"https:\/\/grappa.no\/no\/wp-json\/wp\/v2\/product_cat?post=31033"},{"taxonomy":"product_tag","embeddable":true,"href":"https:\/\/grappa.no\/no\/wp-json\/wp\/v2\/product_tag?post=31033"}],"curies":[{"name":"wp","href":"https:\/\/api.w.org\/{rel}","templated":true}]}}