{"id":31028,"date":"2007-08-27T00:00:00","date_gmt":"2007-08-26T23:00:00","guid":{"rendered":"http:\/\/www.grappa.no\/no\/albums\/ukategorisert\/edvard-flifret-braein-complete-symphonies\/"},"modified":"2022-02-25T08:53:54","modified_gmt":"2022-02-25T07:53:54","slug":"edvard-flifret-braein-complete-symphonies","status":"publish","type":"product","link":"https:\/\/grappa.no\/no\/albums\/simax-classics\/edvard-flifret-braein-complete-symphonies\/","title":{"rendered":"Edvard Flifret Br\u00e6in: Complete Symphonies"},"content":{"rendered":"<p><\/p>\n<p>Edvard Fliflet Br\u00e6ins komplette symfonier<\/p>\n<p>Edvard Fliflet Br\u00e6in er kanskje best kjent for sangen Ut mot havet og operaen Anne Pedersdotter. Kringkastingsorkestret og Peter Szilvay har funnet frem til partiturene for hans tre symfonier \u2013 og presenterer n\u00e5 verkene for f\u00f8rste gang p\u00e5 CD. Stort anlagte og id\u00e9rike symfoniske skatter som overrasker og engasjerer.<\/p>\n<p>Br\u00e6in (1924\u201376, f\u00f8dt i Kristiansund) startet sin musikalske l\u00f8pebane i farens byorkester, og utviklet seg videre derfra til organist, dirigent og komponist. Etter at han ble tatt ut til \u00abUnge Dirigenters Konsert\u00bb i 1947, fikk han stadig mer \u00e5 gj\u00f8re som dirigent. Komposisjonsvirksomheten ble stadig viktigere og i 1948, bare 24 \u00e5r gammel, fikk han sin Konsertoverture, op. 2 fremf\u00f8rt i Oslo-filharmonien \u2013 til str\u00e5lende kritikker.<\/p>\n<p><!--more--><\/p>\n<h4><\/h4>\n<h4><\/h4>\n<h4><\/h4>\n<p><\/p>","protected":false},"excerpt":{"rendered":"<p>Edvard Fliflet Br\u00e6ins tre symfonier for f\u00f8rste gang p\u00e5 CD.<\/p>\n","protected":false},"featured_media":31031,"comment_status":"closed","ping_status":"closed","template":"","meta":[],"product_brand":[],"product_cat":[180],"product_tag":[],"class_list":{"0":"post-31028","1":"product","2":"type-product","3":"status-publish","4":"has-post-thumbnail","6":"product_cat-simax-classics","7":"product_shipping_class-cddvd-shipping","8":"uni_artist_tag-arild-erikstad","9":"uni_artist_tag-edvard-fliflet-braein","10":"uni_artist_tag-norwegian-radio-orchestra","11":"uni_artist_tag-peter-szilvay","12":"uni_main_artist_tag-norwegian-radio-orchestra","13":"uni_artist_genre-norwegian","14":"uni_artist_genre-orchestral","15":"uni_artist_genre-world-premiere-recording","17":"first","18":"outofstock","19":"taxable","20":"shipping-taxable","21":"purchasable","22":"product-type-simple"},"_links":{"self":[{"href":"https:\/\/grappa.no\/no\/wp-json\/wp\/v2\/product\/31028","targetHints":{"allow":["GET"]}}],"collection":[{"href":"https:\/\/grappa.no\/no\/wp-json\/wp\/v2\/product"}],"about":[{"href":"https:\/\/grappa.no\/no\/wp-json\/wp\/v2\/types\/product"}],"replies":[{"embeddable":true,"href":"https:\/\/grappa.no\/no\/wp-json\/wp\/v2\/comments?post=31028"}],"wp:featuredmedia":[{"embeddable":true,"href":"https:\/\/grappa.no\/no\/wp-json\/wp\/v2\/media\/31031"}],"wp:attachment":[{"href":"https:\/\/grappa.no\/no\/wp-json\/wp\/v2\/media?parent=31028"}],"wp:term":[{"taxonomy":"product_brand","embeddable":true,"href":"https:\/\/grappa.no\/no\/wp-json\/wp\/v2\/product_brand?post=31028"},{"taxonomy":"product_cat","embeddable":true,"href":"https:\/\/grappa.no\/no\/wp-json\/wp\/v2\/product_cat?post=31028"},{"taxonomy":"product_tag","embeddable":true,"href":"https:\/\/grappa.no\/no\/wp-json\/wp\/v2\/product_tag?post=31028"}],"curies":[{"name":"wp","href":"https:\/\/api.w.org\/{rel}","templated":true}]}}