{"id":31027,"date":"2002-02-28T00:00:00","date_gmt":"2002-02-27T23:00:00","guid":{"rendered":"http:\/\/www.grappa.no\/no\/albums\/ukategorisert\/the-chamber-works-of-j-h-freithoff\/"},"modified":"2024-02-28T10:40:27","modified_gmt":"2024-02-28T09:40:27","slug":"the-chamber-works-of-j-h-freithoff","status":"publish","type":"product","link":"https:\/\/grappa.no\/no\/albums\/simax-classics\/the-chamber-works-of-j-h-freithoff\/","title":{"rendered":"The Chamber Works of J.H.Freithoff"},"content":{"rendered":"<p><\/p>\n<p>Ketil Haugsand og Norsk Barokkorkester gj\u00f8r et dykk ned i Freithoffs musikk<\/p>\n<p>Noe mer sjeldent enn en norsk komponist fra midten av 1700-tallet skal man lete lenge etter. I denne tiden er Norge helt i periferien av Europa, selvf\u00f8lgelig rent fysisk, men ogs\u00e5 kulturelt. De musikere og komponister som gj\u00f8r seg gjeldende innenfor landets grenser er importert vare, s\u00e6rlig fra Tyskland. Som ektef\u00f8dt nordmann er det vanskelig \u00e5 hevde seg hjemme, b\u00e5de fordi det er f\u00e5 posisjoner for komponister generelt og kanskje ogs\u00e5 fordi tilgangen p\u00e5 inspirasjonskilder kanskje heller ikke er den st\u00f8rste. Skal man utvikle seg i komposisjonsfaget m\u00e5 man s\u00f8ke ut i verden!<\/p>\n<p>Kristiansanderen Johan Henrik Freithoff (1713 \u2013 1767) gj\u00f8r nettopp det, og hans ferd bringer ham til Danmark, Italia, ja til og med s\u00e5 langt som til Konstantinopel. S\u00f8nn av stadsmusikant Baizer Freithoff (med eget tapperi!) i Kristiansand. Fiolinvirtuos av ypperste merke, s\u00e5 god at Christian VI utnevner ham til \u00abEkstraordin\u00e6r Hofviolinist\u00bb ved sitt hoff i K\u00f8benhavn. Men det var embetsmann han helst ville bli! Freithoff da oppn\u00e5r ogs\u00e5 dette, og i tillegg til sine oppgaver som sekret\u00e6r i Utenriksdepartementet, hoffiolinist og komponist, oversetter han ogs\u00e5 flere b\u00f8ker fra engelsk til dansk. Til og med poet er han! I hans musikalske utvikling fra triosonater og solosonater til stryketrioer, kan vi klart spore en bevegelse fra de barokke idealer og formprinsipper til en mer klassisistisk stil, alt innenfor et meget personlig tonespr\u00e5k.<\/p>\n<p><!--more--><\/p>\n<h4><\/h4>\n<\/p>\n<h4><\/h4>\n<p><h4><\/h4>\n<\/p>\n<p><\/p>","protected":false},"excerpt":{"rendered":"<p>Sjelden fugl fra Kristiansand funnet, lyder navnet Freithoff!<\/p>\n","protected":false},"featured_media":31030,"comment_status":"closed","ping_status":"closed","template":"","meta":[],"product_brand":[],"product_cat":[180],"product_tag":[],"class_list":{"0":"post-31027","1":"product","2":"type-product","3":"status-publish","4":"has-post-thumbnail","6":"product_cat-simax-classics","7":"product_shipping_class-cddvd-shipping","8":"uni_artist_tag-johan-henrik-freithoff","9":"uni_artist_tag-jorn-pedersen","10":"uni_artist_tag-ketil-haugsand","11":"uni_artist_tag-norwegian-baroque-orchestra-soloists","12":"uni_main_artist_tag-norwegian-baroque-orchestra-soloists","13":"uni_artist_genre-chamber-music","14":"uni_artist_genre-early-music","15":"uni_artist_genre-norwegian","16":"uni_artist_genre-world-premiere-recording","18":"first","19":"outofstock","20":"taxable","21":"shipping-taxable","22":"purchasable","23":"product-type-simple"},"_links":{"self":[{"href":"https:\/\/grappa.no\/no\/wp-json\/wp\/v2\/product\/31027","targetHints":{"allow":["GET"]}}],"collection":[{"href":"https:\/\/grappa.no\/no\/wp-json\/wp\/v2\/product"}],"about":[{"href":"https:\/\/grappa.no\/no\/wp-json\/wp\/v2\/types\/product"}],"replies":[{"embeddable":true,"href":"https:\/\/grappa.no\/no\/wp-json\/wp\/v2\/comments?post=31027"}],"wp:featuredmedia":[{"embeddable":true,"href":"https:\/\/grappa.no\/no\/wp-json\/wp\/v2\/media\/31030"}],"wp:attachment":[{"href":"https:\/\/grappa.no\/no\/wp-json\/wp\/v2\/media?parent=31027"}],"wp:term":[{"taxonomy":"product_brand","embeddable":true,"href":"https:\/\/grappa.no\/no\/wp-json\/wp\/v2\/product_brand?post=31027"},{"taxonomy":"product_cat","embeddable":true,"href":"https:\/\/grappa.no\/no\/wp-json\/wp\/v2\/product_cat?post=31027"},{"taxonomy":"product_tag","embeddable":true,"href":"https:\/\/grappa.no\/no\/wp-json\/wp\/v2\/product_tag?post=31027"}],"curies":[{"name":"wp","href":"https:\/\/api.w.org\/{rel}","templated":true}]}}