{"id":31026,"date":"2000-04-27T00:00:00","date_gmt":"2000-04-26T23:00:00","guid":{"rendered":"http:\/\/www.grappa.no\/no\/albums\/ukategorisert\/romualds-kalsons-concertos\/"},"modified":"2019-02-22T15:53:16","modified_gmt":"2019-02-22T14:53:16","slug":"romualds-kalsons-concertos","status":"publish","type":"product","link":"https:\/\/grappa.no\/no\/albums\/simax-classics\/romualds-kalsons-concertos\/","title":{"rendered":"Romualds Kalsons: Concertos"},"content":{"rendered":"<p><\/p>\n<p>Romualds Kalsons store konserter<\/p>\n<p>Det er alltid en glede \u00e5 kunne presentere spennende repertoar som ikke hittil har v\u00e6rt tilgjengelig for publikum. Samarbeidet med Latvia National Symphony Orchestra og Terje Mikkelsen har gitt Simax Classics muligheten til \u00e5 bli bedre kjent med musikk fra den Baltiske regionen og her ligger det verker og tradisjoner som fortjener et stort publikum.<\/p>\n<p>Romualds Kalsons (f\u00f8dt 1936) er en orkestrator av rang, og b\u00e6rer i s\u00e5 m\u00e5te med seg en sterk Latvisk tradisjon. Han var elev av professor Adolfs Skulte fra 1955 to 1960 ved Latvias Najonale Konservatorium og har i dag en meget sentral posisjon i Baltisk musikkliv som professor og leder av komposisjonsavdelingen ved Lazeps Vitols Latvian Music Academy i Riga.<\/p>\n<p>P\u00e5 denne CDen er det 3 av hans mest kjente konserter for solist og orkester som presenteres. Concerto for Violin and Orchestra (1978) er et firesatsig verk som stiller enorme tekniske krav til solisten. Valdis Zarins har gjort dette verket til sitt eget, og fremf\u00f8rer det som om de tekniske vanskelighetene ikke eksisterte. Dette gj\u00f8r han s\u00e5 til de grader suverent at han er den eneste aktive konsertfiolinist i dag som har denne konserten p\u00e5 sitt repertoar. I dette verket har komponisten gjort det grep \u00e5 utelate fiolinene fra strykeseksjonen i orkesteret. Det betyr at solisten er den eneste fiolinen, noe som gir ham en helt spesiell mulighet til \u00e5 utfolde seg samtidig med orkesteret, og samtidig b\u00e6re igjennom.<\/p>\n<p><!--more--><\/p>\n<h4><\/h4>\n<\/p>\n<h4><\/h4>\n<p><h4><\/h4>\n<\/p>\n<p><\/p>","protected":false},"excerpt":{"rendered":"<p>F\u00f8rste innspilling av store konserter av den latviske komponisten Romualds Kalsons.<\/p>\n","protected":false},"featured_media":31029,"comment_status":"closed","ping_status":"open","template":"","meta":[],"product_brand":[],"product_cat":[180],"product_tag":[],"class_list":{"0":"post-31026","1":"product","2":"type-product","3":"status-publish","4":"has-post-thumbnail","6":"product_cat-simax-classics","7":"product_shipping_class-cddvd-shipping","8":"uni_artist_tag-erik-gard-amundsen","9":"uni_artist_tag-latvia-national-symph-orchestra","10":"uni_artist_tag-romualds-kalsons","11":"uni_artist_tag-terje-mikkelsen","12":"uni_main_artist_tag-latvia-national-symph-orchestra","13":"uni_artist_genre-concerto","14":"uni_artist_genre-contemporary-music","15":"uni_artist_genre-world-premiere-recording","17":"first","18":"instock","19":"taxable","20":"shipping-taxable","21":"purchasable","22":"product-type-simple"},"_links":{"self":[{"href":"https:\/\/grappa.no\/no\/wp-json\/wp\/v2\/product\/31026","targetHints":{"allow":["GET"]}}],"collection":[{"href":"https:\/\/grappa.no\/no\/wp-json\/wp\/v2\/product"}],"about":[{"href":"https:\/\/grappa.no\/no\/wp-json\/wp\/v2\/types\/product"}],"replies":[{"embeddable":true,"href":"https:\/\/grappa.no\/no\/wp-json\/wp\/v2\/comments?post=31026"}],"wp:featuredmedia":[{"embeddable":true,"href":"https:\/\/grappa.no\/no\/wp-json\/wp\/v2\/media\/31029"}],"wp:attachment":[{"href":"https:\/\/grappa.no\/no\/wp-json\/wp\/v2\/media?parent=31026"}],"wp:term":[{"taxonomy":"product_brand","embeddable":true,"href":"https:\/\/grappa.no\/no\/wp-json\/wp\/v2\/product_brand?post=31026"},{"taxonomy":"product_cat","embeddable":true,"href":"https:\/\/grappa.no\/no\/wp-json\/wp\/v2\/product_cat?post=31026"},{"taxonomy":"product_tag","embeddable":true,"href":"https:\/\/grappa.no\/no\/wp-json\/wp\/v2\/product_tag?post=31026"}],"curies":[{"name":"wp","href":"https:\/\/api.w.org\/{rel}","templated":true}]}}