{"id":31025,"date":"2000-05-11T00:00:00","date_gmt":"2000-05-10T23:00:00","guid":{"rendered":"http:\/\/www.grappa.no\/no\/albums\/ukategorisert\/21-marches-for-the-21st-century\/"},"modified":"2019-02-22T15:52:53","modified_gmt":"2019-02-22T14:52:53","slug":"21-marches-for-the-21st-century","status":"publish","type":"product","link":"https:\/\/grappa.no\/no\/albums\/simax-classics\/21-marches-for-the-21st-century\/","title":{"rendered":"21 Marches for the 21st Century"},"content":{"rendered":"<p><\/p>\n<p>Fremad marsj!<\/p>\n<p>\u00c5rets sesong for marsjerende musikk i gatene er over oss. De tradisjonelle  marsjene kommer til \u00e5 klinge i gatene; et sikkert v\u00e5rtegn. N\u00e5 gj\u00f8r Norsk Kulturr\u00e5d en storsatsning p\u00e5 nytt repertoar for korpsene v\u00e5re, og Simax Classics f\u00f8lger opp med denne utgivelsen, parallelt med at verkene utgis p\u00e5 noter av Warner\/Chappell.<\/p>\n<p>Norsk Kulturr\u00e5d inviterte 7 utenlandske komponister til \u00e5 bidra, samt 14 norske. Man valgte \u00e5 dele de norske bidragsyterne inn i 2 grupper; den yngre og den eldre garde. P\u00e5 den m\u00e5ten har man f\u00e5tt en bred representasjon av hva en marsj kan v\u00e6re i det 21. \u00e5rhundre.<\/p>\n<p>Det er forsvarets 7 profesjonelle divisjonsmusikkorps som fremf\u00f8rer disse marsjene, under ledelse av Kjell Seim, Peter Sebastian Szilvay, Christer Johannesen, Thomas Rimul, Eivind Gullberg Jensen og Bj\u00f8rn Sagstad.<\/p>\n<p><!--more--><\/p>\n<h4><\/h4>\n<\/p>\n<h4><\/h4>\n<p><h4><\/h4>\n<\/p>\n<p><\/p>","protected":false},"excerpt":{"rendered":"<p>21 nyskrevne marsjer for musikkorps.<\/p>\n","protected":false},"featured_media":31174,"comment_status":"closed","ping_status":"open","template":"","meta":[],"product_brand":[],"product_cat":[180],"product_tag":[],"class_list":{"0":"post-31025","1":"product","2":"type-product","3":"status-publish","4":"has-post-thumbnail","6":"product_cat-simax-classics","7":"product_shipping_class-cddvd-shipping","8":"uni_artist_tag-bjorn-kruse","9":"uni_artist_tag-dagfinn-koch","10":"uni_artist_tag-eivind-buene","11":"uni_artist_tag-erik-gard-amundsen","12":"uni_artist_tag-erkki-sven-tuur","13":"uni_artist_tag-frank-tveor-nordensten","14":"uni_artist_tag-hakon-berge","15":"uni_artist_tag-helge-sunde","16":"uni_artist_tag-kjell-samkopf","17":"uni_artist_tag-knut-vaage","18":"uni_artist_tag-magnar-am","19":"uni_artist_tag-maja-s-k-ratkje","20":"uni_artist_tag-olav-berg","21":"uni_artist_tag-ole-henrik-moe","22":"uni_artist_tag-rune-rebne","23":"uni_artist_tag-the-staff-band-of-the-norwegian-armed-forces","24":"uni_artist_tag-thomas-rimul","25":"uni_artist_tag-torgrim-sollid","26":"uni_main_artist_tag-the-staff-band-of-the-norwegian-armed-forces","27":"uni_artist_genre-brass","28":"uni_artist_genre-contemporary-music","29":"uni_artist_genre-world-premiere-recording","31":"first","32":"instock","33":"taxable","34":"shipping-taxable","35":"product-type-simple"},"_links":{"self":[{"href":"https:\/\/grappa.no\/no\/wp-json\/wp\/v2\/product\/31025","targetHints":{"allow":["GET"]}}],"collection":[{"href":"https:\/\/grappa.no\/no\/wp-json\/wp\/v2\/product"}],"about":[{"href":"https:\/\/grappa.no\/no\/wp-json\/wp\/v2\/types\/product"}],"replies":[{"embeddable":true,"href":"https:\/\/grappa.no\/no\/wp-json\/wp\/v2\/comments?post=31025"}],"wp:featuredmedia":[{"embeddable":true,"href":"https:\/\/grappa.no\/no\/wp-json\/wp\/v2\/media\/31174"}],"wp:attachment":[{"href":"https:\/\/grappa.no\/no\/wp-json\/wp\/v2\/media?parent=31025"}],"wp:term":[{"taxonomy":"product_brand","embeddable":true,"href":"https:\/\/grappa.no\/no\/wp-json\/wp\/v2\/product_brand?post=31025"},{"taxonomy":"product_cat","embeddable":true,"href":"https:\/\/grappa.no\/no\/wp-json\/wp\/v2\/product_cat?post=31025"},{"taxonomy":"product_tag","embeddable":true,"href":"https:\/\/grappa.no\/no\/wp-json\/wp\/v2\/product_tag?post=31025"}],"curies":[{"name":"wp","href":"https:\/\/api.w.org\/{rel}","templated":true}]}}