{"id":31022,"date":"2001-04-19T00:00:00","date_gmt":"2001-04-18T23:00:00","guid":{"rendered":"http:\/\/www.grappa.no\/no\/albums\/ukategorisert\/bridge-britten-music-for-cello-piano\/"},"modified":"2019-02-22T15:46:04","modified_gmt":"2019-02-22T14:46:04","slug":"bridge-britten-music-for-cello-piano","status":"publish","type":"product","link":"https:\/\/grappa.no\/no\/albums\/simax-classics\/bridge-britten-music-for-cello-piano\/","title":{"rendered":"Bridge &amp; Britten music for cello &amp; piano"},"content":{"rendered":"<p><\/p>\n<p>\u00d8ystein Birkeland, Benjamin Britten og Frank Bridge<\/p>\n<p>Til evig tid vil navnene Bridge og Britten v\u00e6re koblet til hverandre som mester og elev, enkelt nok fordi Benjamin Britten var Frank Bridges eneste komposisjonselev. Imidlertid utviklet deres karrierer seg veldig forskjellig. Bridge blir offer for Englands isolasjonisme; n\u00e5r han orienterer seg mot modernistiske retninger i Europa blir han st\u00f8tt ut av det gode selskap i London. Inntil 1970 var de sene verkene av Bridge s\u00e5 godt som uspilte, selv i hans eget hjemland. Britten derimot konsoliderte sin posisjon og steg til stadig st\u00f8rre ber\u00f8mmelse, spesielt innenfor \u00f8yriket. Musikken Bridge skrev for cello og klaver h\u00f8rer til tidlig i hans produksjon, mens Britten skrev sin cellosonate i 1961, uroppf\u00f8rt samme \u00e5r av Mstislav Rostropovitsj, med Britten selv ved flygelet.<\/p>\n<p>\u00d8ystein Birkeland (1962) er ikke en cellist av den helt vanlige sorten. Stor aktivitet p\u00e5 de forskjelligste scener og arenaer rundt omkring i verden preger hans hverdag. Akkurat tilbake fra en kammermusikkfestival i USA g\u00e5r turen n\u00e5 til konserter i Moskva, bl.a. sammen med pianisten Mischa Alperin. Pianisten Vebj\u00f8rn Anvik, kanskje mest kjent fra den meget anerkjente Grieg Trio, er Birkelands makker p\u00e5 denne innspillingen, og sammen har de funnet frem et repertoar som innbyr til berikende lytting.<\/p>\n<p><!--more--><\/p>\n<h4><\/h4>\n<\/p>\n<h4><\/h4>\n<p><h4><\/h4>\n<\/p>\n<p><\/p>","protected":false},"excerpt":{"rendered":"<p>\u00d8ystein Birkeland, en cellist ikke av den helt vanlige sorten.<\/p>\n","protected":false},"featured_media":31024,"comment_status":"closed","ping_status":"open","template":"","meta":[],"product_brand":[],"product_cat":[180],"product_tag":[],"class_list":{"0":"post-31022","1":"product","2":"type-product","3":"status-publish","4":"has-post-thumbnail","6":"product_cat-simax-classics","7":"product_shipping_class-cddvd-shipping","8":"uni_artist_tag-arne-akselberg","9":"uni_artist_tag-benjamin-britten","10":"uni_artist_tag-frank-bridge","11":"uni_artist_tag-oystein-birkeland","12":"uni_artist_tag-vebjorn-anvik","13":"uni_main_artist_tag-oystein-birkeland","14":"uni_artist_genre-chamber-music","15":"uni_artist_genre-strings","17":"first","18":"instock","19":"taxable","20":"shipping-taxable","21":"purchasable","22":"product-type-simple"},"_links":{"self":[{"href":"https:\/\/grappa.no\/no\/wp-json\/wp\/v2\/product\/31022","targetHints":{"allow":["GET"]}}],"collection":[{"href":"https:\/\/grappa.no\/no\/wp-json\/wp\/v2\/product"}],"about":[{"href":"https:\/\/grappa.no\/no\/wp-json\/wp\/v2\/types\/product"}],"replies":[{"embeddable":true,"href":"https:\/\/grappa.no\/no\/wp-json\/wp\/v2\/comments?post=31022"}],"wp:featuredmedia":[{"embeddable":true,"href":"https:\/\/grappa.no\/no\/wp-json\/wp\/v2\/media\/31024"}],"wp:attachment":[{"href":"https:\/\/grappa.no\/no\/wp-json\/wp\/v2\/media?parent=31022"}],"wp:term":[{"taxonomy":"product_brand","embeddable":true,"href":"https:\/\/grappa.no\/no\/wp-json\/wp\/v2\/product_brand?post=31022"},{"taxonomy":"product_cat","embeddable":true,"href":"https:\/\/grappa.no\/no\/wp-json\/wp\/v2\/product_cat?post=31022"},{"taxonomy":"product_tag","embeddable":true,"href":"https:\/\/grappa.no\/no\/wp-json\/wp\/v2\/product_tag?post=31022"}],"curies":[{"name":"wp","href":"https:\/\/api.w.org\/{rel}","templated":true}]}}