{"id":31021,"date":"2000-10-26T00:00:00","date_gmt":"2000-10-25T23:00:00","guid":{"rendered":"http:\/\/www.grappa.no\/no\/albums\/ukategorisert\/j-s-bach-toccata-fuga\/"},"modified":"2019-02-22T15:43:40","modified_gmt":"2019-02-22T14:43:40","slug":"j-s-bach-toccata-fuga","status":"publish","type":"product","link":"https:\/\/grappa.no\/no\/albums\/simax-classics\/j-s-bach-toccata-fuga\/","title":{"rendered":"J.S. Bach: Toccata &amp; Fuga"},"content":{"rendered":"<p><\/p>\n<p>Bach p\u00e5 Domkrikens nye orgel<\/p>\n<p>Det meste av Bachs orgelmusikk, i s\u00e6rdeleshet den uten koraltilknytning, er vanskelig \u00e5 datere med noenlunde sikkerhet. Det gjelder ogs\u00e5 storverkene med betegnelsen Toccata og Fuge. Noen av dem b\u00e6rer imidlertid trekk som plasserer dem noks\u00e5 tydelig under ungdommelig innflytelse av den nord-tyske stil. Sammensetningen kombinerer det frie improvisatoriske i Toccataen med den strukturelle fullendelse som man finner i Fugens form. En balansert sammenstilling av det frie og det bundne. <\/p>\n<p>Domorganist K\u00e5re Nordstoga (1954) gir med denne CDen det ultimate bevis p\u00e5 hvilket fantastisk instrument som firmaet Ryde &amp; Berg oppf\u00f8rte i Oslo Domkirke i 1998. Nordstoga henter ut alt som finnes av resurser i instrumentet, og befester sin stilling som en eminent tolker av Bachs musikk.<\/p>\n<p><!--more--><\/p>\n<h4><\/h4>\n<\/p>\n<h4><\/h4>\n<p><h4><\/h4>\n<\/p>\n<p><\/p>","protected":false},"excerpt":{"rendered":"<p>Nordstoga henter ut alt som finnes av resurser i instrumentet, og befester sin stilling som en eminent tolker av Bachs musikk.<\/p>\n","protected":false},"featured_media":31023,"comment_status":"closed","ping_status":"open","template":"","meta":[],"product_brand":[],"product_cat":[180],"product_tag":[],"class_list":{"0":"post-31021","1":"product","2":"type-product","3":"status-publish","4":"has-post-thumbnail","6":"product_cat-simax-classics","7":"product_shipping_class-cddvd-shipping","8":"uni_artist_tag-arne-akselberg","9":"uni_artist_tag-johan-sebastian-bach-1685-1750","10":"uni_artist_tag-kare-nordstoga","11":"uni_main_artist_tag-kare-nordstoga","12":"uni_artist_genre-classical","13":"uni_artist_genre-organ","15":"first","16":"instock","17":"taxable","18":"shipping-taxable","19":"purchasable","20":"product-type-simple"},"_links":{"self":[{"href":"https:\/\/grappa.no\/no\/wp-json\/wp\/v2\/product\/31021","targetHints":{"allow":["GET"]}}],"collection":[{"href":"https:\/\/grappa.no\/no\/wp-json\/wp\/v2\/product"}],"about":[{"href":"https:\/\/grappa.no\/no\/wp-json\/wp\/v2\/types\/product"}],"replies":[{"embeddable":true,"href":"https:\/\/grappa.no\/no\/wp-json\/wp\/v2\/comments?post=31021"}],"wp:featuredmedia":[{"embeddable":true,"href":"https:\/\/grappa.no\/no\/wp-json\/wp\/v2\/media\/31023"}],"wp:attachment":[{"href":"https:\/\/grappa.no\/no\/wp-json\/wp\/v2\/media?parent=31021"}],"wp:term":[{"taxonomy":"product_brand","embeddable":true,"href":"https:\/\/grappa.no\/no\/wp-json\/wp\/v2\/product_brand?post=31021"},{"taxonomy":"product_cat","embeddable":true,"href":"https:\/\/grappa.no\/no\/wp-json\/wp\/v2\/product_cat?post=31021"},{"taxonomy":"product_tag","embeddable":true,"href":"https:\/\/grappa.no\/no\/wp-json\/wp\/v2\/product_tag?post=31021"}],"curies":[{"name":"wp","href":"https:\/\/api.w.org\/{rel}","templated":true}]}}