{"id":31017,"date":"2009-08-31T00:00:00","date_gmt":"2009-08-30T23:00:00","guid":{"rendered":"http:\/\/www.grappa.no\/no\/albums\/ukategorisert\/over-the-piano-american-cabaret-songs\/"},"modified":"2016-11-18T16:35:20","modified_gmt":"2016-11-18T15:35:20","slug":"over-the-piano-american-cabaret-songs","status":"publish","type":"product","link":"https:\/\/grappa.no\/no\/albums\/grappa\/over-the-piano-american-cabaret-songs\/","title":{"rendered":"Over the Piano &#8211; American Cabaret Songs"},"content":{"rendered":"<p><\/p>\n<p>Amerikansk kabaretmusikk fra Waagaard og Augestad<\/p>\n<p>Dette albumet er viet kabaretmusikken, ikke minst kjente sanger av Stephen Sondheim og Kurt Weill. Ivar Anton Waagaard og Tora Augestad har spilt sammen i snart 10 \u00e5r. De startet opp med et repertoar av klassisk musikk, men fant snart en felles kj\u00e6rlighet for kabaretsanger. Med denne innspillingen dokumenterer de sin beundring og fascinasjon for dette materialet. \u2013 Kabaretsangene er i en tilstand av konstant forandring, og er derfor vanskelig \u00e5 fange. Ved \u00e5 balansere mellom popul\u00e6r og klassisk musikk, mellom scene og bar, har kabaretsang alltid pr\u00f8vd \u00e5 fortelle historier om det n\u00e5v\u00e6rende tidspunkt. Gjennom ironi og \u00e6rlighet, glamour og handlekraft, tilbyr kabaretsanger kunstneriske fragmenter og \u00f8yeblikk. I disse sangene vil du forh\u00e5pentligvis finne kabaretens f\u00f8lelse, stemning og magi. Det er v\u00e5rt h\u00e5p at lytterne vil nyte dette fascinerende og mangfoldige musikalske landskapet, sier Tora Augestad.<\/p>\n<p><!--more--><\/p>\n<h4><\/h4>\n<\/p>\n<h4><\/h4>\n<p><h4><\/h4>\n<\/p>\n<p><\/p>","protected":false},"excerpt":{"rendered":"<p>\u2013 Her til lands er det neppe noen som behersker mangfoldet i kabaretformen bedre enn Tora Augestad. [5\/6 Geir Vestad\/Hamar Arbeiderblad]<\/p>\n","protected":false},"featured_media":31018,"comment_status":"closed","ping_status":"open","template":"","meta":[],"product_brand":[],"product_cat":[6],"product_tag":[],"class_list":{"0":"post-31017","1":"product","2":"type-product","3":"status-publish","4":"has-post-thumbnail","6":"product_cat-grappa","7":"product_shipping_class-cddvd-shipping","8":"uni_artist_tag-arnold-weinstein","9":"uni_artist_tag-audun-strype","10":"uni_artist_tag-ira-gershwin","11":"uni_artist_tag-ivar-anton-waagaard","12":"uni_artist_tag-james-joyce","13":"uni_artist_tag-kurt-weill","14":"uni_artist_tag-samuel-barber","15":"uni_artist_tag-stephen-sondheim","16":"uni_artist_tag-tora-augestad","17":"uni_artist_tag-william-bolcom","18":"uni_main_artist_tag-tora-augestad","19":"uni_artist_genre-cabaret","20":"uni_artist_genre-easy-listening","22":"first","23":"instock","24":"taxable","25":"shipping-taxable","26":"purchasable","27":"product-type-simple"},"_links":{"self":[{"href":"https:\/\/grappa.no\/no\/wp-json\/wp\/v2\/product\/31017","targetHints":{"allow":["GET"]}}],"collection":[{"href":"https:\/\/grappa.no\/no\/wp-json\/wp\/v2\/product"}],"about":[{"href":"https:\/\/grappa.no\/no\/wp-json\/wp\/v2\/types\/product"}],"replies":[{"embeddable":true,"href":"https:\/\/grappa.no\/no\/wp-json\/wp\/v2\/comments?post=31017"}],"wp:featuredmedia":[{"embeddable":true,"href":"https:\/\/grappa.no\/no\/wp-json\/wp\/v2\/media\/31018"}],"wp:attachment":[{"href":"https:\/\/grappa.no\/no\/wp-json\/wp\/v2\/media?parent=31017"}],"wp:term":[{"taxonomy":"product_brand","embeddable":true,"href":"https:\/\/grappa.no\/no\/wp-json\/wp\/v2\/product_brand?post=31017"},{"taxonomy":"product_cat","embeddable":true,"href":"https:\/\/grappa.no\/no\/wp-json\/wp\/v2\/product_cat?post=31017"},{"taxonomy":"product_tag","embeddable":true,"href":"https:\/\/grappa.no\/no\/wp-json\/wp\/v2\/product_tag?post=31017"}],"curies":[{"name":"wp","href":"https:\/\/api.w.org\/{rel}","templated":true}]}}