{"id":31014,"date":"2016-09-02T00:00:00","date_gmt":"2016-09-01T23:00:00","guid":{"rendered":"http:\/\/www.grappa.no\/no\/albums\/ukategorisert\/gjermund-larsen-trio-salmeklang\/"},"modified":"2020-11-24T15:03:03","modified_gmt":"2020-11-24T14:03:03","slug":"gjermund-larsen-trio-salmeklang","status":"publish","type":"product","link":"https:\/\/grappa.no\/no\/albums\/heilo\/gjermund-larsen-trio-salmeklang\/","title":{"rendered":"Gjermund Larsen Trio: Salmeklang"},"content":{"rendered":"<p><\/p>\n<p>Gjermund Larsen trio med gjester<\/p>\n<p>Etter tre plater i trioformat \u2013 en triologi \u2013 utvider Gjermund Larsen Trio paletten p\u00e5 sitt fjerde album Salmeklang. Gjermund har tatt nye steg som komponist, og p\u00e5 deler av platen har trioen invitert med seg den svenske folkemusikkgruppen Nordic, som setter sitt klare preg p\u00e5 musikken. Albumet markerer ogs\u00e5 ti\u00e5rs jubileum for Gjermund Larsen trio. Samspillet b\u00e6rer preg av lang fartstid sammen og i l\u00f8pet av sitt f\u00f8rste ti\u00e5r har trioen foredlet sitt helt s\u00e6regne uttrykk der elementer fra norsk tradisjonsmusikk, kammerjazz, bluegrass, barokk- og samtidsmusikk smeltes sammen. Gjermund Larsen skriver fortsatt all musikken for trioen, og hans meloditeft og varhet for stemninger er fremtredende. Musikken er vakker og intim. Den oppleves som personlig og med en stillferdig, men klar henvendelse til lytteren. Verket \u00abSalmeklang\u00bb ble bestilt av Oslo Kirkemusikkfestival, og salmetoner etter spellemannen Hilmar Alexandersen (1902-93) og den norsksvenske \u201dgrensel\u00f8se\u201d folkemusikktradisjonen danner utgangspunktet for musikken.<\/p>\n<p><!--more--><\/p>\n<p>Etter tre plater i trioformat \u2013 en triologi \u2013 utvider Gjermund Larsen Trio paletten p\u00e5 sitt fjerde album Salmeklang. Gjermund har tatt nye steg som komponist, og p\u00e5 deler av platen har trioen invitert med seg den svenske folkemusikkgruppen Nordic, som setter sitt klare preg p\u00e5 musikken. Albumet markerer ogs\u00e5 ti\u00e5rs jubileum for Gjermund Larsen trio.<\/p>\n<h4>Personlig musikk<\/h4>\n<p>Gjermund Larsen skriver fortsatt all musikken for trioen, og hans meloditeft og varhet for stemninger er fremtredende. Musikken er vakker og intim. Den oppleves som personlig og med en stillferdig, men klar henvendelse til lytteren: \u00abHvis jeg skal kunne gi noe n\u00e5r jeg opptrer m\u00e5 musikken bety noe for meg.\u00bb fastsl\u00e5r Gjermund. \u00abSiden forrige utgivelse har jeg blant annet f\u00e5tt tvillinger, og de har gitt inspirasjon til to av l\u00e5tene. En annen l\u00e5t ble skrevet til min fars 70- \u00e5rsdag. S\u00e5 s\u00e5nn sett er det veldig personlig musikk.\u00bb<\/p>\n<h4>Hilmar Alexandersen<\/h4>\n<p>Tilfeldigheter spilte en rolle da Gjermund Larsen trio ble startet for ti \u00e5r siden. De tre m\u00f8ttes og spilte sammen for f\u00f8rste gang p\u00e5 en uformell huskonsert. Da Gjermund fikk i oppdrag \u00e5 skrive bestillingsverket til Telemarkfestivalen i 2006 var f\u00f8rste innfall \u00e5 ringe nettopp Andreas Utnem (flygel\/harmonium) og Sondre Meisfjord (kontrabass). \u00c5ret etter vant Gjermund Grappas debutantpris, og fikk mulighet til \u00e5 g\u00e5 i studio \u00e5 spille inn bestillingsverket han hadde skrevet til trioen. Det ble til debutalbumet \u00abAnkomst\u00bb, som ble bel\u00f8nnet med en Spellemannspris \u00e5ret etterp\u00e5.<\/p>\n<p>N\u00e5, ti \u00e5r etter, setter p\u00e5 ny et bestillingsverk preg p\u00e5 den nye utgivelsen. Verket \u00abSalmeklang\u00bb ble bestilt av Oslo Kirkemusikkfestival, og salmetoner etter spellemannen Hilmar Alexandersen (1902-93) og den norsksvenske \u201dgrensel\u00f8se\u201d folkemusikktradisjonen danner utgangspunktet for musikken. \u201dSalmeklang\u201d ble urfremf\u00f8rt av Gjermund Larsen Trio og den svenske folkemuskkgruppen Nordic i 2015.<\/p>\n<p>&nbsp;<\/p>\n<p><\/p>","protected":false},"excerpt":{"rendered":"<p>Gjermund Larsen skriver fortsatt all musikken for trioen, og hans meloditeft og varhet for stemninger er fremtredende. Musikken er vakker og intim.<\/p>\n","protected":false},"featured_media":31015,"comment_status":"closed","ping_status":"closed","template":"","meta":[],"product_brand":[],"product_cat":[35],"product_tag":[],"class_list":{"0":"post-31014","1":"product","2":"type-product","3":"status-publish","4":"has-post-thumbnail","6":"product_cat-heilo","7":"product_shipping_class-cddvd-shipping","8":"uni_artist_tag-anders-lofberg","9":"uni_artist_tag-andreas-utnem","10":"uni_artist_tag-erik-rydvall","11":"uni_artist_tag-gjermund-larsen","12":"uni_artist_tag-gjermund-larsen-trio","13":"uni_artist_tag-magnus-zetterlund","14":"uni_artist_tag-sondre-meisfjord","15":"uni_main_artist_tag-gjermund-larsen-trio","16":"uni_artist_genre-folk-music","17":"uni_artist_genre-instrumental","19":"first","20":"instock","21":"taxable","22":"shipping-taxable","23":"purchasable","24":"product-type-variable","25":"has-default-attributes"},"_links":{"self":[{"href":"https:\/\/grappa.no\/no\/wp-json\/wp\/v2\/product\/31014","targetHints":{"allow":["GET"]}}],"collection":[{"href":"https:\/\/grappa.no\/no\/wp-json\/wp\/v2\/product"}],"about":[{"href":"https:\/\/grappa.no\/no\/wp-json\/wp\/v2\/types\/product"}],"replies":[{"embeddable":true,"href":"https:\/\/grappa.no\/no\/wp-json\/wp\/v2\/comments?post=31014"}],"wp:featuredmedia":[{"embeddable":true,"href":"https:\/\/grappa.no\/no\/wp-json\/wp\/v2\/media\/31015"}],"wp:attachment":[{"href":"https:\/\/grappa.no\/no\/wp-json\/wp\/v2\/media?parent=31014"}],"wp:term":[{"taxonomy":"product_brand","embeddable":true,"href":"https:\/\/grappa.no\/no\/wp-json\/wp\/v2\/product_brand?post=31014"},{"taxonomy":"product_cat","embeddable":true,"href":"https:\/\/grappa.no\/no\/wp-json\/wp\/v2\/product_cat?post=31014"},{"taxonomy":"product_tag","embeddable":true,"href":"https:\/\/grappa.no\/no\/wp-json\/wp\/v2\/product_tag?post=31014"}],"curies":[{"name":"wp","href":"https:\/\/api.w.org\/{rel}","templated":true}]}}