{"id":30970,"date":"2016-08-26T00:00:00","date_gmt":"2016-08-25T23:00:00","guid":{"rendered":"http:\/\/www.grappa.no\/no\/albums\/ukategorisert\/monkey-plot-here-i-sit-knowing-all-of-this-lp-cd\/"},"modified":"2018-08-30T09:09:59","modified_gmt":"2018-08-30T08:09:59","slug":"here-i-sit-knowing-all-of-this-lp-cd","status":"publish","type":"product","link":"https:\/\/grappa.no\/no\/albums\/hubro\/here-i-sit-knowing-all-of-this-lp-cd\/","title":{"rendered":"Here I Sit, Knowing All of This LP + CD"},"content":{"rendered":"<p><\/p>\n<p>Monkey Plot g\u00e5r elektrisk<\/p>\n<p>I oppstarten for seks \u00e5r siden var Monkey Plot en r\u00e5hogd elektrisk gitar-trio f\u00f8r de p\u00e5 et tidspunkt tok str\u00f8mmen og valgte seg et helakustisk uttrykk. N\u00e5 plugger de seg inn i stikk-kontakten igjen, men uttrykket er ganske annerledes enn for seks \u00e5r siden.<\/p>\n<p>Bandets akustiske musikk var musikk for sm\u00e5 rom \u2013 stuemusikk.    P\u00e5 det nye album har de forflyttet seg til kjellerstua. Musikken kler fortsatt sm\u00e5 rom godt, men volumet er h\u00f8yere og energien annerledes. Men mer enn st\u00f8yende og h\u00f8yr\u00f8stet rockeklubb-impro har bandet n\u00e5 kommet frem til et slags slentrende og tilstandspreget uttrykk, som de er ganske alene om. Gjenkjennelig og nytt. Utfordrende, men tilgjengelig.<\/p>\n<p><!--more--><\/p>\n<p>P\u00e5 sitt tredje album g\u00e5r gitar-, bass-, og trommtrioen Monkey Plot elektrisk igjen etter i flere \u00e5r \u00e5 ha rendyrket et helakustisk uttrykk. Musikken oppleves fortsatt som intim men bandets r\u00f8tter i rocka improvisasjonsmusikk skinner klarere gjennom n\u00e5.<\/p>\n<h4>Kjellerstuemusikk<\/h4>\n<p>Bandets akustiske musikk var musikk for sm\u00e5 rom \u2013 stuemusikk.    P\u00e5 det nye album har de forflyttet seg til kjellerstua. Musikken kler fortsatt sm\u00e5 rom godt, men volumet er h\u00f8yere og energien annerledes. Men mer enn st\u00f8yende og h\u00f8yr\u00f8stet rockeklubb-impro har bandet n\u00e5 kommet frem til et slags slentrende og tilstandspreget uttrykk, som de er ganske alene om. Gjenkjennelig og nytt. Utfordrende, men tilgjengelig.<\/p>\n<p>Monkey Plot har blitt beskrevet som fornyere av norsk improvisasjonsmusikk, og improvisasjon er fortsatt verkt\u00f8yet de bruker for lage musikk. Materialet p\u00e5 \u00abHere I Sit, Knowing All Of This\u00bb  har sakte blitt gravet ut gjennom flere \u00e5rs samspill og improvisering.  Bandet har turnert flittig i Europa og S\u00f8r-Amerika det siste \u00e5ret, og det store antallet konserter har \u00e5penbart tatt samspillet til et nytt niv\u00e5. Monkey Plot slapp i 2013 sitt f\u00f8rste album &quot;L\u00f8v og lette vimpler&quot; p\u00e5 plateselskapet Gigafon. \u00c5ret etterp\u00e5 ble de k\u00e5ret til \u00ab\u00e5rets norske jazzmusikere\u00bb og vant et stipend fra Gramo.<\/p>\n<p>Den svenske poeten P\u00e4r Th\u00f6rn har samarbeidet med trioen p\u00e5 en rekke konserter og p\u00e5 en kassettutgivelse. Han leser sitt eget dikt p\u00e5  sporet \u00abKalla Handen\u00bb p\u00e5 albumet.<\/p>\n<p>\u00abHere I Sit, Knowing All of This\u00bb ble innspilt analogt i Athletic Studio i Halden, og senere mikset av J\u00f8rgen Tr\u00e6en i Duper Studio i Bergen.<\/p>\n<h4><\/h4>\n<p><h4><\/h4>\n<\/p>\n<p><\/p>","protected":false},"excerpt":{"rendered":"<p>Gjenkjennelig og nytt. Utfordrende, men tilgjengelig.<\/p>\n","protected":false},"featured_media":30971,"comment_status":"closed","ping_status":"open","template":"","meta":[],"product_brand":[],"product_cat":[36],"product_tag":[],"class_list":{"0":"post-30970","1":"product","2":"type-product","3":"status-publish","4":"has-post-thumbnail","6":"product_cat-hubro","7":"product_shipping_class-vinyl-shipping","8":"uni_artist_tag-christian-winther","9":"uni_artist_tag-jan-martin-gismervik","10":"uni_artist_tag-magnus-nergaard","11":"uni_artist_tag-monkey-plot","12":"uni_main_artist_tag-monkey-plot","13":"uni_artist_genre-improvised-music","14":"uni_artist_genre-instrumental","15":"uni_artist_genre-rock","17":"first","18":"instock","19":"taxable","20":"shipping-taxable","21":"purchasable","22":"product-type-simple"},"_links":{"self":[{"href":"https:\/\/grappa.no\/no\/wp-json\/wp\/v2\/product\/30970","targetHints":{"allow":["GET"]}}],"collection":[{"href":"https:\/\/grappa.no\/no\/wp-json\/wp\/v2\/product"}],"about":[{"href":"https:\/\/grappa.no\/no\/wp-json\/wp\/v2\/types\/product"}],"replies":[{"embeddable":true,"href":"https:\/\/grappa.no\/no\/wp-json\/wp\/v2\/comments?post=30970"}],"wp:featuredmedia":[{"embeddable":true,"href":"https:\/\/grappa.no\/no\/wp-json\/wp\/v2\/media\/30971"}],"wp:attachment":[{"href":"https:\/\/grappa.no\/no\/wp-json\/wp\/v2\/media?parent=30970"}],"wp:term":[{"taxonomy":"product_brand","embeddable":true,"href":"https:\/\/grappa.no\/no\/wp-json\/wp\/v2\/product_brand?post=30970"},{"taxonomy":"product_cat","embeddable":true,"href":"https:\/\/grappa.no\/no\/wp-json\/wp\/v2\/product_cat?post=30970"},{"taxonomy":"product_tag","embeddable":true,"href":"https:\/\/grappa.no\/no\/wp-json\/wp\/v2\/product_tag?post=30970"}],"curies":[{"name":"wp","href":"https:\/\/api.w.org\/{rel}","templated":true}]}}