{"id":30967,"date":"2016-08-26T00:00:00","date_gmt":"2016-08-25T23:00:00","guid":{"rendered":"http:\/\/www.grappa.no\/no\/albums\/ukategorisert\/moon-relay-full-stop-etc-lp\/"},"modified":"2018-08-30T09:09:49","modified_gmt":"2018-08-30T08:09:49","slug":"full-stop-etc-lp","status":"publish","type":"product","link":"https:\/\/grappa.no\/no\/albums\/hubro\/full-stop-etc-lp\/","title":{"rendered":"Full Stop Etc. LP"},"content":{"rendered":"<p><\/p>\n<p>Hallusinasjoner, dans og eventyrlige tankerekker<\/p>\n<p>Rockekvartetten Moon Relay spiller instrumentalmusikk som b\u00e5de stimulerer til hallusinasjoner, dans og eventyrlige tankerekker. I 2013 ga bandet ut en n\u00e5 for lengst utsolgt tolvtommer p\u00e5 HUBRO, f\u00f8r de \u00e5ret etter slapp et kritikerrost debutalbum p\u00e5 Fysisk Format.Med det nye albumet \u00abFull Stop Etc\u00bb vender de tilbake til HUBRO med et album som tar bandet i en enda mer kreativ og s\u00e6regen retning.<br \/>\n\u00abFull Stop Etc\u00bb skiller seg tydelig fra det selvtitulerte debutalbumet p\u00e5 mange m\u00e5ter. L\u00e5tene er strammere arrangert, korterere og bandet har \u00e5pnet flere d\u00f8rer mot nye rom. Albumet har i st\u00f8rre grad blitt til i studio denne gangen.\u00a0 Bandet ville g\u00e5 litt bort fra et klassisk \u201crockeband i et rom\u201d sound. De ville ta seg st\u00f8rre friheter og lage et mer collage-aktig album. Albumet er spilt inn delvis i Malabar Studio og i bandets eget hjemmestudio over et lenger tidsrom, og senere mikset av st\u00f8ymusiker og produsent Lasse Marhaug. Resultatet er et kreativt album som b\u00e5de fenger og overrasker, og betydelig utvider band-universet.<\/p>\n<p>\u201cFull Stop Etc\u201d er tilgjengelig som DL og som LP med trykket innerpose.<\/p>\n<p>Releaseturn\u00e9:<\/p>\n<p>16 september Trondheim Lobbyen w\/ Speciality Boys<br \/>\n17 september\u00a0 Stavanger Grottene<br \/>\n22 september &#8211; inder\u00f8ya<br \/>\n23 september &#8211; Internasjonalen Oslo (RELEASE) w\/Espen Friberg &amp; Fez2 Fez<br \/>\n25 November &#8211; Koloni,G\u00f8teborg<br \/>\n26 November -Lazy Octopus w\/ Receptacles- Stockholm<br \/>\n8 desember &#8211; Vaffelf\u00f8zz, Drammen<br \/>\n9 desember Granbar, Bergen<\/p>\n<p><!--more--><\/p>\n<p>Rockekvartetten Moon Relay spiller instrumentalmusikk som b\u00e5de stimulerer til hallusinasjoner, dans og eventyrlige tankerekker. I 2013 ga bandet ut en n\u00e5 for lengst utsolgt tolvtommer p\u00e5 HUBRO, f\u00f8r de \u00e5ret etter slapp et kritikerrost debutalbum p\u00e5 Fysisk Format.Med det nye albumet \u00abFull Stop Etc\u00bb vender de tilbake til HUBRO med et album som tar bandet i en enda mer kreativ og s\u00e6regen retning.<\/p>\n<h4>Repetisjon og br\u00e5kete gitar<\/h4>\n<p>Moon Relay best\u00e5r p\u00e5 albumet av Daniel Meyer Gr\u00f8nvold, H\u00e5vard Volden, Ola H\u00f8yer og Martin Sm\u00e5dal Larsen, kjente navn fra det man kan kalle Oslos st\u00f8y-, jazz-, og eksperimentrockmilj\u00f8. Bandets medlemmer spiller ogs\u00e5 med Jenny Hval, Cortex, Syntax TerrOrkester og Now We\u00b4ve got Members og hadde spilt med hverandre i forskjellige konstellasjoner siden 2006 f\u00f8r de bokstavelig talt samlet seg rundt en trommemaskin og startet Moon Relay. I bandet smelter interessen deres for repetitiv musikk, kraut- og elektronisk dansemusikk og et langt forhold til h\u00f8y og br\u00e5kete gitar sammen.<\/p>\n<p>\u00abFull Stop Etc\u00bb skiller seg tydelig fra det selvtitulerte debutalbumet p\u00e5 mange m\u00e5ter. L\u00e5tene er strammere arrangert, korterere og bandet har \u00e5pnet flere d\u00f8rer mot nye rom. Albumet har i st\u00f8rre grad blitt til i studio denne gangen.\u00a0 Bandet ville g\u00e5 litt bort fra et klassisk \u201crockeband i et rom\u201d sound. De ville ta seg st\u00f8rre friheter og lage et mer collage-aktig album. Albumet er spilt inn delvis i Malabar Studio og i bandets eget hjemmestudio over et lenger tidsrom, og senere mikset av st\u00f8ymusiker og produsent Lasse Marhaug. Resultatet er et kreativt album som b\u00e5de fenger og overrasker, og betydelig utvider band-universet.<\/p>\n<p>\u201cFull Stop Etc\u201d er tilgjengelig som DL og som LP med trykket innerpose.<\/p>\n<p>Releaseturn\u00e9:<\/p>\n<p>16 september Trondheim Lobbyen w\/ Speciality Boys<br \/>\n17 september\u00a0 Stavanger Grottene<br \/>\n22 september &#8211; inder\u00f8ya<br \/>\n23 september &#8211; Internasjonalen Oslo (RELEASE) w\/Espen Friberg &amp; Fez2 Fez<br \/>\n25 November &#8211; Koloni,G\u00f8teborg<br \/>\n26 November -Lazy Octopus w\/ Receptacles- Stockholm<br \/>\n8 desember &#8211; Vaffelf\u00f8zz, Drammen<br \/>\n9 desember Granbar, Bergen<\/p>\n<h4><\/h4>\n<p><h4><\/h4>\n<\/p>\n<p><\/p>","protected":false},"excerpt":{"rendered":"<p>Resultatet er et kreativt album som b\u00e5de fenger og overrasker, og betydelig utvider band-universet.<\/p>\n","protected":false},"featured_media":30969,"comment_status":"closed","ping_status":"open","template":"","meta":[],"product_brand":[],"product_cat":[36],"product_tag":[],"class_list":{"0":"post-30967","1":"product","2":"type-product","3":"status-publish","4":"has-post-thumbnail","6":"product_cat-hubro","7":"product_shipping_class-vinyl-shipping","8":"uni_artist_tag-daniel-meyer-gronvold","9":"uni_artist_tag-havard-volden","10":"uni_artist_tag-martin-smadal-larsen","11":"uni_artist_tag-moon-relay","12":"uni_artist_tag-ola-hoyer","13":"uni_main_artist_tag-moon-relay","14":"uni_artist_genre-improvised-music","15":"uni_artist_genre-instrumental","16":"uni_artist_genre-rock","18":"first","19":"instock","20":"taxable","21":"shipping-taxable","22":"purchasable","23":"product-type-simple"},"_links":{"self":[{"href":"https:\/\/grappa.no\/no\/wp-json\/wp\/v2\/product\/30967","targetHints":{"allow":["GET"]}}],"collection":[{"href":"https:\/\/grappa.no\/no\/wp-json\/wp\/v2\/product"}],"about":[{"href":"https:\/\/grappa.no\/no\/wp-json\/wp\/v2\/types\/product"}],"replies":[{"embeddable":true,"href":"https:\/\/grappa.no\/no\/wp-json\/wp\/v2\/comments?post=30967"}],"wp:featuredmedia":[{"embeddable":true,"href":"https:\/\/grappa.no\/no\/wp-json\/wp\/v2\/media\/30969"}],"wp:attachment":[{"href":"https:\/\/grappa.no\/no\/wp-json\/wp\/v2\/media?parent=30967"}],"wp:term":[{"taxonomy":"product_brand","embeddable":true,"href":"https:\/\/grappa.no\/no\/wp-json\/wp\/v2\/product_brand?post=30967"},{"taxonomy":"product_cat","embeddable":true,"href":"https:\/\/grappa.no\/no\/wp-json\/wp\/v2\/product_cat?post=30967"},{"taxonomy":"product_tag","embeddable":true,"href":"https:\/\/grappa.no\/no\/wp-json\/wp\/v2\/product_tag?post=30967"}],"curies":[{"name":"wp","href":"https:\/\/api.w.org\/{rel}","templated":true}]}}