{"id":30943,"date":"2016-09-02T00:00:00","date_gmt":"2016-09-01T23:00:00","guid":{"rendered":"http:\/\/www.grappa.no\/no\/albums\/ukategorisert\/wasso\/"},"modified":"2016-11-18T16:25:32","modified_gmt":"2016-11-18T15:25:32","slug":"wasso","status":"publish","type":"product","link":"https:\/\/grappa.no\/no\/albums\/heilo\/wasso\/","title":{"rendered":"Wasso"},"content":{"rendered":"<p><\/p>\n<p>Nytt album fra Diom de Kossa<\/p>\n<p>Diom de Kossa har laget en ny plate med sitt band. Nok en gang har lydene, groovene og melodiene fra regnskogene og kaffeplantasjene nordvest i Elfenbenskysten funnet nye uttrykksformer. Plata er produsert i samarbeid med gitaristen Olav Torget (Kristin Asbj\u00f8rnsen, Karl Seglem, Solo Cissokho, Anita Skorgan)  som i en \u00e5rrekke har arbeidet med vestafrikansk musikk, trommeslager og perkusjonist Kenneth Ekornes (Mari Boine, Brass Brothers, Nymark Collective) som har spilt og studert Brasiliansk musikk, samt bassisten Tiago Mendes fra Brasil (Samsaya, Chakras, SoulXL).<br \/>\nKossa har, sammen med Torget, Ekornes og Mendez, funnet et variert og hardtsvingende uttrykk. Lyrisk gitarspill, fuzzgitar, suggererende bass, heftige rytmer og call &amp; respons sang! Kossa var i flere \u00e5r mestertrommeslager i Elfenbenskystens nasjonalballett. Her hadde han ansvaret for \u00e5 l\u00e6re seg musikk fra de ulike folkeslagene i Elfenbenskysten, for s\u00e5 \u00e5 innstudere den med ensemblet. I Elfenbenskysten finnes det over 60 ulike spr\u00e5k og kulturer, s\u00e5 Kossas kunnskap er sv\u00e6rt omfattende. Denne kunnskapen ligger til grunn n\u00e5r han komponerer sin egen musikk.<\/p>\n<p><!--more--><\/p>\n<p>Diom de Kossa har laget en ny plate med sitt band. Nok en gang har lydene, groovene og melodiene fra regnskogene og kaffeplantasjene nordvest i Elfenbenskysten funnet nye uttrykksformer.<\/p>\n<h4>Elfenbenskystens nasjonalballett<\/h4>\n<p>Diom de Kossas hovedinstrument er Yadoh trommer, fire sm\u00e5 trommer som er bundet sammen med en st\u00f8rre, og som man kan spille melodiske rytmer med. Dette er et av de viktigste instrumentene han bruker n\u00e5r han lager nye l\u00e5ter.<br \/>\nKossa var i flere \u00e5r mestertrommeslager i Elfenbenskystens nasjonalballett. Her hadde han ansvaret for \u00e5 l\u00e6re seg musikk fra de ulike folkeslagene i Elfenbenskysten, for s\u00e5 \u00e5 innstudere den med ensemblet. I Elfenbenskysten finnes det over 60 ulike spr\u00e5k og kulturer, s\u00e5 Kossas kunnskap er sv\u00e6rt omfattende. Denne kunnskapen ligger til grunn n\u00e5r han komponerer sin egen musikk.<\/p>\n<h4>Wasso<\/h4>\n<p>Diom de Kossa om Wasso:<br \/>\n\u201cMusikalsk er er jeg inspirert av maskedansen og ritualer fra mitt hjemsted i regnskogen i Elfenbenskysten. Tekstene har &quot;fred&quot; som hovedtema, og handler om fred og ufred i alt fra hverdagslige ting til internasjonal politikk.<br \/>\nMaskedansen og den rituelle musikken hos Yacouba\/Mahou -folket i Elfenbenskysten har felles trekk med musikken hos pygmefolket, men vi bruker mer perkusjon. Jeg har vokst opp i denne tradisjonen, og skriver nye sanger og tekster i forlengelsen av tradisjonen.\u201d<\/p>\n<p>Musikken er arrangert av bandet og produsent Olav Torget, og er spilt inn i Urban Sound Studios med Jock Loveband. Bandet best\u00e5r av Kenneth Ekornes (trommer, perk, sang), Tiago Mendes (bass, sang) og Olav Torget (gitarer, n\u2019goni, sang) og Diom de Kossa Yadoh trommer, diverse perkusjon og vokal.<\/p>\n<h4><\/h4>\n<p>Diom de Kossa, vokal, Yadoh trommer Dodo og perkusjon. Er fra Elfenbenkysten, og har sin bakgrunn fra tradisjonell musikk i landsbyen han kommer ifra, Toufinga, Han ble plukket ut til \u00e5 spille i Elfenbenkystens Nasjonalballett og var der i 10 \u00e5r f\u00f8r han kom til Norge i 1985. I Norge ledet han orkesteret Super Djembe Kahn, og har gitt ut fem innspillinger med egen musikk.  I 2008 hadde Diom de Kossa bestillingsverket til Telemarksfestivalen.<br \/>\nDiom de Kossa har spilt med en rekke band og prosjekter i inn og utland bla.: MoryKante, Ali Farka Toure, Robert Bur\u00e5s, Madrugada, Malika Makouf Rasmussen,  Primal Spirit, og Cissokho System, og gjort mange turneer for Rikskonsertene. Han leder idag ogs\u00e5 Afriki Percussion en gruppe med fem perkusjonister.<br \/>\nTurneer og konserter med f\u00f8lgende prosjekter i Usa: Ozilly connections, Dodo Awoko, Village Africain, Sabrama<\/p>\n<p>Olav Torget, gitarer, N\u2019Goni, vokal, har v\u00e6rt frilans musiker i Oslo i en \u00e5rrekke. Har siden han i 1994 ble invitert til Namibia for samarbeid med Namibiske artister og musikere v\u00e6rt opptatt av afrikansk musikk. Jobbet i ti \u00e5r med koraspilleren Solo Cissokho og har gjennom flere opphold i Senegal og Gambia studert vestafrikansk musikk og instrumentet N\u2019Goni eller Konting. I Norge er han mest kjent for samarbeid med artister som Kristin Asbj\u00f8rnsen, Steinar Ofsdal, Karl Seglem, Geir Lysne og Anita Skorgan. <\/p>\n<p>Kenneth Ekornes, trommer, perkusjon og vokal. Jobber som frilans musiker i Oslo med hovedvekt p\u00e5 jazz\/etnisk musikk. Han har hentet inspirasjon i norsk, samisk, brasiliansk, cubansk og afrikansk folkemusikk. Sammen med jazz\/improvisert musikk danner dette grunnlaget for hans eget tromme\/perkusjonsspill som kombinerer akustiske slaginstrumenter fra alle verdenshj\u00f8rner og elektronikk. Spilt med ulike prosjekter og artister som Mari Boine, Nymark Collective, F\u00f8yk, Claudio Dauelsberg Quartett mm. <\/p>\n<p>Tiago Mendes, bass, vokal. Tiago er en nykommer p\u00e5 den norske musikkscenen, men har allerede bemerket seg med sine bidrag med artister og band som, Samsaya Sheldon Blackman, Robert Rustad Amundsen, Chakras og SoulXL.<\/p>\n<p><\/p>","protected":false},"excerpt":{"rendered":"<p>Diom de Kossa har laget en ny plate med sitt band. Nok en gang har lydene, groovene og melodiene fra regnskogene og kaffeplantasjene nordvest i Elfenbenskysten funnet nye uttrykksformer.<\/p>\n","protected":false},"featured_media":30946,"comment_status":"closed","ping_status":"open","template":"","meta":[],"product_brand":[],"product_cat":[35],"product_tag":[],"class_list":{"0":"post-30943","1":"product","2":"type-product","3":"status-publish","4":"has-post-thumbnail","6":"product_cat-heilo","7":"product_shipping_class-cddvd-shipping","8":"uni_artist_tag-diom-de-kossa","9":"uni_artist_tag-kenneth-ekornes","10":"uni_artist_tag-olav-torget","11":"uni_artist_tag-tiago-mendez","12":"uni_main_artist_tag-diom-de-kossa","13":"uni_artist_genre-world-music","15":"first","16":"instock","17":"taxable","18":"shipping-taxable","19":"purchasable","20":"product-type-simple"},"_links":{"self":[{"href":"https:\/\/grappa.no\/no\/wp-json\/wp\/v2\/product\/30943","targetHints":{"allow":["GET"]}}],"collection":[{"href":"https:\/\/grappa.no\/no\/wp-json\/wp\/v2\/product"}],"about":[{"href":"https:\/\/grappa.no\/no\/wp-json\/wp\/v2\/types\/product"}],"replies":[{"embeddable":true,"href":"https:\/\/grappa.no\/no\/wp-json\/wp\/v2\/comments?post=30943"}],"wp:featuredmedia":[{"embeddable":true,"href":"https:\/\/grappa.no\/no\/wp-json\/wp\/v2\/media\/30946"}],"wp:attachment":[{"href":"https:\/\/grappa.no\/no\/wp-json\/wp\/v2\/media?parent=30943"}],"wp:term":[{"taxonomy":"product_brand","embeddable":true,"href":"https:\/\/grappa.no\/no\/wp-json\/wp\/v2\/product_brand?post=30943"},{"taxonomy":"product_cat","embeddable":true,"href":"https:\/\/grappa.no\/no\/wp-json\/wp\/v2\/product_cat?post=30943"},{"taxonomy":"product_tag","embeddable":true,"href":"https:\/\/grappa.no\/no\/wp-json\/wp\/v2\/product_tag?post=30943"}],"curies":[{"name":"wp","href":"https:\/\/api.w.org\/{rel}","templated":true}]}}