{"id":30941,"date":"1999-09-23T00:00:00","date_gmt":"1999-09-22T23:00:00","guid":{"rendered":"http:\/\/www.grappa.no\/no\/albums\/ukategorisert\/mahler-symphony-no-1-titan\/"},"modified":"2019-02-22T15:43:34","modified_gmt":"2019-02-22T14:43:34","slug":"mahler-symphony-no-1-titan","status":"publish","type":"product","link":"https:\/\/grappa.no\/no\/albums\/simax-classics\/mahler-symphony-no-1-titan\/","title":{"rendered":"Mahler Symphony no 1 (Titan)"},"content":{"rendered":"<p><\/p>\n<p>Mahlers Titan<\/p>\n<p>Gustav Mahlers \u201dTitan \u2013 eine Tondichtung in Symphonieform\u201d ble opprinnelig beskrevet som et symfonisk dikt i to deler, navnet er hentet fra en novelle av den tyske poeten Jean Paul. Verket er en tidlig versjon av det som skulle bli Symfoni nr. 1. Versjonen innspilt her er Hamburg-versjonen, et verk i to deler med fem satser med beskrivende titler \u2013 med den kjente &#8216;Bl\u00fcmine&#8217;-satsen. Verket begynner med en f\u00f8lelse av et tidl\u00f8st rom og stillhet, fjernt fra den heroiske tittelen, men gror over i noe raskere og lettere, og blir et av de mest trollbindende \u00f8yeblikkene innen 1800-talls symfoniske musikk. <\/p>\n<p>Dette albumet inneholder ogs\u00e5 Mahlers \u201dPianokvartett i a-moll\u201d, fremf\u00f8rt av den prisvinnende pianisten Mats Jansson med medlemmer av Holmenkvartetten, et verk som frem til 1973 var s\u00e5 og si helt ukjent. Siden den tid har verket beseiret konsertscener over hele verden og er n\u00e5 et velkomment tilskudd til kammermusikkrepertoaret.<\/p>\n<p><!--more--><\/p>\n<h4><\/h4>\n<\/p>\n<h4><\/h4>\n<p><h4><\/h4>\n<\/p>\n<p><\/p>","protected":false},"excerpt":{"rendered":"<p>Mahlers &quot;Titan &#8211; eine Tondichtung in Symphonieform&quot; fremf\u00f8rt av Symfoniorkestern Norrk\u00f6ping og dirigent Ole Kristian Ruud.<\/p>\n","protected":false},"featured_media":30944,"comment_status":"closed","ping_status":"open","template":"","meta":[],"product_brand":[],"product_cat":[180],"product_tag":[],"class_list":{"0":"post-30941","1":"product","2":"type-product","3":"status-publish","4":"has-post-thumbnail","6":"product_cat-simax-classics","7":"product_shipping_class-cddvd-shipping","8":"uni_artist_tag-gustav-mahler","9":"uni_artist_tag-norrkoping-symphony-orchestra","10":"uni_artist_tag-ole-kristian-ruud","11":"uni_artist_tag-robert-suff","12":"uni_main_artist_tag-norrkoping-symphony-orchestra","13":"uni_artist_genre-chamber-music","14":"uni_artist_genre-orchestral","15":"uni_artist_genre-world-premiere-recording","17":"first","18":"instock","19":"taxable","20":"shipping-taxable","21":"purchasable","22":"product-type-simple"},"_links":{"self":[{"href":"https:\/\/grappa.no\/no\/wp-json\/wp\/v2\/product\/30941","targetHints":{"allow":["GET"]}}],"collection":[{"href":"https:\/\/grappa.no\/no\/wp-json\/wp\/v2\/product"}],"about":[{"href":"https:\/\/grappa.no\/no\/wp-json\/wp\/v2\/types\/product"}],"replies":[{"embeddable":true,"href":"https:\/\/grappa.no\/no\/wp-json\/wp\/v2\/comments?post=30941"}],"wp:featuredmedia":[{"embeddable":true,"href":"https:\/\/grappa.no\/no\/wp-json\/wp\/v2\/media\/30944"}],"wp:attachment":[{"href":"https:\/\/grappa.no\/no\/wp-json\/wp\/v2\/media?parent=30941"}],"wp:term":[{"taxonomy":"product_brand","embeddable":true,"href":"https:\/\/grappa.no\/no\/wp-json\/wp\/v2\/product_brand?post=30941"},{"taxonomy":"product_cat","embeddable":true,"href":"https:\/\/grappa.no\/no\/wp-json\/wp\/v2\/product_cat?post=30941"},{"taxonomy":"product_tag","embeddable":true,"href":"https:\/\/grappa.no\/no\/wp-json\/wp\/v2\/product_tag?post=30941"}],"curies":[{"name":"wp","href":"https:\/\/api.w.org\/{rel}","templated":true}]}}