{"id":30936,"date":"1999-03-04T00:00:00","date_gmt":"1999-03-03T23:00:00","guid":{"rendered":"http:\/\/www.grappa.no\/no\/albums\/ukategorisert\/mozart-piano-sonatas-vol-4\/"},"modified":"2019-02-22T15:43:27","modified_gmt":"2019-02-22T14:43:27","slug":"mozart-piano-sonatas-vol-4","status":"publish","type":"product","link":"https:\/\/grappa.no\/no\/albums\/simax-classics\/mozart-piano-sonatas-vol-4\/","title":{"rendered":"Mozart: Piano Sonatas vol. 4"},"content":{"rendered":"<p><\/p>\n<p>Liv Glasers fjerde samling med Mozarts pianosonater<\/p>\n<p>Lyset som f\u00f8lger med Mozarts musikk ber\u00f8rer oss alle. Den magisk utformede musikken stiller imidlertid ut\u00f8veren ovenfor mange utfordringer, men \u00e9n er nok den st\u00f8rste; det \u00e5 v\u00e5ge \u00e5 la sin egen personlighet spille med! Liv Glaser v\u00e5ger dette, og kanskje nettopp derfor blir hennes Mozart noe meget mer enn vakkert klingende musikk.<\/p>\n<p>Glasers egen historie med hammerklaveret betegner hun som en \u00abhemmelig kj\u00e6rlighetsaff\u00e6re\u00bb, som har beveget seg fra en liten fl\u00f8rt til \u00e5 bli den store kj\u00e6rligheten. Den fantastiske fargepaletten et hammerklaver gir i forhold til et moderne flygel har \u00e5pnet opp musikken, gitt tilgang til fasetter i uttrykket man tidligere bare har kunnet ane. Hammerklaveret er det perfekte instrument for Glasers unike kvaliteter som Mozart-tolker. H\u00f8r hvordan hun former frasene med en selvf\u00f8lgelig eleganse, hver enkelt av dem f\u00e5r sitt eget liv, ja temaene tar form av karakterer som deltar i et dramatisk forl\u00f8p. Veien blir ikke s\u00e5 lang fra kammermusikken til operaen n\u00e5r en musiker av Glasers kaliber henter frem emosjonene i Mozarts musikk; det burleske, det vakre, vemodige og det litt frekke. Her ligger kanskje en viktig del av Mozarts geni; han skaper musikk som viser oss hvordan alle disse egenskapene er en del av det \u00e5 v\u00e6re menneske.<\/p>\n<p><!--more--><\/p>\n<h4><\/h4>\n<\/p>\n<h4><\/h4>\n<p><h4><\/h4>\n<\/p>\n<p><\/p>","protected":false},"excerpt":{"rendered":"<p>Lek og latter, sp\u00f8k og t\u00e5rer, lengsel, redsel og glede; alt sammen f\u00e5r vi som tilh\u00f8rere del i som f\u00f8lge av dette enest\u00e5ende kompaniskapet mellom Liv Glaser, Mozart og hammerklaveret.<\/p>\n","protected":false},"featured_media":30939,"comment_status":"closed","ping_status":"open","template":"","meta":[],"product_brand":[],"product_cat":[180],"product_tag":[],"class_list":{"0":"post-30936","1":"product","2":"type-product","3":"status-publish","4":"has-post-thumbnail","6":"product_cat-simax-classics","7":"product_shipping_class-cddvd-shipping","8":"uni_artist_tag-erik-gard-amundsen","9":"uni_artist_tag-liv-glaser","10":"uni_artist_tag-wolfgang-amadeus-mozart","11":"uni_main_artist_tag-liv-glaser","12":"uni_artist_genre-early-music","13":"uni_artist_genre-piano","15":"first","16":"instock","17":"taxable","18":"shipping-taxable","19":"purchasable","20":"product-type-simple"},"_links":{"self":[{"href":"https:\/\/grappa.no\/no\/wp-json\/wp\/v2\/product\/30936","targetHints":{"allow":["GET"]}}],"collection":[{"href":"https:\/\/grappa.no\/no\/wp-json\/wp\/v2\/product"}],"about":[{"href":"https:\/\/grappa.no\/no\/wp-json\/wp\/v2\/types\/product"}],"replies":[{"embeddable":true,"href":"https:\/\/grappa.no\/no\/wp-json\/wp\/v2\/comments?post=30936"}],"wp:featuredmedia":[{"embeddable":true,"href":"https:\/\/grappa.no\/no\/wp-json\/wp\/v2\/media\/30939"}],"wp:attachment":[{"href":"https:\/\/grappa.no\/no\/wp-json\/wp\/v2\/media?parent=30936"}],"wp:term":[{"taxonomy":"product_brand","embeddable":true,"href":"https:\/\/grappa.no\/no\/wp-json\/wp\/v2\/product_brand?post=30936"},{"taxonomy":"product_cat","embeddable":true,"href":"https:\/\/grappa.no\/no\/wp-json\/wp\/v2\/product_cat?post=30936"},{"taxonomy":"product_tag","embeddable":true,"href":"https:\/\/grappa.no\/no\/wp-json\/wp\/v2\/product_tag?post=30936"}],"curies":[{"name":"wp","href":"https:\/\/api.w.org\/{rel}","templated":true}]}}