{"id":30935,"date":"2000-05-15T00:00:00","date_gmt":"2000-05-14T23:00:00","guid":{"rendered":"http:\/\/www.grappa.no\/no\/albums\/ukategorisert\/martinu-kabalevsky-sonatas-variations-for-cello-and-piano\/"},"modified":"2019-02-22T15:43:21","modified_gmt":"2019-02-22T14:43:21","slug":"martinu-kabalevsky-sonatas-variations-for-cello-and-piano","status":"publish","type":"product","link":"https:\/\/grappa.no\/no\/albums\/simax-classics\/martinu-kabalevsky-sonatas-variations-for-cello-and-piano\/","title":{"rendered":"Martinu &amp; Kabalevsky sonatas &amp; variations for cello and piano"},"content":{"rendered":"<p><\/p>\n<p>Variasjoner og sonater av Martinu og Kabalevsky<\/p>\n<p>\u00d8ystein Birkeland (f. 1962) har bygget seg en karriere som solist og kammermusiker med sin cello. B\u00e5de nasjonalt og internasjonalt er han en anerkjent musiker med stor integritet og evner som setter ham i stand til \u00e5 gi tilh\u00f8reren en helt s\u00e6rpreget vakker musikkopplevelse. Aktuell n\u00e5 senest i en innspilling av Ragnar S\u00f6derlinds Cellokonsert med Moskva Radio Symfoniorkester for platemerket Aurora, er Birkeland en h\u00f8yt skattet solist. <\/p>\n<p>Denne gangen g\u00e5r Birkeland inn i musikken for cello og piano av Dimitri Kabalevsky og Bohuslav Martinu. Som reisef\u00f8lge har han pianisten H\u00e5vard Gimse (f. 1966). Sammen har de laget en CD med at fantastisk spenn i uttrykket. S\u00e6rpreget for b\u00e5de Kabalevsky og Martinus musikk er tilstedev\u00e6relsen av b\u00e5de den fullkomne lykke og den dypeste tragedie, som i 1. sats av Kabalevskys sonate. Men h\u00f8r ogs\u00e5 hvordan Martinu leker med et Rossini-tema. Verket er spesielt skrevet for den legendariske cellisten Piatigorsky. <\/p>\n<p>Fotografen Tom Sandberg fant denne musikken s\u00e5 interessant at han ville lage en egen fotoserie for utgivelsen, noe som designeren Camilla Ekblad Dedekam har kunnet benytte som grunnlag i utformingen av coveret.<\/p>\n<p><!--more--><\/p>\n<h4><\/h4>\n<\/p>\n<h4><\/h4>\n<p><h4><\/h4>\n<\/p>\n<p><\/p>","protected":false},"excerpt":{"rendered":"<p>\u2013 Birkeland is an artist of exceptional musicality and technical finesse. [The Daily Telegraph]<\/p>\n","protected":false},"featured_media":30938,"comment_status":"closed","ping_status":"open","template":"","meta":[],"product_brand":[],"product_cat":[180],"product_tag":[],"class_list":{"0":"post-30935","1":"product","2":"type-product","3":"status-publish","4":"has-post-thumbnail","6":"product_cat-simax-classics","7":"product_shipping_class-cddvd-shipping","8":"uni_artist_tag-bohuslav-martinu","9":"uni_artist_tag-dimitri-kabalevsky","10":"uni_artist_tag-erik-gard-amundsen","11":"uni_artist_tag-havard-gimse","12":"uni_artist_tag-oystein-birkeland","13":"uni_main_artist_tag-oystein-birkeland","14":"uni_artist_genre-chamber-music","15":"uni_artist_genre-strings","17":"first","18":"instock","19":"taxable","20":"shipping-taxable","21":"purchasable","22":"product-type-simple"},"_links":{"self":[{"href":"https:\/\/grappa.no\/no\/wp-json\/wp\/v2\/product\/30935","targetHints":{"allow":["GET"]}}],"collection":[{"href":"https:\/\/grappa.no\/no\/wp-json\/wp\/v2\/product"}],"about":[{"href":"https:\/\/grappa.no\/no\/wp-json\/wp\/v2\/types\/product"}],"replies":[{"embeddable":true,"href":"https:\/\/grappa.no\/no\/wp-json\/wp\/v2\/comments?post=30935"}],"wp:featuredmedia":[{"embeddable":true,"href":"https:\/\/grappa.no\/no\/wp-json\/wp\/v2\/media\/30938"}],"wp:attachment":[{"href":"https:\/\/grappa.no\/no\/wp-json\/wp\/v2\/media?parent=30935"}],"wp:term":[{"taxonomy":"product_brand","embeddable":true,"href":"https:\/\/grappa.no\/no\/wp-json\/wp\/v2\/product_brand?post=30935"},{"taxonomy":"product_cat","embeddable":true,"href":"https:\/\/grappa.no\/no\/wp-json\/wp\/v2\/product_cat?post=30935"},{"taxonomy":"product_tag","embeddable":true,"href":"https:\/\/grappa.no\/no\/wp-json\/wp\/v2\/product_tag?post=30935"}],"curies":[{"name":"wp","href":"https:\/\/api.w.org\/{rel}","templated":true}]}}