{"id":30924,"date":"1998-06-11T00:00:00","date_gmt":"1998-06-10T23:00:00","guid":{"rendered":"http:\/\/www.grappa.no\/no\/albums\/ukategorisert\/harald-lie\/"},"modified":"2019-02-22T15:52:14","modified_gmt":"2019-02-22T14:52:14","slug":"harald-lie","status":"publish","type":"product","link":"https:\/\/grappa.no\/no\/albums\/simax-classics\/harald-lie\/","title":{"rendered":"Harald Lie"},"content":{"rendered":"<p><\/p>\n<p>Den f\u00f8dte symfoniker<\/p>\n<p>Harald Lie etterlatte seg ingen lang opusliste, men hans verks kvalitet og originalitet satte ham blant de ledende norske komponister, og han var ogs\u00e5 blant de kunstnerne som fikk oppleve suksesser ved oppf\u00f8relser i utlandet, ikke minst i USA. P\u00e5 dette albumet fremf\u00f8rer Kringkastingsorkesteret og sopran Anne-Lise Berntsen og baryton H\u00e5kan Hageg\u00e5rd, under ledelse av dirigent Ari Rasilainen, fire av Lies verker.<\/p>\n<p>I hans \u201dElegi, op. 3\u201d fremst\u00e5r Harald Lie som en ung, men moden komponist, med et verk som vakte oppsikt. Stilen var moderat radikal for det norske milj\u00f8et, og han fikk gode kritikker og ble straks ansett som en av de unge lovende. Komponisten ble av David Monrad Johansen kalt den \u201df\u00f8dte symfoniker\u201d, noe som er lett h\u00f8rbart i hans \u201dSymfoni nr. 2, op. 5\u201d, orkestersangen \u201dSkinnvengbrev, op. 6\u201d, urfremf\u00f8rt av Kirsten Flagstad, og \u201dSymfonisk dans\u201d, et verk preget av mer \u201dnorske\u201d og trollske toner.<\/p>\n<p><!--more--><\/p>\n<h4><\/h4>\n<\/p>\n<h4><\/h4>\n<p><h4><\/h4>\n<\/p>\n<p><\/p>","protected":false},"excerpt":{"rendered":"<p>\u201dHarald Lie er ikke av den stortalende sorten, hans uttrykksform er knapp og den er alvorlig ment, et vederheftig og \u00e6rlig musikersinn st\u00e5r inne for hver tone.\u201d [Pauline Hall]<\/p>\n","protected":false},"featured_media":30930,"comment_status":"closed","ping_status":"open","template":"","meta":[],"product_brand":[],"product_cat":[180],"product_tag":[],"class_list":{"0":"post-30924","1":"product","2":"type-product","3":"status-publish","4":"has-post-thumbnail","6":"product_cat-simax-classics","7":"product_shipping_class-cddvd-shipping","8":"uni_artist_tag-anne-lise-berntsen","9":"uni_artist_tag-ari-rasilainen","10":"uni_artist_tag-hakan-hagegard","11":"uni_artist_tag-harald-lie","12":"uni_artist_tag-jorn-pedersen","13":"uni_artist_tag-norwegian-radio-orchestra","14":"uni_main_artist_tag-norwegian-radio-orchestra","16":"first","17":"instock","18":"taxable","19":"shipping-taxable","20":"purchasable","21":"product-type-simple"},"_links":{"self":[{"href":"https:\/\/grappa.no\/no\/wp-json\/wp\/v2\/product\/30924","targetHints":{"allow":["GET"]}}],"collection":[{"href":"https:\/\/grappa.no\/no\/wp-json\/wp\/v2\/product"}],"about":[{"href":"https:\/\/grappa.no\/no\/wp-json\/wp\/v2\/types\/product"}],"replies":[{"embeddable":true,"href":"https:\/\/grappa.no\/no\/wp-json\/wp\/v2\/comments?post=30924"}],"wp:featuredmedia":[{"embeddable":true,"href":"https:\/\/grappa.no\/no\/wp-json\/wp\/v2\/media\/30930"}],"wp:attachment":[{"href":"https:\/\/grappa.no\/no\/wp-json\/wp\/v2\/media?parent=30924"}],"wp:term":[{"taxonomy":"product_brand","embeddable":true,"href":"https:\/\/grappa.no\/no\/wp-json\/wp\/v2\/product_brand?post=30924"},{"taxonomy":"product_cat","embeddable":true,"href":"https:\/\/grappa.no\/no\/wp-json\/wp\/v2\/product_cat?post=30924"},{"taxonomy":"product_tag","embeddable":true,"href":"https:\/\/grappa.no\/no\/wp-json\/wp\/v2\/product_tag?post=30924"}],"curies":[{"name":"wp","href":"https:\/\/api.w.org\/{rel}","templated":true}]}}