{"id":30920,"date":"1997-04-10T00:00:00","date_gmt":"1997-04-09T23:00:00","guid":{"rendered":"http:\/\/www.grappa.no\/no\/albums\/ukategorisert\/saeverud-string-quartets\/"},"modified":"2022-02-04T11:26:55","modified_gmt":"2022-02-04T10:26:55","slug":"saeverud-string-quartets","status":"publish","type":"product","link":"https:\/\/grappa.no\/no\/albums\/simax-classics\/saeverud-string-quartets\/","title":{"rendered":"S\u00e6verud String Quartets"},"content":{"rendered":"<p><\/p>\n<p>Harald S\u00e6veruds strykekvartetter<\/p>\n<p>Da Harald S\u00e6verud skrev sin f\u00f8rste strykekvartett var han godt over 70 \u00e5r, med et betydelig orkesterrepertoar bak seg. Hans ni symfonier markerer et viktig punkt i norsk musikkhistorie, men hans tre kvartetter er utvilsomt like viktige og unike som hans symfonier og er blant de fineste eksemplene p\u00e5 kammermusikk skrevet under forrige \u00e5rhundre.<\/p>\n<p>Hansakvartetten, som siden sin dannelse har kombinert et standard repertoar med mer uvanlige verker, med et s\u00e6rlig fokus p\u00e5 norsk musikk, fremf\u00f8rer alle tre av S\u00e6veruds kvartetter p\u00e5 dette albumet \u2013 fra den rivaliserende bratsjen og celloen i den f\u00f8rste kvartetten, et drama om to menn forelsket i den samme kvinnen, via den praktfullt konstruerte andre kvartetten, som utvilsomt b\u00e6rer preg av S\u00e6verud som en symfonisk komponist, til den urolige siste kvartetten, hans mest klassiske strykekvartett.<\/p>\n<p><!--more--><\/p>\n<h4><\/h4>\n<h4><\/h4>\n<h4><\/h4>\n<p><\/p>","protected":false},"excerpt":{"rendered":"<p>Harald S\u00e6veruds strykekvartetter er blant de fineste eksemplene p\u00e5 kammermusikk skrevet under forrige \u00e5rhundre.<\/p>\n","protected":false},"featured_media":30926,"comment_status":"closed","ping_status":"closed","template":"","meta":[],"product_brand":[],"product_cat":[180],"product_tag":[],"class_list":{"0":"post-30920","1":"product","2":"type-product","3":"status-publish","4":"has-post-thumbnail","6":"product_cat-simax-classics","7":"product_shipping_class-cddvd-shipping","8":"uni_artist_tag-arne-akselberg","9":"uni_artist_tag-hansa-quartet","10":"uni_artist_tag-harald-saeverud","11":"uni_artist_tag-ricardo-odriozola","12":"uni_main_artist_tag-hansa-quartet","13":"uni_artist_genre-complete","15":"first","16":"outofstock","17":"taxable","18":"shipping-taxable","19":"purchasable","20":"product-type-simple"},"_links":{"self":[{"href":"https:\/\/grappa.no\/no\/wp-json\/wp\/v2\/product\/30920","targetHints":{"allow":["GET"]}}],"collection":[{"href":"https:\/\/grappa.no\/no\/wp-json\/wp\/v2\/product"}],"about":[{"href":"https:\/\/grappa.no\/no\/wp-json\/wp\/v2\/types\/product"}],"replies":[{"embeddable":true,"href":"https:\/\/grappa.no\/no\/wp-json\/wp\/v2\/comments?post=30920"}],"wp:featuredmedia":[{"embeddable":true,"href":"https:\/\/grappa.no\/no\/wp-json\/wp\/v2\/media\/30926"}],"wp:attachment":[{"href":"https:\/\/grappa.no\/no\/wp-json\/wp\/v2\/media?parent=30920"}],"wp:term":[{"taxonomy":"product_brand","embeddable":true,"href":"https:\/\/grappa.no\/no\/wp-json\/wp\/v2\/product_brand?post=30920"},{"taxonomy":"product_cat","embeddable":true,"href":"https:\/\/grappa.no\/no\/wp-json\/wp\/v2\/product_cat?post=30920"},{"taxonomy":"product_tag","embeddable":true,"href":"https:\/\/grappa.no\/no\/wp-json\/wp\/v2\/product_tag?post=30920"}],"curies":[{"name":"wp","href":"https:\/\/api.w.org\/{rel}","templated":true}]}}