{"id":30918,"date":"1997-08-14T00:00:00","date_gmt":"1997-08-13T23:00:00","guid":{"rendered":"http:\/\/www.grappa.no\/no\/albums\/ukategorisert\/die-schone-mullerin\/"},"modified":"2019-02-22T15:43:00","modified_gmt":"2019-02-22T14:43:00","slug":"die-schone-mullerin","status":"publish","type":"product","link":"https:\/\/grappa.no\/no\/albums\/simax-classics\/die-schone-mullerin\/","title":{"rendered":"Die sch\u00f6ne M\u00fcllerin"},"content":{"rendered":"<p><\/p>\n<p>Die Sch\u00f6ne M\u00fcllerin<\/p>\n<p>Hva er det som tar en p\u00e5 slikt underlig vis i m\u00f8tet med Schuberts sangsyklus \u201dDie Sch\u00f6ne M\u00fcllerin\u201d? Diktene, som Schubert fant i Wilhelm M\u00fcllers \u201dDikt fra de etterlatte papirene til en reisende horn-spiller\u201d, handler om en ikke-gjengjeldt kj\u00e6rlighet med tragisk utgang og er i seg selv gripende nok. Men \u2013 det er noe mer, noe g\u00e5tefullt som virker s\u00e5 fengslende n\u00e5r man arbeider med verket. <\/p>\n<p>Liv Glaser, en av v\u00e5re fremste pianister, fremf\u00f8rer sammen med baryton Per Vollestad, Schuberts \u201dDie Sch\u00f6ne M\u00fcllerin\u201d p\u00e5 dette albumet. Musikken flyter uanstrengt og fritt uten en eneste overfl\u00f8dig tone og komponisten foredler Lied-h\u00e5ndverket med egen erfaring og modenhet og l\u00f8fter frem til en uovertruffen perfeksjon. I \u201dDie Sch\u00f6ne M\u00fcllerin\u201d er alt falt p\u00e5 plass. Tekst og musikk smelter sammen til en h\u00f8yere enhet \u2013 perfekt fremf\u00f8rt av den fremragende duoen.<\/p>\n<p><!--more--><\/p>\n<h4><\/h4>\n<\/p>\n<h4><\/h4>\n<p><h4><\/h4>\n<\/p>\n<p><\/p>","protected":false},"excerpt":{"rendered":"<p>I Schuberts \u201dDie Sch\u00f6ne M\u00fcllerin\u201d er alt falt p\u00e5 plass. Tekst og musikk smelter sammen til en h\u00f8yere enhet \u2013 perfekt fremf\u00f8rt av den fremragende duoen Per Vollestad og Liv Glaser.<\/p>\n","protected":false},"featured_media":30919,"comment_status":"closed","ping_status":"open","template":"","meta":[],"product_brand":[],"product_cat":[180],"product_tag":[],"class_list":{"0":"post-30918","1":"product","2":"type-product","3":"status-publish","4":"has-post-thumbnail","6":"product_cat-simax-classics","7":"product_shipping_class-cddvd-shipping","8":"uni_artist_tag-erik-gard-amundsen","9":"uni_artist_tag-franz-schubert","10":"uni_artist_tag-liv-glaser","11":"uni_artist_tag-per-vollestad","12":"uni_main_artist_tag-per-vollestad","13":"uni_artist_genre-early-music","14":"uni_artist_genre-lieder","16":"first","17":"instock","18":"taxable","19":"shipping-taxable","20":"purchasable","21":"product-type-simple"},"_links":{"self":[{"href":"https:\/\/grappa.no\/no\/wp-json\/wp\/v2\/product\/30918","targetHints":{"allow":["GET"]}}],"collection":[{"href":"https:\/\/grappa.no\/no\/wp-json\/wp\/v2\/product"}],"about":[{"href":"https:\/\/grappa.no\/no\/wp-json\/wp\/v2\/types\/product"}],"replies":[{"embeddable":true,"href":"https:\/\/grappa.no\/no\/wp-json\/wp\/v2\/comments?post=30918"}],"wp:featuredmedia":[{"embeddable":true,"href":"https:\/\/grappa.no\/no\/wp-json\/wp\/v2\/media\/30919"}],"wp:attachment":[{"href":"https:\/\/grappa.no\/no\/wp-json\/wp\/v2\/media?parent=30918"}],"wp:term":[{"taxonomy":"product_brand","embeddable":true,"href":"https:\/\/grappa.no\/no\/wp-json\/wp\/v2\/product_brand?post=30918"},{"taxonomy":"product_cat","embeddable":true,"href":"https:\/\/grappa.no\/no\/wp-json\/wp\/v2\/product_cat?post=30918"},{"taxonomy":"product_tag","embeddable":true,"href":"https:\/\/grappa.no\/no\/wp-json\/wp\/v2\/product_tag?post=30918"}],"curies":[{"name":"wp","href":"https:\/\/api.w.org\/{rel}","templated":true}]}}