{"id":30915,"date":"1998-12-03T00:00:00","date_gmt":"1998-12-02T23:00:00","guid":{"rendered":"http:\/\/www.grappa.no\/no\/albums\/ukategorisert\/ferdinand-finne-mine-musikkgleder\/"},"modified":"2019-02-22T15:42:57","modified_gmt":"2019-02-22T14:42:57","slug":"ferdinand-finne-mine-musikkgleder","status":"publish","type":"product","link":"https:\/\/grappa.no\/no\/albums\/simax-classics\/ferdinand-finne-mine-musikkgleder\/","title":{"rendered":"Ferdinand Finne: Mine musikkgleder"},"content":{"rendered":"<p><\/p>\n<p>Ferdinand Finnes favoritter<\/p>\n<p>Maleren Ferdinand Finne m\u00f8tte den eminente pianisten Einar Steen-N\u00f8kleberg i London under en norsk musikkuke. De bodde p\u00e5 samme hotell, og en morgen de spiste frokost sammen fortalte Finne at han \u00f8nsket seg en CD med alle sine favorittstykker samlet. \u201dHvilke favorittstykker da?\u201d spurte Einar. \u201dTja, Bach \u2013 Jesu, Joy of Man\u00b4s Desiring, Ravels Ondine, Debussys Reflets dans l\u00b4eau.\u201d \u201dDe tilh\u00f8rer ogs\u00e5 mine favoritter og jeg spiller alle sammen,\u201d kommenterte pianisten med et smil. Noen \u00e5r senere materialiserte prosjektet seg, og sammen skapte de et album fylt med verker av Bach, H\u00e4ndel, Schubert, Mozart, Debussy, Ravel, Beethoven, Nordheim og Chopin \u2013 et album som b\u00e5de gir et innblikk i det musikalske livet til en av Norges mest etterspurte og popul\u00e6re kunstnere og som viser de fremragende musikalske ferdighetene til en av landets fremste pianister.<\/p>\n<p><!--more--><\/p>\n<h4><\/h4>\n<\/p>\n<h4><\/h4>\n<p><h4><\/h4>\n<\/p>\n<p><\/p>","protected":false},"excerpt":{"rendered":"<p>Et album som b\u00e5de gir et innblikk i det musikalske livet til en av Norges mest etterspurte og popul\u00e6re kunstnere, Ferdinand Finne, og som viser de fremragende musikalske ferdighetene til en av landets fremste pianister, Einar Steen-N\u00f8kleberg.<\/p>\n","protected":false},"featured_media":30916,"comment_status":"closed","ping_status":"open","template":"","meta":[],"product_brand":[],"product_cat":[180],"product_tag":[],"class_list":{"0":"post-30915","1":"product","2":"type-product","3":"status-publish","4":"has-post-thumbnail","6":"product_cat-simax-classics","7":"product_shipping_class-cddvd-shipping","8":"uni_artist_tag-arne-nordheim","9":"uni_artist_tag-claude-debussy","10":"uni_artist_tag-einar-steen-nokleberg","11":"uni_artist_tag-franz-schubert","12":"uni_artist_tag-frederic-chopin","13":"uni_artist_tag-georg-friedrich-handel","14":"uni_artist_tag-johann-sebastian-bach","15":"uni_artist_tag-jorn-pedersen","16":"uni_artist_tag-ludwig-van-beethoven","17":"uni_artist_tag-maurice-ravel","18":"uni_artist_tag-wolfgang-amadeus-mozart","19":"uni_main_artist_tag-einar-steen-nokleberg","20":"uni_artist_genre-easy-listening","21":"uni_artist_genre-piano","23":"first","24":"instock","25":"taxable","26":"shipping-taxable","27":"purchasable","28":"product-type-simple"},"_links":{"self":[{"href":"https:\/\/grappa.no\/no\/wp-json\/wp\/v2\/product\/30915","targetHints":{"allow":["GET"]}}],"collection":[{"href":"https:\/\/grappa.no\/no\/wp-json\/wp\/v2\/product"}],"about":[{"href":"https:\/\/grappa.no\/no\/wp-json\/wp\/v2\/types\/product"}],"replies":[{"embeddable":true,"href":"https:\/\/grappa.no\/no\/wp-json\/wp\/v2\/comments?post=30915"}],"wp:featuredmedia":[{"embeddable":true,"href":"https:\/\/grappa.no\/no\/wp-json\/wp\/v2\/media\/30916"}],"wp:attachment":[{"href":"https:\/\/grappa.no\/no\/wp-json\/wp\/v2\/media?parent=30915"}],"wp:term":[{"taxonomy":"product_brand","embeddable":true,"href":"https:\/\/grappa.no\/no\/wp-json\/wp\/v2\/product_brand?post=30915"},{"taxonomy":"product_cat","embeddable":true,"href":"https:\/\/grappa.no\/no\/wp-json\/wp\/v2\/product_cat?post=30915"},{"taxonomy":"product_tag","embeddable":true,"href":"https:\/\/grappa.no\/no\/wp-json\/wp\/v2\/product_tag?post=30915"}],"curies":[{"name":"wp","href":"https:\/\/api.w.org\/{rel}","templated":true}]}}