{"id":30899,"date":"1987-09-18T00:00:00","date_gmt":"1987-09-17T23:00:00","guid":{"rendered":"http:\/\/www.grappa.no\/no\/albums\/ukategorisert\/nordic-masterpieces\/"},"modified":"2019-02-22T15:42:54","modified_gmt":"2019-02-22T14:42:54","slug":"nordic-masterpieces","status":"publish","type":"product","link":"https:\/\/grappa.no\/no\/albums\/simax-classics\/nordic-masterpieces\/","title":{"rendered":"Nordic Masterpieces"},"content":{"rendered":"<p><\/p>\n<p>Den nordiske folkesjelen i orkesterdrakt<\/p>\n<p>Norden har lenge v\u00e6rt kjent for sine mange talentfulle komponister. De fire komponistene p\u00e5 dette albumet anses for \u00e5 v\u00e6re blant de mest suksessfulle i sine respektive land: Jean Sibelius i Finland, Carl Nielsen i Danmark, Hugo Alfv\u00e9n i Sverige og Edvard Grieg i Norge. <\/p>\n<p>Norrk\u00f6ping Symfoniorkester, under ledelse av dirigent Ole Kristian Ruud \u2013 en dirigent med en s\u00e6rlig interesse for nordiske komponister \u2013 fremf\u00f8rer noen av de viktigste og vakreste verkene fra Skandinavia og Finland p\u00e5 dette albumet: fra det dramatiske og geniale symfoniske diktet \u201dFinlandia\u201d av Jean Sibelius, den energiske og livlige \u201dMaskarade\u201d av Carl Nielsen, eller den folkeinspirerte, n\u00e6rmest impresjonistiske \u201dBergakungen\u201d av Alfv\u00e9n, til Griegs evne til \u00e5 frammane den nordiske folkesjelen i hans \u201dLyriske Suite\u201d.<\/p>\n<p><!--more--><\/p>\n<h4><\/h4>\n<\/p>\n<h4><\/h4>\n<p><h4><\/h4>\n<\/p>\n<p><\/p>","protected":false},"excerpt":{"rendered":"<p>Et album som viser de fremste nordiske komponistenes orkestermusikk.<\/p>\n","protected":false},"featured_media":30900,"comment_status":"closed","ping_status":"open","template":"","meta":[],"product_brand":[],"product_cat":[180],"product_tag":[],"class_list":{"0":"post-30899","1":"product","2":"type-product","3":"status-publish","4":"has-post-thumbnail","6":"product_cat-simax-classics","7":"product_shipping_class-cddvd-shipping","8":"uni_artist_tag-carl-nielsen","9":"uni_artist_tag-edvard-grieg","10":"uni_artist_tag-hugo-alfven","11":"uni_artist_tag-jean-sibelius","12":"uni_artist_tag-norrkoping-symph-orchestra","13":"uni_artist_tag-ole-kristian-ruud","14":"uni_main_artist_tag-norrkoping-symph-orchestra","15":"uni_artist_genre-orchestral","16":"uni_artist_genre-scandinavian","18":"first","19":"instock","20":"taxable","21":"shipping-taxable","22":"purchasable","23":"product-type-simple"},"_links":{"self":[{"href":"https:\/\/grappa.no\/no\/wp-json\/wp\/v2\/product\/30899","targetHints":{"allow":["GET"]}}],"collection":[{"href":"https:\/\/grappa.no\/no\/wp-json\/wp\/v2\/product"}],"about":[{"href":"https:\/\/grappa.no\/no\/wp-json\/wp\/v2\/types\/product"}],"replies":[{"embeddable":true,"href":"https:\/\/grappa.no\/no\/wp-json\/wp\/v2\/comments?post=30899"}],"wp:featuredmedia":[{"embeddable":true,"href":"https:\/\/grappa.no\/no\/wp-json\/wp\/v2\/media\/30900"}],"wp:attachment":[{"href":"https:\/\/grappa.no\/no\/wp-json\/wp\/v2\/media?parent=30899"}],"wp:term":[{"taxonomy":"product_brand","embeddable":true,"href":"https:\/\/grappa.no\/no\/wp-json\/wp\/v2\/product_brand?post=30899"},{"taxonomy":"product_cat","embeddable":true,"href":"https:\/\/grappa.no\/no\/wp-json\/wp\/v2\/product_cat?post=30899"},{"taxonomy":"product_tag","embeddable":true,"href":"https:\/\/grappa.no\/no\/wp-json\/wp\/v2\/product_tag?post=30899"}],"curies":[{"name":"wp","href":"https:\/\/api.w.org\/{rel}","templated":true}]}}