{"id":30884,"date":"1999-01-17T00:00:00","date_gmt":"1999-01-16T23:00:00","guid":{"rendered":"http:\/\/www.grappa.no\/no\/albums\/ukategorisert\/brahms-complete-organ-works\/"},"modified":"2019-02-22T15:42:51","modified_gmt":"2019-02-22T14:42:51","slug":"brahms-complete-organ-works","status":"publish","type":"product","link":"https:\/\/grappa.no\/no\/albums\/simax-classics\/brahms-complete-organ-works\/","title":{"rendered":"Brahms Complete Organ Works"},"content":{"rendered":"<p><\/p>\n<p>Brahms orgelmusikk<\/p>\n<p>Det er ikke noen omfattende produksjon av orgelverker Johannes Brahms har etterlatt seg. Men det som foreligger er av edelt karat, og vitner om komponistens evne til \u00e5 finne inn til instrumentets sanne vesen og innleve seg den klassiske orgelmusikkens former og tilpasse den sin egen stil. Den erfarne organisten K\u00e5re Nordstoga fremf\u00f8rer her Brahms preludier og fuger p\u00e5 Ryde &amp; Berg-orgelet i Oslo Katedral, dyptf\u00f8lte verk som vekker b\u00e5de s\u00f8rgelige og gledelige f\u00f8lelser.<\/p>\n<p><!--more--><\/p>\n<h4><\/h4>\n<\/p>\n<h4><\/h4>\n<p><h4><\/h4>\n<\/p>\n<p><\/p>","protected":false},"excerpt":{"rendered":"<p>K\u00e5re Nordstoga fremf\u00f8rer Johannes Brahms orgelmusikk &#8211; preluder og fuger av edelt karat.<\/p>\n","protected":false},"featured_media":30887,"comment_status":"closed","ping_status":"open","template":"","meta":[],"product_brand":[],"product_cat":[180],"product_tag":[],"class_list":{"0":"post-30884","1":"product","2":"type-product","3":"status-publish","4":"has-post-thumbnail","6":"product_cat-simax-classics","7":"product_shipping_class-cddvd-shipping","8":"uni_artist_tag-arne-akselberg","9":"uni_artist_tag-johannes-brahms","10":"uni_artist_tag-kare-nordstoga","11":"uni_main_artist_tag-kare-nordstoga","12":"uni_artist_genre-classical","13":"uni_artist_genre-organ","15":"first","16":"instock","17":"taxable","18":"shipping-taxable","19":"purchasable","20":"product-type-simple"},"_links":{"self":[{"href":"https:\/\/grappa.no\/no\/wp-json\/wp\/v2\/product\/30884","targetHints":{"allow":["GET"]}}],"collection":[{"href":"https:\/\/grappa.no\/no\/wp-json\/wp\/v2\/product"}],"about":[{"href":"https:\/\/grappa.no\/no\/wp-json\/wp\/v2\/types\/product"}],"replies":[{"embeddable":true,"href":"https:\/\/grappa.no\/no\/wp-json\/wp\/v2\/comments?post=30884"}],"wp:featuredmedia":[{"embeddable":true,"href":"https:\/\/grappa.no\/no\/wp-json\/wp\/v2\/media\/30887"}],"wp:attachment":[{"href":"https:\/\/grappa.no\/no\/wp-json\/wp\/v2\/media?parent=30884"}],"wp:term":[{"taxonomy":"product_brand","embeddable":true,"href":"https:\/\/grappa.no\/no\/wp-json\/wp\/v2\/product_brand?post=30884"},{"taxonomy":"product_cat","embeddable":true,"href":"https:\/\/grappa.no\/no\/wp-json\/wp\/v2\/product_cat?post=30884"},{"taxonomy":"product_tag","embeddable":true,"href":"https:\/\/grappa.no\/no\/wp-json\/wp\/v2\/product_tag?post=30884"}],"curies":[{"name":"wp","href":"https:\/\/api.w.org\/{rel}","templated":true}]}}