{"id":30845,"date":"2016-07-22T00:00:00","date_gmt":"2016-07-21T23:00:00","guid":{"rendered":"http:\/\/www.grappa.no\/no\/albums\/ukategorisert\/lindeman-light\/"},"modified":"2017-03-22T14:32:06","modified_gmt":"2017-03-22T13:32:06","slug":"lindeman-light","status":"publish","type":"product","link":"https:\/\/grappa.no\/no\/albums\/simax-classics\/lindeman-light\/","title":{"rendered":"Lindeman Light"},"content":{"rendered":"<p><\/p>\n<p>Kristian Lindeman<\/p>\n<p>Musikk av Kristian Lindeman fremf\u00f8rt av noen av v\u00e5re ypperste musikere: Kjell B\u00e6kkelund, Liv Glaser, Sigmund Groven, Brynjar Hoff, Arnhild Vik, Den Norske Strykekvartett og Vertavokvartetten. <\/p>\n<p>Kristian Lindeman, oldebarn av folkemusikksamler Ludvig Mathias Lindeman, produsent, Melodi Grand Prix-l\u00e5tskriver og tidligere programleder for Norsktoppen har hatt en unik plass i nyere norsk musikkhistorie helt siden 1960-tallet. Endelig re-utgis albumet \u201dLindeman Light\u201d som inneholder en rekke av hans verker fra store deler av hans karriere, fremf\u00f8rt av eksepsjonelle musikere.<\/p>\n<p><!--more--><\/p>\n<h4><\/h4>\n<\/p>\n<h4><\/h4>\n<p><h4><\/h4>\n<\/p>\n<p><\/p>","protected":false},"excerpt":{"rendered":"<p>Musikk av Kristian Lindeman med Kjell B\u00e6kkelund, Liv Glaser, Sigmund Groven, Brynjar Hoff, Arnhild Vik, Den Norske Strykekvartett og Vertavokvartetten.<\/p>\n","protected":false},"featured_media":30855,"comment_status":"closed","ping_status":"open","template":"","meta":[],"product_brand":[],"product_cat":[180],"product_tag":[],"class_list":{"0":"post-30845","1":"product","2":"type-product","3":"status-publish","4":"has-post-thumbnail","6":"product_cat-simax-classics","7":"product_shipping_class-cddvd-shipping","8":"uni_artist_tag-arnhild-vik","9":"uni_artist_tag-brynjar-hoff","10":"uni_artist_tag-fred-noddelund","11":"uni_artist_tag-holger-gulbrandsen","12":"uni_artist_tag-kare-grottum","13":"uni_artist_tag-kjell-baekkelund","14":"uni_artist_tag-kristian-lindeman","15":"uni_artist_tag-liv-glaser","16":"uni_artist_tag-norwegian-string-quartet","17":"uni_artist_tag-sigmund-groven","18":"uni_artist_tag-vertavo","19":"uni_main_artist_tag-liv-glaser","20":"uni_artist_genre-easy-listening","22":"first","23":"instock","24":"taxable","25":"shipping-taxable","26":"purchasable","27":"product-type-simple"},"_links":{"self":[{"href":"https:\/\/grappa.no\/no\/wp-json\/wp\/v2\/product\/30845","targetHints":{"allow":["GET"]}}],"collection":[{"href":"https:\/\/grappa.no\/no\/wp-json\/wp\/v2\/product"}],"about":[{"href":"https:\/\/grappa.no\/no\/wp-json\/wp\/v2\/types\/product"}],"replies":[{"embeddable":true,"href":"https:\/\/grappa.no\/no\/wp-json\/wp\/v2\/comments?post=30845"}],"wp:featuredmedia":[{"embeddable":true,"href":"https:\/\/grappa.no\/no\/wp-json\/wp\/v2\/media\/30855"}],"wp:attachment":[{"href":"https:\/\/grappa.no\/no\/wp-json\/wp\/v2\/media?parent=30845"}],"wp:term":[{"taxonomy":"product_brand","embeddable":true,"href":"https:\/\/grappa.no\/no\/wp-json\/wp\/v2\/product_brand?post=30845"},{"taxonomy":"product_cat","embeddable":true,"href":"https:\/\/grappa.no\/no\/wp-json\/wp\/v2\/product_cat?post=30845"},{"taxonomy":"product_tag","embeddable":true,"href":"https:\/\/grappa.no\/no\/wp-json\/wp\/v2\/product_tag?post=30845"}],"curies":[{"name":"wp","href":"https:\/\/api.w.org\/{rel}","templated":true}]}}