{"id":30844,"date":"1992-12-17T00:00:00","date_gmt":"1992-12-16T23:00:00","guid":{"rendered":"http:\/\/www.grappa.no\/no\/albums\/ukategorisert\/fartein-valen-orchestral-songs-symphonic-poems\/"},"modified":"2019-02-22T15:52:17","modified_gmt":"2019-02-22T14:52:17","slug":"fartein-valen-orchestral-songs-symphonic-poems","status":"publish","type":"product","link":"https:\/\/grappa.no\/no\/albums\/simax-classics\/fartein-valen-orchestral-songs-symphonic-poems\/","title":{"rendered":"Fartein Valen Orchestral Songs &amp; Symphonic Poems"},"content":{"rendered":"<p><\/p>\n<p>Ensomhetens dialektikk<\/p>\n<p>For norsk musikk er Fartein Valens skapergjerning epokegj\u00f8rende og fornyende. Ved \u00e5 videref\u00f8re og utvide det \u00e5ndelige perspektiv som dodekafoniens pionerer Arnold Sch\u00f6nberg og Joseph Mattias Hauer trekker opp, og ta det avgj\u00f8rende skrittet vekk fra det ytre illustrerende, skildrende eller beskrivende grunnlegger Valen en ny musikkestetikk og gjenreiser derved den egentlige poetiske \u00e5ndelige dimensjon i norsk musikk. <\/p>\n<p>Med utgangspunkt i pastoralen realiserer Valen p\u00e5 ny den enhet av poetikk og musikk, av visuell forestillingskraft og emosjonalitet som fant sitt utspring i Beethovens 6. symfoni. Hans orkesterverker henter inn det europeisk musikk har m\u00e5ttet ofre i utviklingen av den funksjonelle harmonikk \u2013 det frie asymmetriske linjespill og den rytmiske ekspressivitet som han forener med barokkstilens utviklingskonsept, den mest finslepede klassiske formale balanse, den romantiske klanglige suggestivitet og den frisatte dissonans. Valens orkesterdikt gjenskaper balansen mellom tid og rom, det subjektive og det objektive, mellom sant menneskelig emosjonsuttrykk og evige lover nedfelt i den musikalske struktur. Gjennom de sjeliske landskaper Valen eksponerer f\u00f8lger vi hans vandring fra lengselens dal (In Erwartung des Freudes) gjennom ensomhetens nakne landskap (Der Abschied des Freundes) og frem til de ukjente land uten grenser, fremstilt ved en mesterlig musikalsk flytende arkitektur og kosmologisk symbolikk i intervallforhold og klanger (Darest thou now, O Soul). Valens vokalverk ser ut til \u00e5 v\u00e6re enda mer undervurdert enn tilfelle er med hans rene orkesterkomposisjoner. Det st\u00e5r mye igjen f\u00f8r Valen finner sin rettmessige plass som en av dette \u00e5rhundrets fineste vokalkomponister. P\u00e5 dette albumet avsl\u00f8rer Oslo Filharmoniske Orkester og Dorothy Dorow skattene i Valens orkestersanger og symfoniske dikt.<\/p>\n<p><!--more--><\/p>\n<h4><\/h4>\n<\/p>\n<h4><\/h4>\n<p><h4><\/h4>\n<\/p>\n<p><\/p>","protected":false},"excerpt":{"rendered":"<p>Oslo Filharmoniske Orkester, under dirigent Miltiades Caridis, og Dorothy Dorow avsl\u00f8rer skattene i Fartein Valens orkestersanger og symfoniske dikt.<\/p>\n","protected":false},"featured_media":30854,"comment_status":"closed","ping_status":"open","template":"","meta":[],"product_brand":[],"product_cat":[180],"product_tag":[],"class_list":{"0":"post-30844","1":"product","2":"type-product","3":"status-publish","4":"has-post-thumbnail","6":"product_cat-simax-classics","7":"product_shipping_class-cddvd-shipping","8":"uni_artist_tag-dorothy-dorow","9":"uni_artist_tag-fartein-valen","10":"uni_artist_tag-jorn-pedersen","11":"uni_artist_tag-miltiades-caridis","12":"uni_artist_tag-oslo-philharmonic-orchestra","13":"uni_main_artist_tag-oslo-philharmonic-orchestra","14":"uni_artist_genre-classical","15":"uni_artist_genre-orchestral","16":"uni_artist_genre-song-with-orchestra","18":"first","19":"outofstock","20":"taxable","21":"shipping-taxable","22":"purchasable","23":"product-type-simple"},"_links":{"self":[{"href":"https:\/\/grappa.no\/no\/wp-json\/wp\/v2\/product\/30844","targetHints":{"allow":["GET"]}}],"collection":[{"href":"https:\/\/grappa.no\/no\/wp-json\/wp\/v2\/product"}],"about":[{"href":"https:\/\/grappa.no\/no\/wp-json\/wp\/v2\/types\/product"}],"replies":[{"embeddable":true,"href":"https:\/\/grappa.no\/no\/wp-json\/wp\/v2\/comments?post=30844"}],"wp:featuredmedia":[{"embeddable":true,"href":"https:\/\/grappa.no\/no\/wp-json\/wp\/v2\/media\/30854"}],"wp:attachment":[{"href":"https:\/\/grappa.no\/no\/wp-json\/wp\/v2\/media?parent=30844"}],"wp:term":[{"taxonomy":"product_brand","embeddable":true,"href":"https:\/\/grappa.no\/no\/wp-json\/wp\/v2\/product_brand?post=30844"},{"taxonomy":"product_cat","embeddable":true,"href":"https:\/\/grappa.no\/no\/wp-json\/wp\/v2\/product_cat?post=30844"},{"taxonomy":"product_tag","embeddable":true,"href":"https:\/\/grappa.no\/no\/wp-json\/wp\/v2\/product_tag?post=30844"}],"curies":[{"name":"wp","href":"https:\/\/api.w.org\/{rel}","templated":true}]}}