{"id":30843,"date":"1995-04-15T00:00:00","date_gmt":"1995-04-14T23:00:00","guid":{"rendered":"http:\/\/www.grappa.no\/no\/albums\/ukategorisert\/ludvig-irgens-jensen-heimferd\/"},"modified":"2020-12-16T06:54:47","modified_gmt":"2020-12-16T05:54:47","slug":"ludvig-irgens-jensen-heimferd","status":"publish","type":"product","link":"https:\/\/grappa.no\/no\/albums\/simax-classics\/ludvig-irgens-jensen-heimferd\/","title":{"rendered":"Ludvig Irgens-Jensen: Heimferd"},"content":{"rendered":"<p><\/p>\n<p>Norges nasjonaloratorium<\/p>\n<p>Ludvig Irgens-Jensen var en av Norges mest fremtredende komponister som p\u00e5 en unik m\u00e5te b\u00e5de var nyskapende og tradisjonsbevarende, og en utmerket pianist. Han er blitt karakterisert som humanisten i norsk musikk b\u00e5de p\u00e5 grunn av sin klassiske holdning og det etiske syn som gjennomsyrer hans liv og verk. Hans viktigste verk er \u201dHeimferd\u201d, her fremf\u00f8rt av Trondheim Symfoniorkester, under ledelse av Ole Kristian Ruud, og Trondheim Symfoniorkesters kor, Nidaros domkor og Nidarosdomens Guttekor.<\/p>\n<p>I 1930, ved 900-\u00e5rsjubileet for helgenkongen Olavs d\u00f8d og kristendommens innf\u00f8ring i Norge, vant Irgens-Jensen 1. pris med \u201dHeimferd\u201d, en \u201ddramatisk symfoni\u201d for soli, kor og orkester til tekst av Olav Gullv\u00e5g, et nasjonalmonument som ofte kalles \u201dOlavs-oratoriet\u201d. Her blir det historiske dramaet om Olav Haraldsons kamp for \u00e5 vinne Norge politisk og religi\u00f8st og sammenvevet med en forkortet messe. Verket ble urfremf\u00f8rt i Oslo i 1930 til en utrolig suksess med stor publikumstilstr\u00f8mning. Senere er verket oppf\u00f8rt mange ganger og kan sies \u00e5 ha blitt et nasjonaloratorium.<\/p>\n<p><!--more--><\/p>\n<h4><\/h4>\n<h4><\/h4>\n<h4><\/h4>\n<p><\/p>","protected":false},"excerpt":{"rendered":"<p>Skrevet til 900-\u00e5rsjubileet for helgenkongen Olavs d\u00f8d og kristendommens innf\u00f8ring i Norge, har Ludvig Irgens-Jensens &#8220;Heimferd&#8221; blitt st\u00e5ende som Norges nasjonaloratorium og nasjonalmonument.<\/p>\n","protected":false},"featured_media":30853,"comment_status":"closed","ping_status":"closed","template":"","meta":[],"product_brand":[],"product_cat":[180],"product_tag":[],"class_list":{"0":"post-30843","1":"product","2":"type-product","3":"status-publish","4":"has-post-thumbnail","6":"product_cat-simax-classics","7":"product_shipping_class-cddvd-shipping","8":"uni_artist_tag-james-mallinson","9":"uni_artist_tag-ludvig-irgens-jensen","10":"uni_artist_tag-ole-kristian-ruud","11":"uni_artist_tag-randi-stene","12":"uni_artist_tag-trondheim-symphony-orchestra","13":"uni_main_artist_tag-trondheim-symphony-orchestra","14":"uni_artist_genre-norwegian","15":"uni_artist_genre-world-premiere-recording","17":"first","18":"outofstock","19":"taxable","20":"shipping-taxable","21":"purchasable","22":"product-type-simple"},"_links":{"self":[{"href":"https:\/\/grappa.no\/no\/wp-json\/wp\/v2\/product\/30843","targetHints":{"allow":["GET"]}}],"collection":[{"href":"https:\/\/grappa.no\/no\/wp-json\/wp\/v2\/product"}],"about":[{"href":"https:\/\/grappa.no\/no\/wp-json\/wp\/v2\/types\/product"}],"replies":[{"embeddable":true,"href":"https:\/\/grappa.no\/no\/wp-json\/wp\/v2\/comments?post=30843"}],"wp:featuredmedia":[{"embeddable":true,"href":"https:\/\/grappa.no\/no\/wp-json\/wp\/v2\/media\/30853"}],"wp:attachment":[{"href":"https:\/\/grappa.no\/no\/wp-json\/wp\/v2\/media?parent=30843"}],"wp:term":[{"taxonomy":"product_brand","embeddable":true,"href":"https:\/\/grappa.no\/no\/wp-json\/wp\/v2\/product_brand?post=30843"},{"taxonomy":"product_cat","embeddable":true,"href":"https:\/\/grappa.no\/no\/wp-json\/wp\/v2\/product_cat?post=30843"},{"taxonomy":"product_tag","embeddable":true,"href":"https:\/\/grappa.no\/no\/wp-json\/wp\/v2\/product_tag?post=30843"}],"curies":[{"name":"wp","href":"https:\/\/api.w.org\/{rel}","templated":true}]}}