{"id":30842,"date":"1992-01-08T00:00:00","date_gmt":"1992-01-07T23:00:00","guid":{"rendered":"http:\/\/www.grappa.no\/no\/albums\/ukategorisert\/geirr-tveitt-orchestral-works\/"},"modified":"2025-09-11T11:00:26","modified_gmt":"2025-09-11T10:00:26","slug":"geirr-tveitt-orchestral-works","status":"publish","type":"product","link":"https:\/\/grappa.no\/no\/albums\/simax-classics\/geirr-tveitt-orchestral-works\/","title":{"rendered":"Geirr Tveitt Orchestral Works"},"content":{"rendered":"<p><\/p>\n<p>En sofistikert neoklassiker av europeisk merke<\/p>\n<p>Geirr Tveitt er en av norsk musikkhistories mest s\u00e6rpregede tonekunstnere, p\u00e5 samme tid b\u00e5de en gl\u00f8dende nasjonalist med saga og folkemusikk som en viktig inspirasjonskilde, og sofistikert neoklassiker av europeisk merke. En tragisk brann p\u00e5 slektsg\u00e5rden i Hardanger i 1970 tilintetgjorde det meste av hans produksjon. Det som er tilbake av noter og partiturer b\u00e6rer imidlertid bud om et helt unikt kompositorisk verk. P\u00e5 dette albumet fremf\u00f8rer harpist Turid Kniejski og Royal Philharmonic Orchestra, under dirigent Per Dreier, flere av disse gjenlevende verkene.<\/p>\n<p>Geirr Tveitt ble f\u00f8dt i det samme distriktet som det norske nasjonalinstrumentet hardingfela stammer fra, og man finner karakteristiske trekk fra hardingfelemusikken som en melodisk og rytmisk understr\u00f8m i flere hans verker \u2013 ikke minst i \u201dHundrad Folketonar fr\u00e5 Hardanger\u201d. Tveitt skrev ned over 1000 folkemelodier og dette verket er en orkesterbearbeidelse av 100 av disse. Disse ble sammenstilt i suiter med 15 folketoner i hver, og fire av suitene er i dag i behold. Her fremf\u00f8res den f\u00f8rste av disse, \u201dsm\u00e5 perler av musikalsk oppfinnsomhet,\u201d som en kritiker har beskrevet det, sammen med Tveitts originale og fascinerende \u201dHarpekonsert nr. 2\u201d, preget av sjelden klangfantasi, og \u201dNykken\u201d, med undertittelen \u201dsymfonisk maleri for orkester\u201d, hvor gamle norsk sagn er lagt til grunn for den symfoniske utformingen.<\/p>\n<p><!--more--><\/p>\n<h4><\/h4>\n<h4><\/h4>\n<h4><\/h4>\n<p><\/p>","protected":false},"excerpt":{"rendered":"<p>Geirr Tveitt er en av norsk musikkhistories mest s\u00e6rpregede tonekunstnere, p\u00e5 samme tid b\u00e5de en gl\u00f8dende nasjonalist med saga og folkemusikk som en viktig inspirasjonskilde, og sofistikert neoklassiker av europeisk merke.<\/p>\n","protected":false},"featured_media":30852,"comment_status":"closed","ping_status":"closed","template":"","meta":[],"product_brand":[],"product_cat":[180],"product_tag":[],"class_list":{"0":"post-30842","1":"product","2":"type-product","3":"status-publish","4":"has-post-thumbnail","6":"product_cat-simax-classics","7":"product_shipping_class-cddvd-shipping","8":"uni_artist_tag-arne-peter-rognan","9":"uni_artist_tag-geirr-tveitt","10":"uni_artist_tag-per-dreier","11":"uni_artist_tag-royal-philharmonic-orchestra","12":"uni_artist_tag-turid-kniejski","13":"uni_main_artist_tag-royal-philharmonic-orchestra","14":"uni_artist_genre-norwegian","15":"uni_artist_genre-orchestral","17":"first","18":"outofstock","19":"taxable","20":"shipping-taxable","21":"purchasable","22":"product-type-simple"},"_links":{"self":[{"href":"https:\/\/grappa.no\/no\/wp-json\/wp\/v2\/product\/30842","targetHints":{"allow":["GET"]}}],"collection":[{"href":"https:\/\/grappa.no\/no\/wp-json\/wp\/v2\/product"}],"about":[{"href":"https:\/\/grappa.no\/no\/wp-json\/wp\/v2\/types\/product"}],"replies":[{"embeddable":true,"href":"https:\/\/grappa.no\/no\/wp-json\/wp\/v2\/comments?post=30842"}],"wp:featuredmedia":[{"embeddable":true,"href":"https:\/\/grappa.no\/no\/wp-json\/wp\/v2\/media\/30852"}],"wp:attachment":[{"href":"https:\/\/grappa.no\/no\/wp-json\/wp\/v2\/media?parent=30842"}],"wp:term":[{"taxonomy":"product_brand","embeddable":true,"href":"https:\/\/grappa.no\/no\/wp-json\/wp\/v2\/product_brand?post=30842"},{"taxonomy":"product_cat","embeddable":true,"href":"https:\/\/grappa.no\/no\/wp-json\/wp\/v2\/product_cat?post=30842"},{"taxonomy":"product_tag","embeddable":true,"href":"https:\/\/grappa.no\/no\/wp-json\/wp\/v2\/product_tag?post=30842"}],"curies":[{"name":"wp","href":"https:\/\/api.w.org\/{rel}","templated":true}]}}