{"id":30841,"date":"1992-01-26T00:00:00","date_gmt":"1992-01-25T23:00:00","guid":{"rendered":"http:\/\/www.grappa.no\/no\/albums\/ukategorisert\/sverre-jordan\/"},"modified":"2019-02-22T15:49:59","modified_gmt":"2019-02-22T14:49:59","slug":"sverre-jordan","status":"publish","type":"product","link":"https:\/\/grappa.no\/no\/albums\/simax-classics\/sverre-jordan\/","title":{"rendered":"Sverre Jordan"},"content":{"rendered":"<p><\/p>\n<p>En formens og skj\u00f8nnklangens mann<\/p>\n<p>Sverre Jordan var som kunstner en meget allsidig skikkelse. Hans komposisjoner spenner fra de enkle og intime sanger til store symfoniske verker og kantater, og han fikk et langt og rikt virke som pianist og akkompagnat\u00f8r, dirigent, arrang\u00f8r, forsker, skribent og organisator. Tidligere musikksjef Kristian Lange i NRK karakteriserte Sverre Jordans musikk som runnen av \u201cb\u00e5de inspirasjon og fantasi, samtidig som en utvetydighet og tiltalende gir inntrykk av den kresenhet og fine kritiske evne som komponisten har. Han er en formens og skj\u00f8nnklangens mann, disse to tingene er etter alt \u00e5 d\u00f8mme de ubrytelige lover for hans kunst. Det er en kunst som oppfyller et av de edleste kravene som stilles til den: Den gir sinnet hvile, og hvile i skj\u00f8nnhet.\u201d<\/p>\n<p>Bergen Filharmoniske Orkester og dirigent Karsten Andersen har med seg et stjernelag av solister for \u00e5 fremf\u00f8re Sverre Jordans verker p\u00e5 dette albumet. Toralv Maurstad resiterer en diktsamling av Knut Hamsun i Jordans \u201dFeberdigte\u201d. Musikken f\u00f8lger Hamsuns febrile tekst nesten p\u00e5 en hamsunsk mystisk m\u00e5te: iblant med nesten abstrakte poetiske bilder, iblant med sv\u00e6rt konkrete virkemidler. Jordan komponerte over 200 sanger, og her fremf\u00f8rer sopran Kari L\u00f8vaas en rekke av disse verkene som var med p\u00e5 \u00e5 skaffe komponisten et internasjonalt ry. Videre er Jens Harald Bratlie solist i \u201dConcerto Piccolo for klaver og orkester\u201d, en tredelt liten konsert med b\u00e5de et lyrisk og lysere betont uttrykk. Alene fremf\u00f8rer ogs\u00e5 Bergen Filharmoniske Orkester Jordans \u201dHolbergsilhouetter\u201d, seks skildringer av ulike figurer fra Holbergs komedier.<\/p>\n<p><!--more--><\/p>\n<h4><\/h4>\n<\/p>\n<h4><\/h4>\n<p><h4><\/h4>\n<\/p>\n<p><\/p>","protected":false},"excerpt":{"rendered":"<p>Sverre Jordan &amp;quot;er en formens og skj\u00f8nnklangens mann, disse to tingene er etter alt \u00e5 d\u00f8mme de ubrytelige lover for hans kunst. Det er en kunst som oppfyller et av de edleste kravene som stilles til den: Den gir sinnet hvile, og hvile i skj\u00f8nnhet.\u201d [Kristian Lange \/ NRK]<\/p>\n","protected":false},"featured_media":30850,"comment_status":"closed","ping_status":"open","template":"","meta":[],"product_brand":[],"product_cat":[180],"product_tag":[],"class_list":{"0":"post-30841","1":"product","2":"type-product","3":"status-publish","4":"has-post-thumbnail","6":"product_cat-simax-classics","7":"product_shipping_class-cddvd-shipping","8":"uni_artist_tag-arild-erikstad","9":"uni_artist_tag-bergen-philharmonic-orchestra","10":"uni_artist_tag-jens-harald-bratlie","11":"uni_artist_tag-kari-lovaas","12":"uni_artist_tag-karsten-andersen","13":"uni_artist_tag-sverre-jordan","14":"uni_artist_tag-toralv-maurstad","15":"uni_main_artist_tag-bergen-philharmonic-orchestra","16":"uni_artist_genre-orchestral","18":"first","19":"instock","20":"taxable","21":"shipping-taxable","22":"purchasable","23":"product-type-simple"},"_links":{"self":[{"href":"https:\/\/grappa.no\/no\/wp-json\/wp\/v2\/product\/30841","targetHints":{"allow":["GET"]}}],"collection":[{"href":"https:\/\/grappa.no\/no\/wp-json\/wp\/v2\/product"}],"about":[{"href":"https:\/\/grappa.no\/no\/wp-json\/wp\/v2\/types\/product"}],"replies":[{"embeddable":true,"href":"https:\/\/grappa.no\/no\/wp-json\/wp\/v2\/comments?post=30841"}],"wp:featuredmedia":[{"embeddable":true,"href":"https:\/\/grappa.no\/no\/wp-json\/wp\/v2\/media\/30850"}],"wp:attachment":[{"href":"https:\/\/grappa.no\/no\/wp-json\/wp\/v2\/media?parent=30841"}],"wp:term":[{"taxonomy":"product_brand","embeddable":true,"href":"https:\/\/grappa.no\/no\/wp-json\/wp\/v2\/product_brand?post=30841"},{"taxonomy":"product_cat","embeddable":true,"href":"https:\/\/grappa.no\/no\/wp-json\/wp\/v2\/product_cat?post=30841"},{"taxonomy":"product_tag","embeddable":true,"href":"https:\/\/grappa.no\/no\/wp-json\/wp\/v2\/product_tag?post=30841"}],"curies":[{"name":"wp","href":"https:\/\/api.w.org\/{rel}","templated":true}]}}