{"id":30840,"date":"1992-02-05T00:00:00","date_gmt":"1992-02-04T23:00:00","guid":{"rendered":"http:\/\/www.grappa.no\/no\/albums\/ukategorisert\/arvid-kleven\/"},"modified":"2019-02-22T15:49:55","modified_gmt":"2019-02-22T14:49:55","slug":"arvid-kleven","status":"publish","type":"product","link":"https:\/\/grappa.no\/no\/albums\/simax-classics\/arvid-kleven\/","title":{"rendered":"Arvid Kleven"},"content":{"rendered":"<p><\/p>\n<p>Det uforl\u00f8ste nye<\/p>\n<p>Arvid Kleven ble med sin altfor tidlige bortgang et symbol p\u00e5 det uforl\u00f8ste nye i den konservative mellomkrigstiden. I en tid da en nasjonal, tradisjonspreget tone var idealet i musikken, v\u00e5get Kleven som f\u00e5 andre \u00e5 la seg inspirere av kontinentale, modernistiske str\u00f8mninger. Hans fargesterke, raffinerte klanger og dristige dissonansbruk m\u00f8tte liten forst\u00e5else, men de fleste var enige om hans talent, s\u00e6rlig n\u00e5r det gjaldt instrumentering. Kleven rakk likevel \u00e5 komponere flere verker av betydelig format. Han debuterte i 1922 med orkesterverket \u201dLotusland\u201d i fransk impresjonistisk stil, og utviklet seg senere i mer ekspressiv retning gjennom verker som \u201dSkogens s\u00f8vn\u201d og fiolinsonaten. <\/p>\n<p>Kringkastingsorkesteret, under dirigent Christian Eggen, \u00e5pner dette albumet med det Debussy-pregede symfoniske diktet \u201dLotusland\u201d. Verkets dr\u00f8mmeaktige stemning deles opp i statiske, improvisasjonslignende ytterdeler og en mer rytmisk og motivisk preget midtdel. Videre f\u00f8lger \u201dSkogens s\u00f8vn\u201d, nok et symfonisk dikt, inspirert av en naturopplevelse \u2013 \u201den overveldende skogstillhet,\u201d som komponisten selv uttalte. Verket har en krassere harmonikk enn f\u00f8r, mer linjebestemt klangoppbygning og mer kontinuerlig klangfargevariasjon. Fiolinist Ole B\u00f8hn og pianist Geir Henning Braaten avslutter albumet med fiolinsonaten, et verk innenfor den klassiske form, men med enda mer utfordrende og dristig harmonikk enn f\u00f8r. I intensitet og uttrykk kan denne sonaten trygt plasseres i fiolinlitteraturens fremste rekker.<\/p>\n<p><!--more--><\/p>\n<h4><\/h4>\n<\/p>\n<h4><\/h4>\n<p><h4><\/h4>\n<\/p>\n<p><\/p>","protected":false},"excerpt":{"rendered":"<p>I en tid da en nasjonal, tradisjonspreget tone var idealet i musikken, v\u00e5get Arvid Kleven som f\u00e5 andre \u00e5 la seg inspirere av kontinentale, modernistiske str\u00f8mninger.<\/p>\n","protected":false},"featured_media":30849,"comment_status":"closed","ping_status":"open","template":"","meta":[],"product_brand":[],"product_cat":[180],"product_tag":[],"class_list":{"0":"post-30840","1":"product","2":"type-product","3":"status-publish","4":"has-post-thumbnail","6":"product_cat-simax-classics","7":"product_shipping_class-cddvd-shipping","8":"uni_artist_tag-arild-erikstad","9":"uni_artist_tag-arne-peter-rognan","10":"uni_artist_tag-arvid-kleven","11":"uni_artist_tag-christian-eggen","12":"uni_artist_tag-geir-henning-braaten","13":"uni_artist_tag-norwegian-radio-orchestra","14":"uni_artist_tag-ole-bohn","15":"uni_main_artist_tag-norwegian-radio-orchestra","16":"uni_artist_genre-chamber-music","17":"uni_artist_genre-orchestral","19":"first","20":"instock","21":"taxable","22":"shipping-taxable","23":"purchasable","24":"product-type-simple"},"_links":{"self":[{"href":"https:\/\/grappa.no\/no\/wp-json\/wp\/v2\/product\/30840","targetHints":{"allow":["GET"]}}],"collection":[{"href":"https:\/\/grappa.no\/no\/wp-json\/wp\/v2\/product"}],"about":[{"href":"https:\/\/grappa.no\/no\/wp-json\/wp\/v2\/types\/product"}],"replies":[{"embeddable":true,"href":"https:\/\/grappa.no\/no\/wp-json\/wp\/v2\/comments?post=30840"}],"wp:featuredmedia":[{"embeddable":true,"href":"https:\/\/grappa.no\/no\/wp-json\/wp\/v2\/media\/30849"}],"wp:attachment":[{"href":"https:\/\/grappa.no\/no\/wp-json\/wp\/v2\/media?parent=30840"}],"wp:term":[{"taxonomy":"product_brand","embeddable":true,"href":"https:\/\/grappa.no\/no\/wp-json\/wp\/v2\/product_brand?post=30840"},{"taxonomy":"product_cat","embeddable":true,"href":"https:\/\/grappa.no\/no\/wp-json\/wp\/v2\/product_cat?post=30840"},{"taxonomy":"product_tag","embeddable":true,"href":"https:\/\/grappa.no\/no\/wp-json\/wp\/v2\/product_tag?post=30840"}],"curies":[{"name":"wp","href":"https:\/\/api.w.org\/{rel}","templated":true}]}}