{"id":30839,"date":"1992-01-31T00:00:00","date_gmt":"1992-01-30T23:00:00","guid":{"rendered":"http:\/\/www.grappa.no\/no\/albums\/ukategorisert\/pauline-hall\/"},"modified":"2019-02-22T15:49:52","modified_gmt":"2019-02-22T14:49:52","slug":"pauline-hall","status":"publish","type":"product","link":"https:\/\/grappa.no\/no\/albums\/simax-classics\/pauline-hall\/","title":{"rendered":"Pauline Hall"},"content":{"rendered":"<p><\/p>\n<p>Ukonvensjonell og kontinental<\/p>\n<p>Sjelden har Norge hatt en s\u00e5 allsidig og ruvende kulturpersonlighet gjennom s\u00e5 lang tid som Pauline Hall. I et halvt \u00e5rhundre var hun en av de mest sentrale, aktive og mangfoldige personligheter i norsk musikkliv. Hun markerte seg innenfor en rekke omr\u00e5der, enten det var som komponist, initiativtaker, administrator, organisator, musikk- og teateranmelder, artikkelforfatter, akkompagnat\u00f8r eller dirigent \u2013 for \u00e5 nevne kun noe. <\/p>\n<p>Musikklivet i Norge var i \u00e5rene 1920-50 konservativt og nasjonalpreget, mens mye nytt br\u00f8t frem ellers i Europa. Der mange norske komponister og kritikere tok avstand fra radikale europeiske retninger, stod Pauline Hall utenfor dette og ble en representant for den franskinspirerte stilen her i landet, med r\u00f8tter tilbake til Debussy, Ravel og Les Six. Med uredd \u00e5penhet for alle nye inntrykk, med sin ukonvensjonelle og kontinentale musikkinnstilling, v\u00e5get Pauline Hall \u00e5 g\u00e5 nye upr\u00f8vde veier her i landet. Hun br\u00f8t mange normer, var en av Nordens fremste og tidligste kvinnelige symfonikere, og gjorde en betydelig innsats for \u00e5 skape et dristig og nyskapende norsk kulturliv. P\u00e5 dette albumet fremf\u00f8rer Kringkastingsorkesteret, under dirigent Christian Eggen, og Bergen Bl\u00e5sekvintett noen av Pauline Halls flotteste orkester- og kammerverker.<\/p>\n<p><!--more--><\/p>\n<h4><\/h4>\n<\/p>\n<h4><\/h4>\n<p><h4><\/h4>\n<\/p>\n<p><\/p>","protected":false},"excerpt":{"rendered":"<p>Kringkastingsorkesteret, under dirigent Christian Eggen, og Bergen Bl\u00e5sekvintett noen av Pauline Halls flotteste orkester- og kammerverker.<\/p>\n","protected":false},"featured_media":30848,"comment_status":"closed","ping_status":"open","template":"","meta":[],"product_brand":[],"product_cat":[180],"product_tag":[],"class_list":{"0":"post-30839","1":"product","2":"type-product","3":"status-publish","4":"has-post-thumbnail","6":"product_cat-simax-classics","7":"product_shipping_class-cddvd-shipping","8":"uni_artist_tag-arild-erikstad","9":"uni_artist_tag-arne-peter-rognan","10":"uni_artist_tag-bergen-wind-quintet","11":"uni_artist_tag-christian-eggen","12":"uni_artist_tag-norwegian-radio-orchestra","13":"uni_artist_tag-pauline-hall","14":"uni_artist_tag-solveig-kringlebotn","15":"uni_main_artist_tag-norwegian-radio-orchestra","16":"uni_artist_genre-chamber-music","17":"uni_artist_genre-orchestral","19":"first","20":"instock","21":"taxable","22":"shipping-taxable","23":"purchasable","24":"product-type-simple"},"_links":{"self":[{"href":"https:\/\/grappa.no\/no\/wp-json\/wp\/v2\/product\/30839","targetHints":{"allow":["GET"]}}],"collection":[{"href":"https:\/\/grappa.no\/no\/wp-json\/wp\/v2\/product"}],"about":[{"href":"https:\/\/grappa.no\/no\/wp-json\/wp\/v2\/types\/product"}],"replies":[{"embeddable":true,"href":"https:\/\/grappa.no\/no\/wp-json\/wp\/v2\/comments?post=30839"}],"wp:featuredmedia":[{"embeddable":true,"href":"https:\/\/grappa.no\/no\/wp-json\/wp\/v2\/media\/30848"}],"wp:attachment":[{"href":"https:\/\/grappa.no\/no\/wp-json\/wp\/v2\/media?parent=30839"}],"wp:term":[{"taxonomy":"product_brand","embeddable":true,"href":"https:\/\/grappa.no\/no\/wp-json\/wp\/v2\/product_brand?post=30839"},{"taxonomy":"product_cat","embeddable":true,"href":"https:\/\/grappa.no\/no\/wp-json\/wp\/v2\/product_cat?post=30839"},{"taxonomy":"product_tag","embeddable":true,"href":"https:\/\/grappa.no\/no\/wp-json\/wp\/v2\/product_tag?post=30839"}],"curies":[{"name":"wp","href":"https:\/\/api.w.org\/{rel}","templated":true}]}}