{"id":30838,"date":"1992-01-24T00:00:00","date_gmt":"1992-01-23T23:00:00","guid":{"rendered":"http:\/\/www.grappa.no\/no\/albums\/ukategorisert\/christian-sinding-der-heilige-berg\/"},"modified":"2019-02-22T15:49:49","modified_gmt":"2019-02-22T14:49:49","slug":"christian-sinding-der-heilige-berg","status":"publish","type":"product","link":"https:\/\/grappa.no\/no\/albums\/simax-classics\/christian-sinding-der-heilige-berg\/","title":{"rendered":"Christian Sinding: Der heilige Berg"},"content":{"rendered":"<p><\/p>\n<p>Christian Sindings eneste opera<\/p>\n<p>\u201dJeg b\u00e6rer den Hat, som jeg vil\u201d, tittelen p\u00e5 en av Christian Sindings romanser, ble ogs\u00e5 brukt som et motto p\u00e5 hans kunst. Etter tre \u00e5rs studier ved konservatoriet i Leipzig, kom han hjem til Oslo, hvor han overrasket det stedlige musikkmilj\u00f8 med bisarr, storslagent uttenkte verker av forskjellig art. Gjennombruddet i Oslo i 1885 og Leipzig 1889 med Klaverkvintetten, op. 5, brakte Sinding i fremste rekke og han gikk inn som tredjemann i den norske gullalders musikalske triumvirat, ved siden av Johan Svendsen og Edvard Grieg. B\u00e5de Wagner og Liszt kan regnes til hans \u00e5ndelige faddere, men den kosmopolitiske symfoniske stil han kom frem til, er preget av originalitet og vidd. <\/p>\n<p>Sindings produksjon omfatter de fleste genrer, og p\u00e5 dette albumet fremf\u00f8rer solister, kor og orkester fra Den Norske Opera, under ledelse av dirigent Heinz Fricke, operaen \u201dDer Heilige Berg\u201d. Sinding var fra ungdommen av opptatt av musikkdramatikk. Etter flere fors\u00f8k p\u00e5 operaprosjekter, var det f\u00f8rst rundt 1910 Sinding fikk realisert sine planer med operaen \u201dDer Heilige Berg\u201d, ferdig skrevet i 1912. Dora Duncker, som skrev librettoen, hadde i tiden omkring \u00e5rhundreskiftet vunnet et navn som forfatter av historiske romaner. Hovedmomentet i librettoen er kj\u00e6rlighetens allmakt. Handlingen utspilles p\u00e5 1800-tallet i et kloster p\u00e5 fjellet Athos i Hellas, blant munker som ved siden av sine bots\u00f8velser driver med sj\u00f8r\u00f8veri. Rekken av bisarre p\u00e5funn og usannsynligheter er lang, alt pakket inn i et sv\u00f8p av etiske tanker og kvasifilosofi, med sterke spor av Wagners musikalske ideer. Et unikt verk i den, i antall, beskjedne norske operalitteraturen.<\/p>\n<p><!--more--><\/p>\n<h4><\/h4>\n<\/p>\n<h4><\/h4>\n<p><h4><\/h4>\n<\/p>\n<p><\/p>","protected":false},"excerpt":{"rendered":"<p>Christian Sindings &#8211; tredjemann i den norske gullalders musikalske triumvirat, ved siden av Johan Svendsen og Edvard Grieg &#8211; eneste opera, fremf\u00f8rt av solister, kor og orkester fra Den Norske Opera.<\/p>\n","protected":false},"featured_media":30847,"comment_status":"closed","ping_status":"open","template":"","meta":[],"product_brand":[],"product_cat":[180],"product_tag":[],"class_list":{"0":"post-30838","1":"product","2":"type-product","3":"status-publish","4":"has-post-thumbnail","6":"product_cat-simax-classics","7":"product_shipping_class-cddvd-shipping","8":"uni_artist_tag-arne-peter-rognan","9":"uni_artist_tag-caj-ehrstedt","10":"uni_artist_tag-christian-sinding","11":"uni_artist_tag-heinz-fricke","12":"uni_artist_tag-jan-sodal","13":"uni_artist_tag-kjersti-ekberg","14":"uni_artist_tag-knut-skram","15":"uni_artist_tag-norwegian-opera-orchestra","16":"uni_artist_tag-oddbjorn-tennfjord","17":"uni_artist_tag-tone-kruse","18":"uni_artist_tag-toril-carlsen","19":"uni_main_artist_tag-norwegian-opera-orchestra","20":"uni_artist_genre-norwegian","21":"uni_artist_genre-opera","23":"first","24":"instock","25":"taxable","26":"shipping-taxable","27":"purchasable","28":"product-type-simple"},"_links":{"self":[{"href":"https:\/\/grappa.no\/no\/wp-json\/wp\/v2\/product\/30838","targetHints":{"allow":["GET"]}}],"collection":[{"href":"https:\/\/grappa.no\/no\/wp-json\/wp\/v2\/product"}],"about":[{"href":"https:\/\/grappa.no\/no\/wp-json\/wp\/v2\/types\/product"}],"replies":[{"embeddable":true,"href":"https:\/\/grappa.no\/no\/wp-json\/wp\/v2\/comments?post=30838"}],"wp:featuredmedia":[{"embeddable":true,"href":"https:\/\/grappa.no\/no\/wp-json\/wp\/v2\/media\/30847"}],"wp:attachment":[{"href":"https:\/\/grappa.no\/no\/wp-json\/wp\/v2\/media?parent=30838"}],"wp:term":[{"taxonomy":"product_brand","embeddable":true,"href":"https:\/\/grappa.no\/no\/wp-json\/wp\/v2\/product_brand?post=30838"},{"taxonomy":"product_cat","embeddable":true,"href":"https:\/\/grappa.no\/no\/wp-json\/wp\/v2\/product_cat?post=30838"},{"taxonomy":"product_tag","embeddable":true,"href":"https:\/\/grappa.no\/no\/wp-json\/wp\/v2\/product_tag?post=30838"}],"curies":[{"name":"wp","href":"https:\/\/api.w.org\/{rel}","templated":true}]}}