{"id":30837,"date":"2000-03-16T00:00:00","date_gmt":"2000-03-15T23:00:00","guid":{"rendered":"http:\/\/www.grappa.no\/no\/albums\/ukategorisert\/remembrance\/"},"modified":"2019-02-22T15:48:10","modified_gmt":"2019-02-22T14:48:10","slug":"remembrance","status":"publish","type":"product","link":"https:\/\/grappa.no\/no\/albums\/simax-classics\/remembrance\/","title":{"rendered":"Remembrance"},"content":{"rendered":"<p><\/p>\n<p>Elg erobrer klassisk<\/p>\n<p>En enkel ni-takters sang av Charles Ives har gitt navnet til dette albumet, \u201dRemembrance\u201d, et samarbeidsprosjekt mellom pianist Grete Helle Rasmussen, komponist og trombonist Helge Havsg\u00e5rd Sunde og den legendariske norske rockevokalisten Elg. Elg har i over ti \u00e5r v\u00e6rt selve stemmen til norsk rock. Han har ved hver enkelt opptreden gjort det klart at han ikke har noen likemann og at ingen har et mer intenst uttrykk i kommunikasjonen av og identifikasjonen med hans materiale. Med sitt stirrende blikk hever han sin pekefinger og ber oss f\u00f8lge n\u00f8ye med: han gj\u00f8r b\u00e5de rock\u00b4n\u00b4roll-arenaen og den klassiske scenen til sitt eget udiskutable domene. <\/p>\n<p>Elg kunne ha forblitt i Dance With a Stranger, et av Norges mest kraftfulle rockeensembler. Helge og Grete kunne ha v\u00e6rt forn\u00f8yd med det raffinerte i deres akademiske hage. Men en stor del av trioens talent er deres nysgjerrighet, s\u00e5 de var n\u00f8dt til \u00e5 bryte ned barrierene mellom deres respektive genre for \u00e5 m\u00f8tes i et musikalsk ingenmannsland \u2013 uten veivisere. Sammen plukket de opp et dusin sanger, Purcell, Schubert, Quilter, Faur\u00e9, Strauss, Ives, Barber, Britten, Berg, Tveitt, et dusin disige sm\u00e5 ravsmykker for v\u00e5rt minne.<\/p>\n<p><!--more--><\/p>\n<h4><\/h4>\n<\/p>\n<h4><\/h4>\n<p><h4><\/h4>\n<\/p>\n<p><\/p>","protected":false},"excerpt":{"rendered":"<p>Dance With a Strangers Elg g\u00e5r sammen med pianist Grete Helle Rasmussen og komponist og trombonist Helge Havsg\u00e5rd Sunde for \u00e5 utforske et musikalsk ingemannsland.<\/p>\n","protected":false},"featured_media":30846,"comment_status":"closed","ping_status":"open","template":"","meta":[],"product_brand":[],"product_cat":[180],"product_tag":[],"class_list":{"0":"post-30837","1":"product","2":"type-product","3":"status-publish","4":"has-post-thumbnail","6":"product_cat-simax-classics","7":"product_shipping_class-cddvd-shipping","8":"uni_artist_tag-alban-berg","9":"uni_artist_tag-benjamin-britten","10":"uni_artist_tag-charles-ives","11":"uni_artist_tag-elg","12":"uni_artist_tag-franz-schubert","13":"uni_artist_tag-gabriel-faure","14":"uni_artist_tag-geirr-tveitt","15":"uni_artist_tag-georg-friedrich-handel","16":"uni_artist_tag-grete-helle-rasmussen","17":"uni_artist_tag-gustav-holst","18":"uni_artist_tag-helge-sunde","19":"uni_artist_tag-henry-purcell","20":"uni_artist_tag-ole-edvard-antonsen","21":"uni_artist_tag-richard-strauss","22":"uni_artist_tag-samuel-barber","23":"uni_artist_tag-swedish-chamber-orchestra-orebro","24":"uni_main_artist_tag-elg","25":"uni_artist_genre-crossover","26":"uni_artist_genre-easy-listening","27":"uni_artist_genre-lieder","29":"first","30":"instock","31":"taxable","32":"shipping-taxable","33":"purchasable","34":"product-type-simple"},"_links":{"self":[{"href":"https:\/\/grappa.no\/no\/wp-json\/wp\/v2\/product\/30837","targetHints":{"allow":["GET"]}}],"collection":[{"href":"https:\/\/grappa.no\/no\/wp-json\/wp\/v2\/product"}],"about":[{"href":"https:\/\/grappa.no\/no\/wp-json\/wp\/v2\/types\/product"}],"replies":[{"embeddable":true,"href":"https:\/\/grappa.no\/no\/wp-json\/wp\/v2\/comments?post=30837"}],"wp:featuredmedia":[{"embeddable":true,"href":"https:\/\/grappa.no\/no\/wp-json\/wp\/v2\/media\/30846"}],"wp:attachment":[{"href":"https:\/\/grappa.no\/no\/wp-json\/wp\/v2\/media?parent=30837"}],"wp:term":[{"taxonomy":"product_brand","embeddable":true,"href":"https:\/\/grappa.no\/no\/wp-json\/wp\/v2\/product_brand?post=30837"},{"taxonomy":"product_cat","embeddable":true,"href":"https:\/\/grappa.no\/no\/wp-json\/wp\/v2\/product_cat?post=30837"},{"taxonomy":"product_tag","embeddable":true,"href":"https:\/\/grappa.no\/no\/wp-json\/wp\/v2\/product_tag?post=30837"}],"curies":[{"name":"wp","href":"https:\/\/api.w.org\/{rel}","templated":true}]}}