{"id":30829,"date":"2000-10-05T00:00:00","date_gmt":"2000-10-04T23:00:00","guid":{"rendered":"http:\/\/www.grappa.no\/no\/albums\/ukategorisert\/second-tale\/"},"modified":"2019-02-22T15:48:01","modified_gmt":"2019-02-22T14:48:01","slug":"second-tale","status":"publish","type":"product","link":"https:\/\/grappa.no\/no\/albums\/simax-classics\/second-tale\/","title":{"rendered":"Second Tale"},"content":{"rendered":"<p><\/p>\n<p>Mellom eksperiment og tradisjon<\/p>\n<p>Saksofonen har vist seg interessant for dagens komponister: Det store uttrykksregisteret spenner fra de r\u00e5este, mest st\u00f8yende klanger til de mykeste melodilinjer. Det er noe n\u00e6rg\u00e5ende uttrykksfullt og n\u00e6rmest menneskelig over saksofonklangen, uansett sarthet eller r\u00e5skap, enten den skriker eller synger. Saxofon Concentus er blitt en viktig stemme og en verdifull mulighet for dagens norske komponister som igjen har f\u00f8rt til en rekke spesialskrevne verker der kvartetten har hatt oppgaven som b\u00e5de laboratorium og fremf\u00f8ringsarena for de mest aktuelle tendenser i dagens musikk. <\/p>\n<p>I foreningen mellom eksperiment og tradisjon ligger det spesielle ved repertoaret p\u00e5 det foreliggende albumet. Musikalsk fortellingskunst kommer tydelig til uttrykk allerede i tittelen til Lasse Thoresens stort anlagte saksofonkvartett, \u201dRoman\u201d. Som i ethvert lesedrama bys det frem dramatiske situasjoner og motsetninger som s\u00f8ker sin l\u00f8sning: Gester og ornamenter som kan minne om folkemusikk, og klanglige utbrudd inspirert av den franske spektralskolens raffinerte klangbehandling. Dette gir oss et egenartet stykke musikk, som samtidig b\u00e5de kan oppleves som s\u00e6rnorsk og internasjonalt moderne. De tre \u00f8vrige komponistene p\u00e5 denne platen \u2013 Helge Havsg\u00e5rd Sunde, Jon \u00d8ivind Ness og Henrik Hellstenius \u2013 dannet under sin studietid komponistfellesskapet med det ironiske navnet \u201dPling-Plong-generasjonen\u201d, men komponistgruppen hevder at samtidsmusikk ikke lenger beh\u00f8ver \u00e5 oppleves fiendtlig og uforst\u00e5elig, selv om den fortsatt kan v\u00e6re moderne og s\u00f8kende i uttrykket.<\/p>\n<p><!--more--><\/p>\n<h4><\/h4>\n<\/p>\n<h4><\/h4>\n<p><h4><\/h4>\n<\/p>\n<p><\/p>","protected":false},"excerpt":{"rendered":"<p>Saxofon Concentus er blitt en viktig stemme og en verdifull mulighet for dagens norske komponister som har f\u00f8rt til en rekke spesialskrevne verker der kvartetten har hatt oppgaven som b\u00e5de laboratorium og fremf\u00f8ringsarena for de mest aktuelle tendenser i dagens musikk.<\/p>\n","protected":false},"featured_media":30835,"comment_status":"closed","ping_status":"open","template":"","meta":[],"product_brand":[],"product_cat":[180],"product_tag":[],"class_list":{"0":"post-30829","1":"product","2":"type-product","3":"status-publish","4":"has-post-thumbnail","6":"product_cat-simax-classics","7":"product_shipping_class-cddvd-shipping","8":"uni_artist_tag-helge-sunde","9":"uni_artist_tag-henrik-hellstenius","10":"uni_artist_tag-jon-oivind-ness","11":"uni_artist_tag-jorn-pedersen","12":"uni_artist_tag-lasse-thoresen","13":"uni_artist_tag-saxofon-concentus","14":"uni_main_artist_tag-saxofon-concentus","15":"uni_artist_genre-chamber-music","16":"uni_artist_genre-contemporary-music","17":"uni_artist_genre-winds","19":"first","20":"instock","21":"taxable","22":"shipping-taxable","23":"purchasable","24":"product-type-simple"},"_links":{"self":[{"href":"https:\/\/grappa.no\/no\/wp-json\/wp\/v2\/product\/30829","targetHints":{"allow":["GET"]}}],"collection":[{"href":"https:\/\/grappa.no\/no\/wp-json\/wp\/v2\/product"}],"about":[{"href":"https:\/\/grappa.no\/no\/wp-json\/wp\/v2\/types\/product"}],"replies":[{"embeddable":true,"href":"https:\/\/grappa.no\/no\/wp-json\/wp\/v2\/comments?post=30829"}],"wp:featuredmedia":[{"embeddable":true,"href":"https:\/\/grappa.no\/no\/wp-json\/wp\/v2\/media\/30835"}],"wp:attachment":[{"href":"https:\/\/grappa.no\/no\/wp-json\/wp\/v2\/media?parent=30829"}],"wp:term":[{"taxonomy":"product_brand","embeddable":true,"href":"https:\/\/grappa.no\/no\/wp-json\/wp\/v2\/product_brand?post=30829"},{"taxonomy":"product_cat","embeddable":true,"href":"https:\/\/grappa.no\/no\/wp-json\/wp\/v2\/product_cat?post=30829"},{"taxonomy":"product_tag","embeddable":true,"href":"https:\/\/grappa.no\/no\/wp-json\/wp\/v2\/product_tag?post=30829"}],"curies":[{"name":"wp","href":"https:\/\/api.w.org\/{rel}","templated":true}]}}