{"id":30828,"date":"1999-02-11T00:00:00","date_gmt":"1999-02-10T23:00:00","guid":{"rendered":"http:\/\/www.grappa.no\/no\/albums\/ukategorisert\/guitarmusic-of-antoine-de-lhoyer-vol-2\/"},"modified":"2019-02-22T15:47:29","modified_gmt":"2019-02-22T14:47:29","slug":"guitarmusic-of-antoine-de-lhoyer-vol-2","status":"publish","type":"product","link":"https:\/\/grappa.no\/no\/albums\/simax-classics\/guitarmusic-of-antoine-de-lhoyer-vol-2\/","title":{"rendered":"Guitarmusic of Antoine de L&#8217;Hoyer, vol 2"},"content":{"rendered":"<p><\/p>\n<p>Volum to av Antoine de Lhoyers gitarmusikk<\/p>\n<p>Opptil ganske nylig var musikken til Antoine de Lhoyer ukjent for n\u00e6rmest alle gitarister, for ikke \u00e5 snakke om den generelle allmennheten. H\u00f8yst urettferdig, med tanke p\u00e5 at de Lhoyer burde anses som en av de sentrale gitarkomponistene fra 1800-tallet, og definitivt den fremste franske gitarkomponisten gjennom all tid. Duoen Erik Stenstadvold og Martin Haug returnerer nok en gang til de Lhoyers musikk, etter deres forrige album \u201dAntoine de Lhoyer: Music for Two Guitars\u201d (PSC1119), utgitt i 1994 p\u00e5 Simax Classics til bred publikumssuksess, med noen av komponistens st\u00f8rste verker for to gitarer. P\u00e5 dette nye volumet presenterer duoen de Lhoyers \u201cSix Duos Concertans pour Deux Guitares\u201d og \u201cSix S\u00e9r\u00e9nades Faciles pour Deux Guitares\u201d, og representerer dermed hans mindre komposisjoner \u2013 men av like h\u00f8y kvalitet. <\/p>\n<p>Erik Stenstadvold, en respektert autoritet p\u00e5 1800-talls gitar musikk, dets historie og ut\u00f8velsespraksis, og Martin Haug, gitarist, komponist, kunstjournalist og musikkritiker, etablerte deres duo i 1989 med m\u00e5l om \u00e5 presentere originalt 1800-talls repertoar for to gitarer fremf\u00f8rt p\u00e5 periodeinstrumenter. Dette er deres andre album som duo.<\/p>\n<p><!--more--><\/p>\n<h4><\/h4>\n<\/p>\n<h4><\/h4>\n<p><h4><\/h4>\n<\/p>\n<p><\/p>","protected":false},"excerpt":{"rendered":"<p>Etter suksessen med deres f\u00f8rste album returnerer duoen Erik Stenstadvold og Martin Haug nok en gang til Antoine de Lhoyers ukjente, men viktige, gitarmusikk.<\/p>\n","protected":false},"featured_media":30834,"comment_status":"closed","ping_status":"open","template":"","meta":[],"product_brand":[],"product_cat":[180],"product_tag":[],"class_list":{"0":"post-30828","1":"product","2":"type-product","3":"status-publish","4":"has-post-thumbnail","6":"product_cat-simax-classics","7":"product_shipping_class-cddvd-shipping","8":"uni_artist_tag-antoine-de-lhoyer","9":"uni_artist_tag-birgitte-staernes","10":"uni_artist_tag-erik-stenstadvold","11":"uni_artist_tag-martin-haug","12":"uni_main_artist_tag-erik-stenstadvold","13":"uni_artist_genre-chamber-music","14":"uni_artist_genre-early-music","16":"first","17":"instock","18":"taxable","19":"shipping-taxable","20":"purchasable","21":"product-type-simple"},"_links":{"self":[{"href":"https:\/\/grappa.no\/no\/wp-json\/wp\/v2\/product\/30828","targetHints":{"allow":["GET"]}}],"collection":[{"href":"https:\/\/grappa.no\/no\/wp-json\/wp\/v2\/product"}],"about":[{"href":"https:\/\/grappa.no\/no\/wp-json\/wp\/v2\/types\/product"}],"replies":[{"embeddable":true,"href":"https:\/\/grappa.no\/no\/wp-json\/wp\/v2\/comments?post=30828"}],"wp:featuredmedia":[{"embeddable":true,"href":"https:\/\/grappa.no\/no\/wp-json\/wp\/v2\/media\/30834"}],"wp:attachment":[{"href":"https:\/\/grappa.no\/no\/wp-json\/wp\/v2\/media?parent=30828"}],"wp:term":[{"taxonomy":"product_brand","embeddable":true,"href":"https:\/\/grappa.no\/no\/wp-json\/wp\/v2\/product_brand?post=30828"},{"taxonomy":"product_cat","embeddable":true,"href":"https:\/\/grappa.no\/no\/wp-json\/wp\/v2\/product_cat?post=30828"},{"taxonomy":"product_tag","embeddable":true,"href":"https:\/\/grappa.no\/no\/wp-json\/wp\/v2\/product_tag?post=30828"}],"curies":[{"name":"wp","href":"https:\/\/api.w.org\/{rel}","templated":true}]}}